{"id":2380,"date":"2025-11-02T21:24:00","date_gmt":"2025-11-02T21:24:00","guid":{"rendered":"https:\/\/aaportugal.org\/?post_type=product&#038;p=2380"},"modified":"2026-02-16T12:17:41","modified_gmt":"2026-02-16T12:17:41","slug":"xxix-forum-nacional-de-servico-2026","status":"publish","type":"product","link":"https:\/\/aaportugal.org\/en\/product\/xxix-forum-nacional-de-servico-2026\/","title":{"rendered":"XXIX NATIONAL SERVICE FORUM"},"content":{"rendered":"<p><b>S<\/b><b>TEYLER <\/b><b>F<\/b><b>\u00c1TIMA <\/b><b>H<\/b><b>OTEL <\/b><b>\u2013<\/b> <b>F<\/b><b>\u00c1TIMA<\/b><b>,<\/b> <b>21<\/b><b> AND <\/b><b>22<\/b><b> OF FEBRUARY<\/b><\/p>\n<div style=\"text-align: left;\">The 29th National Service Forum, themed \"Service, an opportunity for growth in Sobriety,\" will be held on February 21st and 22nd, 2026, at the Steyler F\u00e1tima Hotel in F\u00e1tima.\u00a0<strong>&#8220;Servi\u00e7o, uma oportunidade de crescimento em Sobriedade&#8221;<\/strong>.<\/div>\n<p style=\"text-align: left;\">Para assistir\/participar em <strong>Zoom<\/strong>, cada membro dever\u00e1 preencher uma inscri\u00e7\u00e3o s\/ estadia e efetuar o respetivo pagamento at\u00e9 ao dia 13 de fevereiro, colocando (Zoom) a seguir ao nome do Grupo a que pertence. Os links a disponibilizar s\u00e3o pessoais e ser\u00e3o enviados a quem se tiver inscrito desta forma.<\/p>\n<div>Registrations without accommodation will be open until the date of the event.<\/div>\n<div><\/div>\n<div><span style=\"font-size: 16px;\">It is very important to complete the registration form fully, remembering to include the fields related to service. If the participant is not currently performing any service in AA, please mention this.<\/span><\/div>\n<div><\/div>\n<div>\n<div>\n<div>\n<div>A inscri\u00e7\u00e3o s\u00f3 se torna efetiva com a rece\u00e7\u00e3o do comprovativo de pagamento (apenas quando feito por transfer\u00eancia banc\u00e1ria).<\/div>\n<p>For any further information, please contact us at <strong>918 504 132<\/strong>\u00a0or by email\u00a0<a href=\"mailto:servico@aaportugal.org\">servico@aaportugal.org<\/a>.<\/p>\n<p><i class=\"fa fa-map-marker\"><\/i>Pra\u00e7a Lu\u00eds Kondor, 33<br \/>\n2495-409<br \/>\nF\u00e1tima<br \/>\nPortugal<\/p>\n<\/div>\n<\/div>\n<\/div>","protected":false},"excerpt":{"rendered":"<p>The 29th National Service Forum, themed \"Service, an opportunity for growth in Sobriety,\" will be held on February 21st and 22nd, 2026, at the Steyler F\u00e1tima Hotel in F\u00e1tima.\u00a0<strong>&#8220;Servi\u00e7o, uma oportunidade de crescimento em Sobriedade&#8221;<\/strong>.<\/p>","protected":false},"featured_media":2418,"template":"","meta":{"site-sidebar-layout":"default","site-content-layout":"","ast-site-content-layout":"default","site-content-style":"default","site-sidebar-style":"default","ast-global-header-display":"","ast-banner-title-visibility":"","ast-main-header-display":"","ast-hfb-above-header-display":"","ast-hfb-below-header-display":"","ast-hfb-mobile-header-display":"","site-post-title":"","ast-breadcrumbs-content":"","ast-featured-img":"","footer-sml-layout":"","ast-disable-related-posts":"","theme-transparent-header-meta":"default","adv-header-id-meta":"","stick-header-meta":"","header-above-stick-meta":"","header-main-stick-meta":"","header-below-stick-meta":"","astra-migrate-meta-layouts":"set","ast-page-background-enabled":"default","ast-page-background-meta":{"desktop":{"background-color":"var(--ast-global-color-5)","background-image":"","background-repeat":"repeat","background-position":"center center","background-size":"auto","background-attachment":"scroll","background-type":"","background-media":"","overlay-type":"","overlay-color":"","overlay-opacity":"","overlay-gradient":""},"tablet":{"background-color":"","background-image":"","background-repeat":"repeat","background-position":"center center","background-size":"auto","background-attachment":"scroll","background-type":"","background-media":"","overlay-type":"","overlay-color":"","overlay-opacity":"","overlay-gradient":""},"mobile":{"background-color":"","background-image":"","background-repeat":"repeat","background-position":"center center","background-size":"auto","background-attachment":"scroll","background-type":"","background-media":"","overlay-type":"","overlay-color":"","overlay-opacity":"","overlay-gradient":""}},"ast-content-background-meta":{"desktop":{"background-color":"var(--ast-global-color-4)","background-image":"","background-repeat":"repeat","background-position":"center center","background-size":"auto","background-attachment":"scroll","background-type":"","background-media":"","overlay-type":"","overlay-color":"","overlay-opacity":"","overlay-gradient":""},"tablet":{"background-color":"var(--ast-global-color-4)","background-image":"","background-repeat":"repeat","background-position":"center center","background-size":"auto","background-attachment":"scroll","background-type":"","background-media":"","overlay-type":"","overlay-color":"","overlay-opacity":"","overlay-gradient":""},"mobile":{"background-color":"var(--ast-global-color-4)","background-image":"","background-repeat":"repeat","background-position":"center center","background-size":"auto","background-attachment":"scroll","background-type":"","background-media":"","overlay-type":"","overlay-color":"","overlay-opacity":"","overlay-gradient":""}},"_price":"0","_stock":null,"_tribe_ticket_header":"","_tribe_default_ticket_provider":"","_ticket_start_date":"","_ticket_end_date":"","_tribe_ticket_show_description":"","_tribe_ticket_show_not_going":false,"_tribe_ticket_use_global_stock":"","_tribe_ticket_global_stock_level":"","_global_stock_mode":"","_global_stock_cap":"","_tribe_rsvp_for_event":"","_tribe_ticket_going_count":"","_tribe_ticket_not_going_count":"","_tribe_tickets_list":"[]","_tribe_ticket_has_attendee_info_fields":false},"product_brand":[],"product_cat":[],"product_tag":[],"class_list":{"0":"post-2380","1":"product","2":"type-product","3":"status-publish","4":"has-post-thumbnail","6":"desktop-align-left","7":"tablet-align-left","8":"mobile-align-left","10":"first","11":"instock","12":"virtual","13":"sold-individually","14":"taxable","15":"purchasable","16":"product-type-simple"},"exclude_global_add_ons":false,"addons":[{"name":"Registration Zoom","type":"checkbox","position":0,"required":false,"title_format":"label","default":"","description_enable":false,"description":"","placeholder_enable":false,"placeholder":"","display":"select","restrictions_type":"any_text","adjust_price":false,"price":"","price_type":"flat_fee","restrictions":false,"min":"0","max":"0","options":[{"label":"Inscri\u00e7\u00e3o","price":"17.50","price_type":"flat_fee","image":0,"visibility":true}],"id":1762120292},{"name":"Participante","type":"custom_text","position":1,"required":true,"title_format":"label","default":"","description_enable":true,"description":"Please provide your name, phone number, home group and service.","placeholder_enable":false,"placeholder":"","display":"select","restrictions_type":"any_text","adjust_price":false,"price":"","price_type":"flat_fee","restrictions":false,"min":"0","max":"0","options":[],"id":1762120163}],"_links":{"self":[{"href":"https:\/\/aaportugal.org\/en\/wp-json\/wp\/v2\/product\/2380","targetHints":{"allow":["GET"]}}],"collection":[{"href":"https:\/\/aaportugal.org\/en\/wp-json\/wp\/v2\/product"}],"about":[{"href":"https:\/\/aaportugal.org\/en\/wp-json\/wp\/v2\/types\/product"}],"wp:featuredmedia":[{"embeddable":true,"href":"https:\/\/aaportugal.org\/en\/wp-json\/wp\/v2\/media\/2418"}],"wp:attachment":[{"href":"https:\/\/aaportugal.org\/en\/wp-json\/wp\/v2\/media?parent=2380"}],"wp:term":[{"taxonomy":"product_brand","embeddable":true,"href":"https:\/\/aaportugal.org\/en\/wp-json\/wp\/v2\/product_brand?post=2380"},{"taxonomy":"product_cat","embeddable":true,"href":"https:\/\/aaportugal.org\/en\/wp-json\/wp\/v2\/product_cat?post=2380"},{"taxonomy":"product_tag","embeddable":true,"href":"https:\/\/aaportugal.org\/en\/wp-json\/wp\/v2\/product_tag?post=2380"}],"curies":[{"name":"wp","href":"https:\/\/api.w.org\/{rel}","templated":true}]}}