{"id":4456,"date":"2026-03-31T07:31:48","date_gmt":"2026-03-31T06:31:48","guid":{"rendered":"https:\/\/aaportugal.org\/?page_id=4456"},"modified":"2026-04-02T10:45:54","modified_gmt":"2026-04-02T09:45:54","slug":"29wsm","status":"publish","type":"page","link":"https:\/\/aaportugal.org\/en\/29wsm\/","title":{"rendered":"29WSM"},"content":{"rendered":"<div class=\"wp-block-stackable-image stk-block-image stk-block stk-fccb7dc\" data-block-id=\"fccb7dc\"><style>.stk-fccb7dc .stk-img-wrapper{width:333px !important;}<\/style><figure><span class=\"stk-img-wrapper stk-image--shape-stretch\"><img loading=\"lazy\" decoding=\"async\" class=\"stk-img wp-image-4484\" src=\"https:\/\/aaportugal.org\/wp-content\/uploads\/2026\/04\/Screenshot_20260402_115334_Gallery.jpg\" width=\"518\" height=\"783\" srcset=\"https:\/\/aaportugal.org\/wp-content\/uploads\/2026\/04\/Screenshot_20260402_115334_Gallery.jpg 1080w, https:\/\/aaportugal.org\/wp-content\/uploads\/2026\/04\/Screenshot_20260402_115334_Gallery-200x300.jpg 200w, https:\/\/aaportugal.org\/wp-content\/uploads\/2026\/04\/Screenshot_20260402_115334_Gallery-682x1024.jpg 682w, https:\/\/aaportugal.org\/wp-content\/uploads\/2026\/04\/Screenshot_20260402_115334_Gallery-768x1153.jpg 768w, https:\/\/aaportugal.org\/wp-content\/uploads\/2026\/04\/Screenshot_20260402_115334_Gallery-1023x1536.jpg 1023w, https:\/\/aaportugal.org\/wp-content\/uploads\/2026\/04\/Screenshot_20260402_115334_Gallery-8x12.jpg 8w, https:\/\/aaportugal.org\/wp-content\/uploads\/2026\/04\/Screenshot_20260402_115334_Gallery-600x901.jpg 600w\" sizes=\"auto, (max-width: 518px) 100vw, 518px\" \/><\/span><\/figure><\/div>\n\n\n\n<h2 class=\"wp-block-heading has-text-align-center\">29th World Service Meeting<\/h2>\n\n\n\n<div class=\"wp-block-stackable-text stk-block-text stk-block stk-9d30537\" data-block-id=\"9d30537\"><style>.stk-9d30537 {margin-bottom:0px !important;}<\/style><p class=\"stk-block-text__text\">Portugal was chosen to host the 29th A.A. World Service Meeting, a decision made at the last world meeting in New York (2024).<\/p><\/div>\n\n\n\n<div class=\"wp-block-stackable-text stk-block-text stk-block stk-07f603a\" data-block-id=\"07f603a\"><style>.stk-07f603a {margin-bottom:0px !important;}<\/style><p class=\"stk-block-text__text\">This moment fills us with pride \u2013 and also brings a unique opportunity for service.<\/p><\/div>\n\n\n\n<div class=\"wp-block-stackable-text stk-block-text stk-block stk-c952345\" data-block-id=\"c952345\"><style>.stk-c952345 {margin-bottom:0px !important;}<\/style><p class=\"stk-block-text__text\">\ud83d\udcc5 Event date: October 4-8, 2026 <\/p><\/div>\n\n\n\n<div class=\"wp-block-stackable-text stk-block-text stk-block stk-850dd34\" data-block-id=\"850dd34\"><style>.stk-850dd34 {margin-bottom:0px !important;}<\/style><p class=\"stk-block-text__text\">\ud83c\udf0d Delegates arrival: from  October 1 (more than 80 international participants)<\/p><\/div>\n\n\n\n<div class=\"wp-block-stackable-text stk-block-text stk-block stk-f9d908d\" data-block-id=\"f9d908d\"><style>.stk-f9d908d {margin-bottom:0px !important;}<\/style><p class=\"stk-block-text__text\">To ensure a warm and organized welcome, AA Portugal is forming a team of volunteers.<\/p><\/div>\n\n\n\n<div class=\"wp-block-stackable-text stk-block-text stk-block stk-ac25fa3\" data-block-id=\"ac25fa3\"><style>.stk-ac25fa3 {margin-bottom:0px !important;}<\/style><p class=\"stk-block-text__text\">\ud83d\udc49 We are looking for members who:<\/p><\/div>\n\n\n\n<ul class=\"wp-block-list\">\n<li>Have more than <strong>6 months of sobriety.<\/strong><\/li>\n\n\n\n<li>Availability during the day and for travel.<\/li>\n\n\n\n<li>Fluency in <strong>Portuguese and English.<\/strong><\/li>\n\n\n\n<li>Willingness to serve, welcome and support.<\/li>\n\n\n\n<li><strong>\ud83d\udc9b<\/strong><strong> How you can help:<\/strong><\/li>\n<\/ul>\n\n\n\n<ul class=\"wp-block-list\">\n<li>Receiving delegates at the airport.<\/li>\n\n\n\n<li>Accompany them to the hotel.<\/li>\n\n\n\n<li>Support during the event whenever necessary.<\/li>\n<\/ul>\n\n\n\n<div class=\"wp-block-stackable-text stk-block-text stk-block stk-7a53c17\" data-block-id=\"7a53c17\"><style>.stk-7a53c17 {margin-bottom:0px !important;}<\/style><p class=\"stk-block-text__text\">Some delegates may be travelling for the first time \u2013 your presence can make all the difference in a positive welcoming experience.<\/p><\/div>\n\n\n\n<div class=\"wp-block-stackable-text stk-block-text stk-block stk-735aee3\" data-block-id=\"735aee3\"><style>.stk-735aee3 {margin-bottom:0px !important;}<\/style><p class=\"stk-block-text__text\">Note: Volunteers will have no expenses, as the delegates will be responsible for their transportation (taxi\/UBER), and can still be accompanied by members of AA Portugal.<\/p><\/div>\n\n\n\n<div class=\"wp-block-stackable-text stk-block-text stk-block stk-e454c03\" data-block-id=\"e454c03\"><style>.stk-e454c03 {margin-bottom:0px !important;}<\/style><p class=\"stk-block-text__text\">\ud83d\udce9  Want to be part of this mission? Contact us:<\/p><\/div>\n\n\n\n<ul class=\"wp-block-list\">\n<li><a href=\"mailto:porfirio.sampaio@sapo.pt\">porfirio.sampaio@sapo.pt<\/a> | +351 926 562 376<\/li>\n\n\n\n<li><a href=\"mailto:jorgehguerra@sapo.pt\">jorgehguerra@sapo.pt<\/a> | +351 967 244 552<\/li>\n\n\n\n<li><a href=\"mailto:john@helveticag.com\">john@helveticag.com<\/a> | +351 964 158 175<br>WhatsApp: +41 76 411 5098<\/li>\n<\/ul>\n\n\n\n<div class=\"wp-block-stackable-text stk-block-text stk-block stk-4aaff36\" id=\"strong-contamos-contigo-para-mostrar-ao-mundo-o-verdadeiro-espirito-de-aa-em-portugal-strong\" data-block-id=\"4aaff36\"><p class=\"stk-block-text__text has-text-align-center\"><strong>We count on you to show the world the true spirit of AA in Portugal<\/strong><\/p><\/div>","protected":false},"excerpt":{"rendered":"<p>XXIX Reuni\u00e3o Mundial de Servi\u00e7o Portugal foi escolhido para acolher a 29.\u00aa Reuni\u00e3o Mundial de Servi\u00e7o de AA, uma decis\u00e3o tomada na \u00faltima reuni\u00e3o mundial em Nova Iorque (2024). Este [&hellip;]<\/p>\n","protected":false},"author":3,"featured_media":0,"parent":0,"menu_order":0,"comment_status":"closed","ping_status":"closed","template":"","meta":{"site-sidebar-layout":"default","site-content-layout":"","ast-site-content-layout":"default","site-content-style":"default","site-sidebar-style":"default","ast-global-header-display":"","ast-banner-title-visibility":"","ast-main-header-display":"","ast-hfb-above-header-display":"","ast-hfb-below-header-display":"","ast-hfb-mobile-header-display":"","site-post-title":"disabled","ast-breadcrumbs-content":"","ast-featured-img":"","footer-sml-layout":"","ast-disable-related-posts":"","theme-transparent-header-meta":"","adv-header-id-meta":"","stick-header-meta":"","header-above-stick-meta":"","header-main-stick-meta":"","header-below-stick-meta":"","astra-migrate-meta-layouts":"default","ast-page-background-enabled":"default","ast-page-background-meta":{"desktop":{"background-color":"var(--ast-global-color-5)","background-image":"","background-repeat":"repeat","background-position":"center center","background-size":"auto","background-attachment":"scroll","background-type":"","background-media":"","overlay-type":"","overlay-color":"","overlay-opacity":"","overlay-gradient":""},"tablet":{"background-color":"","background-image":"","background-repeat":"repeat","background-position":"center center","background-size":"auto","background-attachment":"scroll","background-type":"","background-media":"","overlay-type":"","overlay-color":"","overlay-opacity":"","overlay-gradient":""},"mobile":{"background-color":"","background-image":"","background-repeat":"repeat","background-position":"center center","background-size":"auto","background-attachment":"scroll","background-type":"","background-media":"","overlay-type":"","overlay-color":"","overlay-opacity":"","overlay-gradient":""}},"ast-content-background-meta":{"desktop":{"background-color":"var(--ast-global-color-4)","background-image":"","background-repeat":"repeat","background-position":"center center","background-size":"auto","background-attachment":"scroll","background-type":"","background-media":"","overlay-type":"","overlay-color":"","overlay-opacity":"","overlay-gradient":""},"tablet":{"background-color":"var(--ast-global-color-4)","background-image":"","background-repeat":"repeat","background-position":"center center","background-size":"auto","background-attachment":"scroll","background-type":"","background-media":"","overlay-type":"","overlay-color":"","overlay-opacity":"","overlay-gradient":""},"mobile":{"background-color":"var(--ast-global-color-4)","background-image":"","background-repeat":"repeat","background-position":"center center","background-size":"auto","background-attachment":"scroll","background-type":"","background-media":"","overlay-type":"","overlay-color":"","overlay-opacity":"","overlay-gradient":""}},"_price":"","_stock":"","_tribe_ticket_header":"","_tribe_default_ticket_provider":"","_ticket_start_date":"","_ticket_end_date":"","_tribe_ticket_show_description":"","_tribe_ticket_show_not_going":false,"_tribe_ticket_use_global_stock":"","_tribe_ticket_global_stock_level":"","_global_stock_mode":"","_global_stock_cap":"","_tribe_rsvp_for_event":"","_tribe_ticket_going_count":"","_tribe_ticket_not_going_count":"","_tribe_tickets_list":"[]","_tribe_ticket_has_attendee_info_fields":false,"footnotes":"","_tec_slr_enabled":"","_tec_slr_layout":""},"class_list":["post-4456","page","type-page","status-publish","hentry"],"ticketed":false,"_links":{"self":[{"href":"https:\/\/aaportugal.org\/en\/wp-json\/wp\/v2\/pages\/4456","targetHints":{"allow":["GET"]}}],"collection":[{"href":"https:\/\/aaportugal.org\/en\/wp-json\/wp\/v2\/pages"}],"about":[{"href":"https:\/\/aaportugal.org\/en\/wp-json\/wp\/v2\/types\/page"}],"author":[{"embeddable":true,"href":"https:\/\/aaportugal.org\/en\/wp-json\/wp\/v2\/users\/3"}],"replies":[{"embeddable":true,"href":"https:\/\/aaportugal.org\/en\/wp-json\/wp\/v2\/comments?post=4456"}],"version-history":[{"count":7,"href":"https:\/\/aaportugal.org\/en\/wp-json\/wp\/v2\/pages\/4456\/revisions"}],"predecessor-version":[{"id":4489,"href":"https:\/\/aaportugal.org\/en\/wp-json\/wp\/v2\/pages\/4456\/revisions\/4489"}],"wp:attachment":[{"href":"https:\/\/aaportugal.org\/en\/wp-json\/wp\/v2\/media?parent=4456"}],"curies":[{"name":"wp","href":"https:\/\/api.w.org\/{rel}","templated":true}]}}