{"id":4149,"date":"2026-02-11T10:11:27","date_gmt":"2026-02-11T10:11:27","guid":{"rendered":"https:\/\/aaportugal.org\/?page_id=4149"},"modified":"2026-04-09T09:59:29","modified_gmt":"2026-04-09T08:59:29","slug":"reuniao-de-novos","status":"publish","type":"page","link":"https:\/\/aaportugal.org\/en\/reuniao-de-novos\/","title":{"rendered":"Reuni\u00e3o de Novos - Area 8"},"content":{"rendered":"<div class=\"wp-block-stackable-text stk-block-text stk-block stk-0a3de1f\" data-block-id=\"0a3de1f\"><p class=\"stk-block-text__text has-text-align-justify\">This meeting, intended for those who are at the beginning of their recovery, aims to be an introduction to the Program and the functioning of Alcoholics Anonymous, based on the sharing of experiences, and is also a space for questions and doubts to be raised.<\/p><\/div>\n\n\n\n<div class=\"wp-block-stackable-text stk-block-text stk-block stk-5bfe9d6\" data-block-id=\"5bfe9d6\"><p class=\"stk-block-text__text has-text-align-justify\">In addition to being meetings especially dedicated to newcomers to AA, they are open to all members who wish to attend, either as participants or observers.<\/p><\/div>\n\n\n\n<div class=\"wp-block-stackable-text stk-block-text stk-block stk-1f73945\" data-block-id=\"1f73945\"><p class=\"stk-block-text__text has-text-align-justify\"><strong>We remind you that this Area 8 initiative is intended for all Groups in all Areas of Alcoholics Anonymous in Portugal.<\/strong><\/p><\/div>\n\n\n\n<div class=\"wp-block-stackable-text stk-block-text stk-block stk-2decae9\" data-block-id=\"2decae9\"><p class=\"stk-block-text__text has-text-align-justify\">Estas reuni\u00f5es s\u00e3o organizadas por ciclos bimestrais de cinco sess\u00f5es, sendo o pr\u00f3ximo de <strong>May 7th to June 4th, every Thursday from 8:00pm to 9:30pm<\/strong><\/p><\/div>\n\n\n\n<div class=\"wp-block-stackable-text stk-block-text stk-block stk-cc220e8\" data-block-id=\"cc220e8\"><p class=\"stk-block-text__text\"><strong>Room open from 7:30 pm<\/strong><\/p><\/div>\n\n\n\n<div class=\"wp-block-stackable-text stk-block-text stk-block stk-b4f4515\" data-block-id=\"b4f4515\"><p class=\"stk-block-text__text\">For any questions, please contact: Maria Jo\u00e3o FM \u2013 933 988 282<\/p><\/div>\n\n\n\n<div class=\"wp-block-stackable-text stk-block-text stk-block stk-c56daae\" data-block-id=\"c56daae\"><p class=\"stk-block-text__text\"><strong>We ask that you share this information with your groups, new members, and anyone else who may be interested.<\/strong><\/p><\/div>\n\n\n\n<div class=\"wp-block-stackable-text stk-block-text stk-block stk-b59e7c3\" data-block-id=\"b59e7c3\"><p class=\"stk-block-text__text\"><\/p><\/div>","protected":false},"excerpt":{"rendered":"<p>Esta reuni\u00e3o, destinada aos que est\u00e3o no in\u00edcio da sua recupera\u00e7\u00e3o, tem como objetivo ser uma introdu\u00e7\u00e3o ao Programa e ao funcionamento de Alco\u00f3licos An\u00f3nimos,&nbsp;baseada na partilha de experi\u00eancias, sendo [&hellip;]<\/p>\n","protected":false},"author":13,"featured_media":0,"parent":0,"menu_order":0,"comment_status":"closed","ping_status":"closed","template":"","meta":{"site-sidebar-layout":"default","site-content-layout":"","ast-site-content-layout":"default","site-content-style":"default","site-sidebar-style":"default","ast-global-header-display":"","ast-banner-title-visibility":"","ast-main-header-display":"","ast-hfb-above-header-display":"","ast-hfb-below-header-display":"","ast-hfb-mobile-header-display":"","site-post-title":"","ast-breadcrumbs-content":"","ast-featured-img":"","footer-sml-layout":"","ast-disable-related-posts":"","theme-transparent-header-meta":"","adv-header-id-meta":"","stick-header-meta":"","header-above-stick-meta":"","header-main-stick-meta":"","header-below-stick-meta":"","astra-migrate-meta-layouts":"default","ast-page-background-enabled":"default","ast-page-background-meta":{"desktop":{"background-color":"var(--ast-global-color-5)","background-image":"","background-repeat":"repeat","background-position":"center center","background-size":"auto","background-attachment":"scroll","background-type":"","background-media":"","overlay-type":"","overlay-color":"","overlay-opacity":"","overlay-gradient":""},"tablet":{"background-color":"","background-image":"","background-repeat":"repeat","background-position":"center center","background-size":"auto","background-attachment":"scroll","background-type":"","background-media":"","overlay-type":"","overlay-color":"","overlay-opacity":"","overlay-gradient":""},"mobile":{"background-color":"","background-image":"","background-repeat":"repeat","background-position":"center center","background-size":"auto","background-attachment":"scroll","background-type":"","background-media":"","overlay-type":"","overlay-color":"","overlay-opacity":"","overlay-gradient":""}},"ast-content-background-meta":{"desktop":{"background-color":"var(--ast-global-color-4)","background-image":"","background-repeat":"repeat","background-position":"center center","background-size":"auto","background-attachment":"scroll","background-type":"","background-media":"","overlay-type":"","overlay-color":"","overlay-opacity":"","overlay-gradient":""},"tablet":{"background-color":"var(--ast-global-color-4)","background-image":"","background-repeat":"repeat","background-position":"center center","background-size":"auto","background-attachment":"scroll","background-type":"","background-media":"","overlay-type":"","overlay-color":"","overlay-opacity":"","overlay-gradient":""},"mobile":{"background-color":"var(--ast-global-color-4)","background-image":"","background-repeat":"repeat","background-position":"center center","background-size":"auto","background-attachment":"scroll","background-type":"","background-media":"","overlay-type":"","overlay-color":"","overlay-opacity":"","overlay-gradient":""}},"_price":"","_stock":"","_tribe_ticket_header":"","_tribe_default_ticket_provider":"","_ticket_start_date":"","_ticket_end_date":"","_tribe_ticket_show_description":"","_tribe_ticket_show_not_going":false,"_tribe_ticket_use_global_stock":"","_tribe_ticket_global_stock_level":"","_global_stock_mode":"","_global_stock_cap":"","_tribe_rsvp_for_event":"","_tribe_ticket_going_count":"","_tribe_ticket_not_going_count":"","_tribe_tickets_list":"[]","_tribe_ticket_has_attendee_info_fields":false,"footnotes":"","_tec_slr_enabled":"","_tec_slr_layout":""},"class_list":["post-4149","page","type-page","status-publish","hentry"],"ticketed":false,"_links":{"self":[{"href":"https:\/\/aaportugal.org\/en\/wp-json\/wp\/v2\/pages\/4149","targetHints":{"allow":["GET"]}}],"collection":[{"href":"https:\/\/aaportugal.org\/en\/wp-json\/wp\/v2\/pages"}],"about":[{"href":"https:\/\/aaportugal.org\/en\/wp-json\/wp\/v2\/types\/page"}],"author":[{"embeddable":true,"href":"https:\/\/aaportugal.org\/en\/wp-json\/wp\/v2\/users\/13"}],"replies":[{"embeddable":true,"href":"https:\/\/aaportugal.org\/en\/wp-json\/wp\/v2\/comments?post=4149"}],"version-history":[{"count":8,"href":"https:\/\/aaportugal.org\/en\/wp-json\/wp\/v2\/pages\/4149\/revisions"}],"predecessor-version":[{"id":4494,"href":"https:\/\/aaportugal.org\/en\/wp-json\/wp\/v2\/pages\/4149\/revisions\/4494"}],"wp:attachment":[{"href":"https:\/\/aaportugal.org\/en\/wp-json\/wp\/v2\/media?parent=4149"}],"curies":[{"name":"wp","href":"https:\/\/api.w.org\/{rel}","templated":true}]}}