{"id":369,"date":"2025-09-21T21:08:37","date_gmt":"2025-09-21T21:08:37","guid":{"rendered":"https:\/\/aaportugal.org\/?page_id=369"},"modified":"2025-12-29T21:53:08","modified_gmt":"2025-12-29T21:53:08","slug":"contact-us","status":"publish","type":"page","link":"https:\/\/aaportugal.org\/en\/contact-us\/","title":{"rendered":"Contact Us"},"content":{"rendered":"<div class=\"wp-block-stackable-columns stk-block-columns stk-block stk-308c42b\" data-block-id=\"308c42b\"><style>.stk-308c42b {margin-top:var(--stk--preset--spacing--none, 0px) !important;margin-bottom:0px !important;}@media screen and (max-width: 1023px){.stk-308c42b {--stk-col-order-1:2 !important;--stk-col-order-2:1 !important;}}@media screen and (max-width: 767px){.stk-308c42b {--stk-col-order-1:1 !important;--stk-col-order-2:2 !important;}}<\/style><div class=\"stk-row stk-inner-blocks stk-block-content stk-content-align stk-308c42b-column\">\n<div class=\"wp-block-stackable-column stk-block-column stk-column stk-block stk-a3dc26d\" data-v=\"4\" data-block-id=\"a3dc26d\"><style>.stk-a3dc26d-inner-blocks{justify-content:center !important;}@media screen and (min-width: 768px) and (max-width: 1023px){.stk-a3dc26d {flex:var(--stk-flex-grow, 1) 1 calc(100% - var(--stk-column-gap, 0px) * 0 \/ 1 ) !important;}}<\/style><div class=\"stk-column-wrapper stk-block-column__content stk-container stk-a3dc26d-container stk--no-background stk--no-padding\"><div class=\"stk--column-flex stk-block-content stk-inner-blocks stk-a3dc26d-inner-blocks\">\n<div class=\"wp-block-group is-layout-constrained wp-block-group-is-layout-constrained\">\n<div class=\"wp-block-stackable-heading stk-block-heading stk-block-heading--v2 stk-block stk-57fcf61\" id=\"heading-placeholder\" data-block-id=\"57fcf61\"><style>.stk-57fcf61 {margin-bottom:16px !important;}<\/style><h2 class=\"stk-block-heading__text\">We will respond as soon as possible.<\/h2><\/div>\n\n\n\n<div class=\"wp-block-stackable-text stk-block-text stk-block stk-3b187b9\" id=\"heading-placeholder\" data-block-id=\"3b187b9\"><style>.stk-3b187b9 {margin-bottom:16px !important;}<\/style><p class=\"stk-block-text__text\"><\/p><\/div>\n<\/div>\n\n\n\n<div class=\"wp-block-stackable-columns stk-block-columns stk-block stk-8b6cc56\" data-block-id=\"8b6cc56\"><style>.stk-8b6cc56-column{flex-wrap:wrap !important;--stk-flex-grow:0 !important;}<\/style><div class=\"stk-row stk-inner-blocks stk-block-content stk-content-align stk-8b6cc56-column\">\n<div class=\"wp-block-stackable-column stk-block-column stk-column stk-block stk-bec3df7\" data-v=\"4\" data-block-id=\"bec3df7\"><style>.stk-bec3df7-container{padding-top:var(--stk--preset--spacing--20, 10px) !important;padding-right:var(--stk--preset--spacing--20, 10px) !important;padding-bottom:var(--stk--preset--spacing--20, 10px) !important;padding-left:var(--stk--preset--spacing--20, 10px) !important;}<\/style><div class=\"stk-column-wrapper stk-block-column__content stk-container stk-bec3df7-container stk-hover-parent\"><div class=\"has-text-align-center-mobile stk-block-content stk-inner-blocks stk-bec3df7-inner-blocks\">\n<div class=\"wp-block-stackable-columns stk-block-columns stk-block stk-b9ab3c6\" data-block-id=\"b9ab3c6\"><style>.stk-b9ab3c6 .stk--block-align-b9ab3c6{align-items:center !important;}<\/style><div class=\"stk-row stk-inner-blocks stk--block-align-b9ab3c6 stk-block-content stk-content-align stk-b9ab3c6-column\">\n<div class=\"wp-block-stackable-column stk-block-column stk-column stk-block stk-7363d3a\" data-v=\"4\" data-block-id=\"7363d3a\"><style>@media screen and (min-width: 768px){.stk-7363d3a {flex:var(--stk-flex-grow, 1) 1 calc(20% - var(--stk-column-gap, 0px) * 1 \/ 2 ) !important;}}<\/style><div class=\"stk-column-wrapper stk-block-column__content stk-container stk-7363d3a-container stk--no-background stk--no-padding\"><div class=\"stk-block-content stk-inner-blocks stk-7363d3a-inner-blocks\">\n<div class=\"wp-block-stackable-icon stk-block-icon has-text-align-center stk-block stk-4bf09e6\" data-block-id=\"4bf09e6\"><span class=\"stk--svg-wrapper\"><div class=\"stk--inner-svg\"><svg style=\"height:0;width:0\"><defs><lineargradient id=\"linear-gradient-4bf09e6\" x1=\"0\" x2=\"100%\" y1=\"0\" y2=\"0\"><stop offset=\"0%\" style=\"stop-opacity:1;stop-color:var(--linear-gradient-4-bf-09-e-6-color-1)\"><\/stop><stop offset=\"100%\" style=\"stop-opacity:1;stop-color:var(--linear-gradient-4-bf-09-e-6-color-2)\"><\/stop><\/lineargradient><\/defs><\/svg><svg xmlns=\"http:\/\/www.w3.org\/2000\/svg\" viewbox=\"0 0 512 512\" aria-hidden=\"true\" width=\"32\" height=\"32\"><path d=\"M64 112c-8.8 0-16 7.2-16 16v22.1L220.5 291.7c20.7 17 50.4 17 71.1 0L464 150.1V128c0-8.8-7.2-16-16-16H64zM48 212.2V384c0 8.8 7.2 16 16 16H448c8.8 0 16-7.2 16-16V212.2L322 328.8c-38.4 31.5-93.7 31.5-132 0L48 212.2zM0 128C0 92.7 28.7 64 64 64H448c35.3 0 64 28.7 64 64V384c0 35.3-28.7 64-64 64H64c-35.3 0-64-28.7-64-64V128z\"\/><\/svg><\/div><\/span><\/div>\n<\/div><\/div><\/div>\n\n\n\n<div class=\"wp-block-stackable-column stk-block-column stk-column stk-block stk-70b36f8\" data-v=\"4\" data-block-id=\"70b36f8\"><style>@media screen and (min-width: 768px){.stk-70b36f8 {flex:var(--stk-flex-grow, 1) 1 calc(80% - var(--stk-column-gap, 0px) * 1 \/ 2 ) !important;}}<\/style><div class=\"stk-column-wrapper stk-block-column__content stk-container stk-70b36f8-container stk--no-background stk--no-padding\"><div class=\"stk-block-content stk-inner-blocks stk-70b36f8-inner-blocks\">\n<div class=\"wp-block-stackable-text stk-block-text stk-block stk-84b6b1c\" data-block-id=\"84b6b1c\"><style>.stk-84b6b1c {margin-bottom:2px !important;}.stk-84b6b1c .stk-block-text__text{font-weight:bold !important;}<\/style><p class=\"stk-block-text__text\">Email<\/p><\/div>\n\n\n\n<div class=\"wp-block-stackable-text stk-block-text stk-block stk-1d23178\" data-block-id=\"1d23178\"><p class=\"stk-block-text__text\">info@aaportugal.org<\/p><\/div>\n<\/div><\/div><\/div>\n<\/div><\/div>\n<\/div><\/div><\/div>\n\n\n\n<div class=\"wp-block-stackable-column stk-block-column stk-column stk-block stk-f67c828\" data-v=\"4\" data-block-id=\"f67c828\"><style>.stk-f67c828-container{padding-top:var(--stk--preset--spacing--20, 10px) !important;padding-right:var(--stk--preset--spacing--20, 10px) !important;padding-bottom:var(--stk--preset--spacing--20, 10px) !important;padding-left:var(--stk--preset--spacing--20, 10px) !important;}<\/style><div class=\"stk-column-wrapper stk-block-column__content stk-container stk-f67c828-container stk-hover-parent\"><div class=\"has-text-align-center-mobile stk-block-content stk-inner-blocks stk-f67c828-inner-blocks\">\n<div class=\"wp-block-stackable-columns stk-block-columns stk-block stk-2f605af\" data-block-id=\"2f605af\"><style>.stk-2f605af .stk--block-align-2f605af{align-items:center !important;}<\/style><div class=\"stk-row stk-inner-blocks stk--block-align-2f605af stk-block-content stk-content-align stk-2f605af-column\">\n<div class=\"wp-block-stackable-column stk-block-column stk-column stk-block stk-1bccef9\" data-v=\"4\" data-block-id=\"1bccef9\"><style>@media screen and (min-width: 768px){.stk-1bccef9 {flex:var(--stk-flex-grow, 1) 1 calc(20% - var(--stk-column-gap, 0px) * 1 \/ 2 ) !important;}}<\/style><div class=\"stk-column-wrapper stk-block-column__content stk-container stk-1bccef9-container stk--no-background stk--no-padding\"><div class=\"stk-block-content stk-inner-blocks stk-1bccef9-inner-blocks\">\n<div class=\"wp-block-stackable-icon stk-block-icon has-text-align-center stk-block stk-1fda072\" data-block-id=\"1fda072\"><span class=\"stk--svg-wrapper\"><div class=\"stk--inner-svg\"><svg style=\"height:0;width:0\"><defs><lineargradient id=\"linear-gradient-1fda072\" x1=\"0\" x2=\"100%\" y1=\"0\" y2=\"0\"><stop offset=\"0%\" style=\"stop-opacity:1;stop-color:var(--linear-gradient-1-fda-072-color-1)\"><\/stop><stop offset=\"100%\" style=\"stop-opacity:1;stop-color:var(--linear-gradient-1-fda-072-color-2)\"><\/stop><\/lineargradient><\/defs><\/svg><svg xmlns=\"http:\/\/www.w3.org\/2000\/svg\" viewbox=\"0 0 512 512\" aria-hidden=\"true\" width=\"32\" height=\"32\"><path d=\"M347.1 24.6c7.7-18.6 28-28.5 47.4-23.2l88 24C499.9 30.2 512 46 512 64c0 247.4-200.6 448-448 448c-18 0-33.8-12.1-38.6-29.5l-24-88c-5.3-19.4 4.6-39.7 23.2-47.4l96-40c16.3-6.8 35.2-2.1 46.3 11.6L207.3 368c70.4-33.3 127.4-90.3 160.7-160.7L318.7 167c-13.7-11.2-18.4-30-11.6-46.3l40-96z\"\/><\/svg><\/div><\/span><\/div>\n<\/div><\/div><\/div>\n\n\n\n<div class=\"wp-block-stackable-column stk-block-column stk-column stk-block stk-b1316fa\" data-v=\"4\" data-block-id=\"b1316fa\"><style>@media screen and (min-width: 768px){.stk-b1316fa {flex:var(--stk-flex-grow, 1) 1 calc(80% - var(--stk-column-gap, 0px) * 1 \/ 2 ) !important;}}<\/style><div class=\"stk-column-wrapper stk-block-column__content stk-container stk-b1316fa-container stk--no-background stk--no-padding\"><div class=\"stk-block-content stk-inner-blocks stk-b1316fa-inner-blocks\">\n<div class=\"wp-block-stackable-text stk-block-text stk-block stk-0eec024\" data-block-id=\"0eec024\"><style>.stk-0eec024 {margin-bottom:2px !important;}.stk-0eec024 .stk-block-text__text{font-weight:bold !important;}<\/style><p class=\"stk-block-text__text\">Phone<\/p><\/div>\n\n\n\n<div class=\"wp-block-stackable-text stk-block-text stk-block stk-e8d3ce8\" data-block-id=\"e8d3ce8\"><p class=\"stk-block-text__text\">217162969<\/p><\/div>\n<\/div><\/div><\/div>\n<\/div><\/div>\n<\/div><\/div><\/div>\n<\/div><\/div>\n\n\n\n<div class=\"wp-block-columns is-layout-flex wp-container-core-columns-is-layout-28f84493 wp-block-columns-is-layout-flex\">\n<div class=\"wp-block-column is-layout-flow wp-block-column-is-layout-flow\" style=\"flex-basis:100%\">\n<div class=\"wp-block-group is-layout-constrained wp-block-group-is-layout-constrained\">\n<div class=\"wp-block-group is-layout-constrained wp-block-group-is-layout-constrained\">\n<iframe loading=\"lazy\" width=\"425\" height=\"350\" src=\"https:\/\/www.openstreetmap.org\/export\/embed.html?bbox=-9.15878087282181%2C38.812576504017066%2C-9.15526181459427%2C38.814371772797394&amp;layer=mapnik&amp;marker=38.8134741440634%2C-9.157021343708038\" style=\"border: 1px solid black\"><\/iframe><br\/><small><a href=\"https:\/\/www.openstreetmap.org\/?mlat=38.813474&amp;mlon=-9.157021#map=19\/38.813474\/-9.157021\">View Larger Map<\/a><\/small>\n<\/div>\n<\/div>\n<\/div>\n<\/div>\n<\/div><\/div><\/div>\n\n\n\n<div class=\"wp-block-stackable-column stk-block-column stk-column stk-block stk-6a575de\" data-v=\"4\" data-block-id=\"6a575de\"><style>.stk-6a575de {padding-top:var(--stk--preset--spacing--40, 1rem) !important;padding-right:var(--stk--preset--spacing--40, 1rem) !important;padding-bottom:var(--stk--preset--spacing--40, 1rem) !important;padding-left:var(--stk--preset--spacing--40, 1rem) !important;}@media screen and (min-width: 768px) and (max-width: 1023px){.stk-6a575de {flex:var(--stk-flex-grow, 1) 1 calc(100% - var(--stk-column-gap, 0px) * 0 \/ 1 ) !important;}}<\/style><div class=\"stk-column-wrapper stk-block-column__content stk-container stk-6a575de-container stk--no-background stk--no-padding\"><div class=\"stk-block-content stk-inner-blocks stk-6a575de-inner-blocks\">\n<div class=\"wp-block-contact-form-7-contact-form-selector\">\n<div class=\"wpcf7 no-js\" id=\"wpcf7-f2713-o1\" lang=\"en-US\" dir=\"ltr\" data-wpcf7-id=\"2713\">\n<div class=\"screen-reader-response\"><p role=\"status\" aria-live=\"polite\" aria-atomic=\"true\"><\/p> <ul><\/ul><\/div>\n<form action=\"\/en\/wp-json\/wp\/v2\/pages\/369#wpcf7-f2713-o1\" method=\"post\" class=\"wpcf7-form init\" aria-label=\"Contact form\" novalidate=\"novalidate\" data-status=\"init\" data-trp-original-action=\"\/en\/wp-json\/wp\/v2\/pages\/369#wpcf7-f2713-o1\">\n<fieldset class=\"hidden-fields-container\"><input type=\"hidden\" name=\"_wpcf7\" value=\"2713\" \/><input type=\"hidden\" name=\"_wpcf7_version\" value=\"6.1.5\" \/><input type=\"hidden\" name=\"_wpcf7_locale\" value=\"en_US\" \/><input type=\"hidden\" name=\"_wpcf7_unit_tag\" value=\"wpcf7-f2713-o1\" \/><input type=\"hidden\" name=\"_wpcf7_container_post\" value=\"0\" \/><input type=\"hidden\" name=\"_wpcf7_posted_data_hash\" value=\"\" \/>\n<\/fieldset>\n<p><label> Name<br \/>\n<span class=\"wpcf7-form-control-wrap\" data-name=\"your-name\"><input size=\"40\" maxlength=\"400\" class=\"wpcf7-form-control wpcf7-text wpcf7-validates-as-required\" aria-required=\"true\" aria-invalid=\"false\" value=\"\" type=\"text\" name=\"your-name\" \/><\/span> <\/label>\n<\/p>\n<p><label> Email<br \/>\n<span class=\"wpcf7-form-control-wrap\" data-name=\"email\"><input size=\"40\" maxlength=\"400\" class=\"wpcf7-form-control wpcf7-email wpcf7-validates-as-required wpcf7-text wpcf7-validates-as-email\" autocomplete=\"email\" aria-required=\"true\" aria-invalid=\"false\" value=\"\" type=\"email\" name=\"email\" \/><\/span> <\/label>\n<\/p>\n<p><label> Phone<br \/>\n<span class=\"wpcf7-form-control-wrap\" data-name=\"phone\"><input size=\"40\" maxlength=\"400\" class=\"wpcf7-form-control wpcf7-tel wpcf7-validates-as-required wpcf7-text wpcf7-validates-as-tel\" autocomplete=\"tel\" aria-required=\"true\" aria-invalid=\"false\" value=\"\" type=\"tel\" name=\"phone\" \/><\/span> <\/label>\n<\/p>\n<p><label> Message<br \/>\n<span class=\"wpcf7-form-control-wrap\" data-name=\"message\"><textarea cols=\"40\" rows=\"10\" maxlength=\"2000\" class=\"wpcf7-form-control wpcf7-textarea wpcf7-validates-as-required\" aria-required=\"true\" aria-invalid=\"false\" name=\"message\"><\/textarea><\/span> <\/label>\n<\/p>\n<div class=\"wpcf7-turnstile cf-turnstile\" data-sitekey=\"0x4AAAAAACH8Pj4Dwzfk9iHG\" data-response-field-name=\"_wpcf7_turnstile_response\"><\/div>\n<p><input class=\"wpcf7-form-control wpcf7-submit has-spinner\" type=\"submit\" value=\"Submit\" \/>\n<\/p><div class=\"wpcf7-response-output\" aria-hidden=\"true\"><\/div>\n<input type=\"hidden\" name=\"trp-form-language\" value=\"en\"\/><\/form>\n<\/div>\n<\/div>\n<\/div><\/div><\/div>\n<\/div><\/div>\n\n\n\n<div class=\"wp-block-stackable-text stk-block-text stk-block stk-1f725bb\" data-block-id=\"1f725bb\"><style>.stk-1f725bb {margin-bottom:0px !important;}<\/style><p class=\"stk-block-text__text\">Alcoholics Anonymous Portugal<\/p><\/div>\n\n\n\n<div class=\"wp-block-stackable-text stk-block-text stk-block stk-15b66c9\" data-block-id=\"15b66c9\"><style>.stk-15b66c9 {margin-bottom:0px !important;}<\/style><p class=\"stk-block-text__text\">Pra\u00e7a Dom Miguel I 3C, 2660-310 Santo Ant\u00f3nio dos Cavaleiros<\/p><\/div>\n\n\n\n<div class=\"wp-block-stackable-button-group stk-block-button-group stk-block stk-4ba7461\" data-block-id=\"4ba7461\"><div class=\"stk-row stk-inner-blocks stk-block-content stk-button-group\">\n<div class=\"wp-block-stackable-icon-button stk-block-icon-button stk-block stk-20391ea\" data-block-id=\"20391ea\"><style>.stk-20391ea .stk-button{border-top-left-radius:var(--stk--preset--border-radius--medium, 8px) !important;border-top-right-radius:var(--stk--preset--border-radius--medium, 8px) !important;border-bottom-right-radius:var(--stk--preset--border-radius--medium, 8px) !important;border-bottom-left-radius:var(--stk--preset--border-radius--medium, 8px) !important;}<\/style><a class=\"stk-link stk-button stk--hover-effect-darken\" href=\"https:\/\/www.facebook.com\/alcoolicosanonimospt\/\" target=\"_blank\" rel=\"noreferrer noopener\"><span class=\"stk--svg-wrapper\"><div class=\"stk--inner-svg\"><svg data-prefix=\"fab\" data-icon=\"facebook-square\" class=\"svg-inline--fa fa-facebook-square fa-w-14\" xmlns=\"http:\/\/www.w3.org\/2000\/svg\" viewbox=\"0 0 448 512\" aria-hidden=\"true\" width=\"32\" height=\"32\"><path fill=\"currentColor\" d=\"M400 32H48A48 48 0 0 0 0 80v352a48 48 0 0 0 48 48h137.25V327.69h-63V256h63v-54.64c0-62.15 37-96.48 93.67-96.48 27.14 0 55.52 4.84 55.52 4.84v61h-31.27c-30.81 0-40.42 19.12-40.42 38.73V256h68.78l-11 71.69h-57.78V480H400a48 48 0 0 0 48-48V80a48 48 0 0 0-48-48z\"><\/path><\/svg><\/div><\/span><\/a><\/div>\n\n\n\n<div class=\"wp-block-stackable-icon-button stk-block-icon-button stk-block stk-c82bb8c\" data-block-id=\"c82bb8c\"><style>.stk-c82bb8c .stk-button{border-top-left-radius:var(--stk--preset--border-radius--medium, 8px) !important;border-top-right-radius:var(--stk--preset--border-radius--medium, 8px) !important;border-bottom-right-radius:var(--stk--preset--border-radius--medium, 8px) !important;border-bottom-left-radius:var(--stk--preset--border-radius--medium, 8px) !important;}<\/style><a class=\"stk-link stk-button stk--hover-effect-darken\" href=\"https:\/\/www.instagram.com\/alcoolicosanonimos_pt\/\" target=\"_blank\" rel=\"noreferrer noopener\"><span class=\"stk--svg-wrapper\"><div class=\"stk--inner-svg\"><svg data-prefix=\"fab\" data-icon=\"instagram\" class=\"svg-inline--fa fa-instagram fa-w-14\" xmlns=\"http:\/\/www.w3.org\/2000\/svg\" viewbox=\"0 0 448 512\" aria-hidden=\"true\" width=\"32\" height=\"32\"><path fill=\"currentColor\" d=\"M224.1 141c-63.6 0-114.9 51.3-114.9 114.9s51.3 114.9 114.9 114.9S339 319.5 339 255.9 287.7 141 224.1 141zm0 189.6c-41.1 0-74.7-33.5-74.7-74.7s33.5-74.7 74.7-74.7 74.7 33.5 74.7 74.7-33.6 74.7-74.7 74.7zm146.4-194.3c0 14.9-12 26.8-26.8 26.8-14.9 0-26.8-12-26.8-26.8s12-26.8 26.8-26.8 26.8 12 26.8 26.8zm76.1 27.2c-1.7-35.9-9.9-67.7-36.2-93.9-26.2-26.2-58-34.4-93.9-36.2-37-2.1-147.9-2.1-184.9 0-35.8 1.7-67.6 9.9-93.9 36.1s-34.4 58-36.2 93.9c-2.1 37-2.1 147.9 0 184.9 1.7 35.9 9.9 67.7 36.2 93.9s58 34.4 93.9 36.2c37 2.1 147.9 2.1 184.9 0 35.9-1.7 67.7-9.9 93.9-36.2 26.2-26.2 34.4-58 36.2-93.9 2.1-37 2.1-147.8 0-184.8zM398.8 388c-7.8 19.6-22.9 34.7-42.6 42.6-29.5 11.7-99.5 9-132.1 9s-102.7 2.6-132.1-9c-19.6-7.8-34.7-22.9-42.6-42.6-11.7-29.5-9-99.5-9-132.1s-2.6-102.7 9-132.1c7.8-19.6 22.9-34.7 42.6-42.6 29.5-11.7 99.5-9 132.1-9s102.7-2.6 132.1 9c19.6 7.8 34.7 22.9 42.6 42.6 11.7 29.5 9 99.5 9 132.1s2.7 102.7-9 132.1z\"><\/path><\/svg><\/div><\/span><\/a><\/div>\n<\/div><\/div>","protected":false},"excerpt":{"rendered":"<p>Responderemos o mais breve que nos for poss\u00edvel. Email info@aaportugal.org Phone 217162969 View Larger Map Alco\u00f3licos An\u00f3nimos Portugal Pra\u00e7a Dom Miguel I 3C, 2660-310 Santo Ant\u00f3nio dos Cavaleiros<\/p>","protected":false},"author":1,"featured_media":0,"parent":0,"menu_order":0,"comment_status":"closed","ping_status":"closed","template":"","meta":{"site-sidebar-layout":"default","site-content-layout":"","ast-site-content-layout":"default","site-content-style":"default","site-sidebar-style":"default","ast-global-header-display":"","ast-banner-title-visibility":"","ast-main-header-display":"","ast-hfb-above-header-display":"","ast-hfb-below-header-display":"","ast-hfb-mobile-header-display":"","site-post-title":"","ast-breadcrumbs-content":"","ast-featured-img":"","footer-sml-layout":"","ast-disable-related-posts":"","theme-transparent-header-meta":"","adv-header-id-meta":"","stick-header-meta":"","header-above-stick-meta":"","header-main-stick-meta":"","header-below-stick-meta":"","astra-migrate-meta-layouts":"default","ast-page-background-enabled":"default","ast-page-background-meta":{"desktop":{"background-color":"var(--ast-global-color-5)","background-image":"","background-repeat":"repeat","background-position":"center center","background-size":"auto","background-attachment":"scroll","background-type":"","background-media":"","overlay-type":"","overlay-color":"","overlay-opacity":"","overlay-gradient":""},"tablet":{"background-color":"","background-image":"","background-repeat":"repeat","background-position":"center center","background-size":"auto","background-attachment":"scroll","background-type":"","background-media":"","overlay-type":"","overlay-color":"","overlay-opacity":"","overlay-gradient":""},"mobile":{"background-color":"","background-image":"","background-repeat":"repeat","background-position":"center center","background-size":"auto","background-attachment":"scroll","background-type":"","background-media":"","overlay-type":"","overlay-color":"","overlay-opacity":"","overlay-gradient":""}},"ast-content-background-meta":{"desktop":{"background-color":"var(--ast-global-color-4)","background-image":"","background-repeat":"repeat","background-position":"center center","background-size":"auto","background-attachment":"scroll","background-type":"","background-media":"","overlay-type":"","overlay-color":"","overlay-opacity":"","overlay-gradient":""},"tablet":{"background-color":"var(--ast-global-color-4)","background-image":"","background-repeat":"repeat","background-position":"center center","background-size":"auto","background-attachment":"scroll","background-type":"","background-media":"","overlay-type":"","overlay-color":"","overlay-opacity":"","overlay-gradient":""},"mobile":{"background-color":"var(--ast-global-color-4)","background-image":"","background-repeat":"repeat","background-position":"center center","background-size":"auto","background-attachment":"scroll","background-type":"","background-media":"","overlay-type":"","overlay-color":"","overlay-opacity":"","overlay-gradient":""}},"_price":"","_stock":"","_tribe_ticket_header":"","_tribe_default_ticket_provider":"","_ticket_start_date":"","_ticket_end_date":"","_tribe_ticket_show_description":"","_tribe_ticket_show_not_going":false,"_tribe_ticket_use_global_stock":"","_tribe_ticket_global_stock_level":"","_global_stock_mode":"","_global_stock_cap":"","_tribe_rsvp_for_event":"","_tribe_ticket_going_count":"","_tribe_ticket_not_going_count":"","_tribe_tickets_list":"[]","_tribe_ticket_has_attendee_info_fields":false,"footnotes":"","_tec_slr_enabled":"","_tec_slr_layout":""},"class_list":["post-369","page","type-page","status-publish","hentry"],"ticketed":false,"_links":{"self":[{"href":"https:\/\/aaportugal.org\/en\/wp-json\/wp\/v2\/pages\/369","targetHints":{"allow":["GET"]}}],"collection":[{"href":"https:\/\/aaportugal.org\/en\/wp-json\/wp\/v2\/pages"}],"about":[{"href":"https:\/\/aaportugal.org\/en\/wp-json\/wp\/v2\/types\/page"}],"author":[{"embeddable":true,"href":"https:\/\/aaportugal.org\/en\/wp-json\/wp\/v2\/users\/1"}],"replies":[{"embeddable":true,"href":"https:\/\/aaportugal.org\/en\/wp-json\/wp\/v2\/comments?post=369"}],"version-history":[{"count":41,"href":"https:\/\/aaportugal.org\/en\/wp-json\/wp\/v2\/pages\/369\/revisions"}],"predecessor-version":[{"id":2846,"href":"https:\/\/aaportugal.org\/en\/wp-json\/wp\/v2\/pages\/369\/revisions\/2846"}],"wp:attachment":[{"href":"https:\/\/aaportugal.org\/en\/wp-json\/wp\/v2\/media?parent=369"}],"curies":[{"name":"wp","href":"https:\/\/api.w.org\/{rel}","templated":true}]}}