{"id":3509,"date":"2026-01-18T17:33:56","date_gmt":"2026-01-18T17:33:56","guid":{"rendered":"https:\/\/aaportugal.org\/?page_id=3509"},"modified":"2026-01-18T17:33:58","modified_gmt":"2026-01-18T17:33:58","slug":"partilha-rev-95","status":"publish","type":"page","link":"https:\/\/aaportugal.org\/en\/partilha-rev-95\/","title":{"rendered":"Partilha Rev 95"},"content":{"rendered":"<div class=\"wp-block-stackable-text stk-block-text stk-block stk-5a9c824\" data-block-id=\"5a9c824\"><style>.stk-5a9c824 {margin-bottom:0px !important;}<\/style><p class=\"stk-block-text__text has-text-align-center\"><strong>A ALEGRIA DE PARTILHAR A ALEGRIA<\/strong><\/p><\/div>\n\n\n\n<div class=\"wp-block-stackable-text stk-block-text stk-block stk-3d15acb\" data-block-id=\"3d15acb\"><style>.stk-3d15acb {margin-bottom:0px !important;}<\/style><p class=\"stk-block-text__text\">Hoje, \u00e9 com amor e muita alegria que sinto que devo partilhar esta \u00faltima, convosco. Uma alegria partilhada \u00e9 uma alegria a dobrar.<\/p><\/div>\n\n\n\n<div class=\"wp-block-stackable-text stk-block-text stk-block stk-312fea8\" data-block-id=\"312fea8\"><style>.stk-312fea8 {margin-bottom:0px !important;}<\/style><p class=\"stk-block-text__text\">\u00c9 com imensa gratid\u00e3o que dedico, do fundo do meu cora\u00e7\u00e3o, esta partilha a Alco\u00f3licos An\u00f3nimos.<\/p><\/div>\n\n\n\n<div class=\"wp-block-stackable-text stk-block-text stk-block stk-b3ed658\" data-block-id=\"b3ed658\"><style>.stk-b3ed658 {margin-bottom:0px !important;}<\/style><p class=\"stk-block-text__text\">Foi h\u00e1 algumas vinte e quatro horas que entrei na salinha de reuni\u00f5es do meu grupo base de AA, tr\u00e9mulo, cheio de medo, sem amor e com muita vergonha.<\/p><\/div>\n\n\n\n<div class=\"wp-block-stackable-text stk-block-text stk-block stk-5a0eedb\" data-block-id=\"5a0eedb\"><style>.stk-5a0eedb {margin-bottom:0px !important;}<\/style><p class=\"stk-block-text__text\">Este mundo j\u00e1 n\u00e3o era para mim. Anos e anos de solid\u00e3o, desespero e sofrimento, depois de ter tentado tudo o que me foi poss\u00edvel, finalmente, Alco\u00f3licos An\u00f3nimos.<\/p><\/div>\n\n\n\n<div class=\"wp-block-stackable-text stk-block-text stk-block stk-b1786c0\" data-block-id=\"b1786c0\"><style>.stk-b1786c0 {margin-bottom:0px !important;}<\/style><p class=\"stk-block-text__text\">Foi aqui que comecei a entender o que \u00e9 amor, dar sem esperar nada em troca. Aqui me transformei em aprendiz para toda a minha vida. Deram-me todas as ferramentas necess\u00e1rias para que eu pudesse trabalhar na minha recupera\u00e7\u00e3o. Por fim, uma vida nova nasceu. Sem dor n\u00e3o h\u00e1 crescimento.<\/p><\/div>\n\n\n\n<div class=\"wp-block-stackable-text stk-block-text stk-block stk-3f9fd37\" data-block-id=\"3f9fd37\"><style>.stk-3f9fd37 {margin-bottom:0px !important;}<\/style><p class=\"stk-block-text__text\">E, algumas vinte e quatro horas passadas, comecei a reparar que, com humildade, honestidade e autenticidade, tudo o que para mim estava morto, renasceu.<\/p><\/div>\n\n\n\n<div class=\"wp-block-stackable-text stk-block-text stk-block stk-33feb90\" data-block-id=\"33feb90\"><style>.stk-33feb90 {margin-bottom:0px !important;}<\/style><p class=\"stk-block-text__text\">A luz que chegou at\u00e9 mim, naquele dia 24 de junho de 2019 nunca mais parou de brilhar. Um aut\u00eantico milagre.<\/p><\/div>\n\n\n\n<div class=\"wp-block-stackable-text stk-block-text stk-block stk-b4bdae4\" data-block-id=\"b4bdae4\"><style>.stk-b4bdae4 {margin-bottom:0px !important;}<\/style><p class=\"stk-block-text__text\">Como \u00e9 que foi poss\u00edvel, o farrapo humano, em que um b\u00eabado como eu me tinha tornado, ter ressuscitado.<\/p><\/div>\n\n\n\n<div class=\"wp-block-stackable-text stk-block-text stk-block stk-7559cc5\" data-block-id=\"7559cc5\"><style>.stk-7559cc5 {margin-bottom:0px !important;}<\/style><p class=\"stk-block-text__text\">Aos poucos, o meu modo de olhar para a vida come\u00e7ou a mudar. A inseguran\u00e7a, o medo de olhar para as pessoas e o sofrimento foram desaparecendo.<\/p><\/div>\n\n\n\n<div class=\"wp-block-stackable-text stk-block-text stk-block stk-d156b3b\" data-block-id=\"d156b3b\"><style>.stk-d156b3b {margin-bottom:0px !important;}<\/style><p class=\"stk-block-text__text\">Ao fim de 1124 horas digo, com alegria, que sou um alco\u00f3lico em recupera\u00e7\u00e3o com bastante orgulho por me ter tornado na pessoa que estou a ser hoje. A obsess\u00e3o pelo \u00e1lcool passou, os meus dias e o meu bem-estar n\u00e3o t\u00eam pre\u00e7o.<\/p><\/div>\n\n\n\n<div class=\"wp-block-stackable-text stk-block-text stk-block stk-929d4e2\" data-block-id=\"929d4e2\"><style>.stk-929d4e2 {margin-bottom:0px !important;}<\/style><p class=\"stk-block-text__text\">A vontade de viver voltou, esta alegria que transporto comigo n\u00e3o \u00e9 para ficar em mim, mas sim para partilhar com quem dela precisar.<\/p><\/div>\n\n\n\n<div class=\"wp-block-stackable-text stk-block-text stk-block stk-b9e6109\" data-block-id=\"b9e6109\"><style>.stk-b9e6109 {margin-bottom:0px !important;}<\/style><p class=\"stk-block-text__text\">Quero continuar este programa que \u00e9 simples, que n\u00e3o s\u00f3 fez com que eu parasse de beber, como tamb\u00e9m me tem ajudado em todos os aspetos da minha vida.<\/p><\/div>\n\n\n\n<div class=\"wp-block-stackable-text stk-block-text stk-block stk-77a64b5\" data-block-id=\"77a64b5\"><style>.stk-77a64b5 {margin-bottom:0px !important;}<\/style><p class=\"stk-block-text__text\">Hoje conhe\u00e7o uma nova liberdade na minha vida e, enfim, a paz que h\u00e1 tantos anos procurava e nunca consegui. Finalmente tenho paz, conseguida com a vossa ajuda, parei de beber, de sofrer e de fazer sofrer os outros.<\/p><\/div>\n\n\n\n<div class=\"wp-block-stackable-text stk-block-text stk-block stk-9b1e573\" data-block-id=\"9b1e573\"><style>.stk-9b1e573 {margin-bottom:0px !important;}<\/style><p class=\"stk-block-text__text\">O meu sentimento para com Alco\u00f3licos An\u00f3nimos \u00e9 de perten\u00e7a e de imensa gratid\u00e3o para os meus companheiros. Obrigado por me terem salvo.<\/p><\/div>\n\n\n\n<div class=\"wp-block-stackable-text stk-block-text stk-block stk-937530b\" data-block-id=\"937530b\"><style>.stk-937530b {margin-bottom:0px !important;}<\/style><p class=\"stk-block-text__text\">S\u00f3 por hoje, quero ser o mais humilde e honesto que puder ser.<\/p><\/div>\n\n\n\n<div class=\"wp-block-stackable-text stk-block-text stk-block stk-8b0e84a\" data-block-id=\"8b0e84a\"><style>.stk-8b0e84a {margin-bottom:0px !important;}<\/style><p class=\"stk-block-text__text\">Obrigado a todos, sem voc\u00eas este milagre n\u00e3o seria poss\u00edvel.<\/p><\/div>\n\n\n\n<div class=\"wp-block-stackable-text stk-block-text stk-block stk-b57e2cf\" data-block-id=\"b57e2cf\"><p class=\"stk-block-text__text\">Lu\u00eds F.<\/p><\/div>","protected":false},"excerpt":{"rendered":"<p>A ALEGRIA DE PARTILHAR A ALEGRIA Hoje, \u00e9 com amor e muita alegria que sinto que devo partilhar esta \u00faltima, convosco. Uma alegria partilhada \u00e9 uma alegria a dobrar. \u00c9 [&hellip;]<\/p>\n","protected":false},"author":12,"featured_media":0,"parent":0,"menu_order":0,"comment_status":"closed","ping_status":"closed","template":"","meta":{"site-sidebar-layout":"default","site-content-layout":"","ast-site-content-layout":"default","site-content-style":"default","site-sidebar-style":"default","ast-global-header-display":"","ast-banner-title-visibility":"","ast-main-header-display":"","ast-hfb-above-header-display":"","ast-hfb-below-header-display":"","ast-hfb-mobile-header-display":"","site-post-title":"","ast-breadcrumbs-content":"","ast-featured-img":"","footer-sml-layout":"","ast-disable-related-posts":"","theme-transparent-header-meta":"","adv-header-id-meta":"","stick-header-meta":"","header-above-stick-meta":"","header-main-stick-meta":"","header-below-stick-meta":"","astra-migrate-meta-layouts":"default","ast-page-background-enabled":"default","ast-page-background-meta":{"desktop":{"background-color":"var(--ast-global-color-5)","background-image":"","background-repeat":"repeat","background-position":"center center","background-size":"auto","background-attachment":"scroll","background-type":"","background-media":"","overlay-type":"","overlay-color":"","overlay-opacity":"","overlay-gradient":""},"tablet":{"background-color":"","background-image":"","background-repeat":"repeat","background-position":"center center","background-size":"auto","background-attachment":"scroll","background-type":"","background-media":"","overlay-type":"","overlay-color":"","overlay-opacity":"","overlay-gradient":""},"mobile":{"background-color":"","background-image":"","background-repeat":"repeat","background-position":"center center","background-size":"auto","background-attachment":"scroll","background-type":"","background-media":"","overlay-type":"","overlay-color":"","overlay-opacity":"","overlay-gradient":""}},"ast-content-background-meta":{"desktop":{"background-color":"var(--ast-global-color-4)","background-image":"","background-repeat":"repeat","background-position":"center center","background-size":"auto","background-attachment":"scroll","background-type":"","background-media":"","overlay-type":"","overlay-color":"","overlay-opacity":"","overlay-gradient":""},"tablet":{"background-color":"var(--ast-global-color-4)","background-image":"","background-repeat":"repeat","background-position":"center center","background-size":"auto","background-attachment":"scroll","background-type":"","background-media":"","overlay-type":"","overlay-color":"","overlay-opacity":"","overlay-gradient":""},"mobile":{"background-color":"var(--ast-global-color-4)","background-image":"","background-repeat":"repeat","background-position":"center center","background-size":"auto","background-attachment":"scroll","background-type":"","background-media":"","overlay-type":"","overlay-color":"","overlay-opacity":"","overlay-gradient":""}},"_price":"","_stock":"","_tribe_ticket_header":"","_tribe_default_ticket_provider":"","_ticket_start_date":"","_ticket_end_date":"","_tribe_ticket_show_description":"","_tribe_ticket_show_not_going":false,"_tribe_ticket_use_global_stock":"","_tribe_ticket_global_stock_level":"","_global_stock_mode":"","_global_stock_cap":"","_tribe_rsvp_for_event":"","_tribe_ticket_going_count":"","_tribe_ticket_not_going_count":"","_tribe_tickets_list":"[]","_tribe_ticket_has_attendee_info_fields":false,"footnotes":"","_tec_slr_enabled":"","_tec_slr_layout":""},"class_list":["post-3509","page","type-page","status-publish","hentry"],"ticketed":false,"_links":{"self":[{"href":"https:\/\/aaportugal.org\/en\/wp-json\/wp\/v2\/pages\/3509","targetHints":{"allow":["GET"]}}],"collection":[{"href":"https:\/\/aaportugal.org\/en\/wp-json\/wp\/v2\/pages"}],"about":[{"href":"https:\/\/aaportugal.org\/en\/wp-json\/wp\/v2\/types\/page"}],"author":[{"embeddable":true,"href":"https:\/\/aaportugal.org\/en\/wp-json\/wp\/v2\/users\/12"}],"replies":[{"embeddable":true,"href":"https:\/\/aaportugal.org\/en\/wp-json\/wp\/v2\/comments?post=3509"}],"version-history":[{"count":1,"href":"https:\/\/aaportugal.org\/en\/wp-json\/wp\/v2\/pages\/3509\/revisions"}],"predecessor-version":[{"id":3510,"href":"https:\/\/aaportugal.org\/en\/wp-json\/wp\/v2\/pages\/3509\/revisions\/3510"}],"wp:attachment":[{"href":"https:\/\/aaportugal.org\/en\/wp-json\/wp\/v2\/media?parent=3509"}],"curies":[{"name":"wp","href":"https:\/\/api.w.org\/{rel}","templated":true}]}}