{"id":3489,"date":"2026-01-17T23:21:59","date_gmt":"2026-01-17T23:21:59","guid":{"rendered":"https:\/\/aaportugal.org\/?page_id=3489"},"modified":"2026-01-17T23:22:01","modified_gmt":"2026-01-17T23:22:01","slug":"partilha-rev-98","status":"publish","type":"page","link":"https:\/\/aaportugal.org\/en\/partilha-rev-98\/","title":{"rendered":"Partilha Rev 98"},"content":{"rendered":"<div class=\"wp-block-stackable-text stk-block-text stk-block stk-b86e420\" data-block-id=\"b86e420\"><style>.stk-b86e420 {margin-bottom:2px !important;}<\/style><p class=\"stk-block-text__text has-text-align-center\"><strong>The Fourth Mistery<\/strong><\/p><\/div>\n\n\n\n<div class=\"wp-block-stackable-text stk-block-text stk-block stk-a6bd9ca\" data-block-id=\"a6bd9ca\"><style>.stk-a6bd9ca {margin-bottom:0px !important;}<\/style><p class=\"stk-block-text__text\">Nasci e fui criado num meio rural em \u00c1frica. Era um povoado no interior profundo de Angola, onde n\u00e3o havia rede el\u00e9trica, \u00e1gua canalizada nem estradas asfaltadas.<\/p><\/div>\n\n\n\n<div class=\"wp-block-stackable-text stk-block-text stk-block stk-a57c59b\" data-block-id=\"a57c59b\"><style>.stk-a57c59b {margin-bottom:0px !important;}<\/style><p class=\"stk-block-text__text\">Nesta latitude o c\u00e9u escurece muito cedo. Ao fim do dia, a minha m\u00e3e acendia um candeeiro a petr\u00f3leo que iluminava toda a sala com uma luz branca muito viva! Mas enquanto o jantar n\u00e3o chegava, tinha o h\u00e1bito de ficar na rua, deitado de costas na areia a contemplar aquele imenso c\u00e9u estrelado.<\/p><\/div>\n\n\n\n<div class=\"wp-block-stackable-text stk-block-text stk-block stk-5feec70\" data-block-id=\"5feec70\"><style>.stk-5feec70 {margin-bottom:0px !important;}<\/style><p class=\"stk-block-text__text\">Ocasionalmente, uma estrela cadente riscava aquela ab\u00f3bada imensa! Perdia-me a contemplar a Lua que de vez em quando mudava de feitio e mostrava aquelas sombras que me pareciam desenhos a carv\u00e3o. Mais do que fascinante, o c\u00e9u era<\/p><\/div>\n\n\n\n<div class=\"wp-block-stackable-text stk-block-text stk-block stk-68a1e05\" data-block-id=\"68a1e05\"><style>.stk-68a1e05 {margin-bottom:0px !important;}<\/style><p class=\"stk-block-text__text\">misterioso! De onde veio isto tudo? Quem fez isto?<\/p><\/div>\n\n\n\n<div class=\"wp-block-stackable-text stk-block-text stk-block stk-c5171e5\" data-block-id=\"c5171e5\"><style>.stk-c5171e5 {margin-bottom:0px !important;}<\/style><p class=\"stk-block-text__text\">Outra coisa que me deslumbrava, de manh\u00e3 cedo, ap\u00f3s a primeira chuva da \u00e9poca que ocorria normalmente na primeira semana de setembro, depois de uma estiagem de v\u00e1rios meses, eram aquelas plantinhas min\u00fasculas que da noite para o dia rasgavam o ch\u00e3o e formavam um tapete verde infinito que mudava totalmente a paisagem e, uns dias depois, por cima, aparecia um tapete novo de flores coloridas e perfumadas!<\/p><\/div>\n\n\n\n<div class=\"wp-block-stackable-text stk-block-text stk-block stk-d84e621\" data-block-id=\"d84e621\"><style>.stk-d84e621 {margin-bottom:0px !important;}<\/style><p class=\"stk-block-text__text\">E o que dizer das irrequietas aves policrom\u00e1ticas que entoavam, em simult\u00e2neo, dezenas de melodias? Quem as ensinou?<\/p><\/div>\n\n\n\n<div class=\"wp-block-stackable-text stk-block-text stk-block stk-a88918c\" data-block-id=\"a88918c\"><style>.stk-a88918c {margin-bottom:0px !important;}<\/style><p class=\"stk-block-text__text\">Num final de tarde, caminhando por um bosque silencioso, descobri que dentro da minha cabe\u00e7a havia uma voz que falava. Mesmo estando sozinho e com os l\u00e1bios cerrados, aquela voz teimava em falar e quanto mais eu queria que ela se calasse, mais ela falava. Sou eu mesmo ou \u00e9 outro?! Era a minha consci\u00eancia?! Ser\u00e1 que as outras pessoas tamb\u00e9m t\u00eam isto? E de onde vem isto? Era o terceiro mist\u00e9rio!<\/p><\/div>\n\n\n\n<div class=\"wp-block-stackable-text stk-block-text stk-block stk-7b3384c\" data-block-id=\"7b3384c\"><style>.stk-7b3384c {margin-bottom:0px !important;}<\/style><p class=\"stk-block-text__text\">Mas o tempo foi implac\u00e1vel! Veio a escola com os seus livros, cadernos, l\u00e1pis, borrachas, afias, trabalhos para casa, testes, exames, recursos e a competi\u00e7\u00e3o pelo melhor lugar ao sol. E foi esta luta por um lugar ao sol que come\u00e7ou subtilmente a obscurecer a minha exist\u00eancia!<\/p><\/div>\n\n\n\n<div class=\"wp-block-stackable-text stk-block-text stk-block stk-eb9a356\" data-block-id=\"eb9a356\"><style>.stk-eb9a356 {margin-bottom:0px !important;}<\/style><p class=\"stk-block-text__text\">Chegou a adolesc\u00eancia e com ela a primeira bebida, depois a segunda e uma carreira de vinte e sete anos de progress\u00e3o da minha enfermidade alco\u00f3lica. Faculdade, trabalho, divers\u00e3o, vida noturna, bebidas, namoros ef\u00e9meros e sofridos, casamento, fam\u00edlia, ressacas, fugas geogr\u00e1ficas e no fim da linha o fundo do po\u00e7o!<\/p><\/div>\n\n\n\n<div class=\"wp-block-stackable-text stk-block-text stk-block stk-9b5dc87\" data-block-id=\"9b5dc87\"><style>.stk-9b5dc87 {margin-bottom:0px !important;}<\/style><p class=\"stk-block-text__text\">Com o andar do tempo tinha perdido a capacidade de me espantar. S\u00f3 o \u00e1lcool me causava alguma anima\u00e7\u00e3o e de seguida castigava-me severamente! A mim e a quem de mim se aproximasse demasiado!<\/p><\/div>\n\n\n\n<div class=\"wp-block-stackable-text stk-block-text stk-block stk-cc73ab6\" data-block-id=\"cc73ab6\"><style>.stk-cc73ab6 {margin-bottom:0px !important;}<\/style><p class=\"stk-block-text__text\">Parei de beber quando a fam\u00edlia se cansou! Ouvi palavras duras da boca da minha filha, ent\u00e3o com 11 anos de idade.<\/p><\/div>\n\n\n\n<div class=\"wp-block-stackable-text stk-block-text stk-block stk-cc467ae\" data-block-id=\"cc467ae\"><style>.stk-cc467ae {margin-bottom:0px !important;}<\/style><p class=\"stk-block-text__text\">Foi a \u00faltima vez que ingeri \u00e1lcool. Se com \u00e1lcool a vida estava insuport\u00e1vel, sem ele senti-me a entrar num t\u00fanel a caminho da morte. Tornei-me mais amargo, ressentido e intolerante que nunca!<\/p><\/div>\n\n\n\n<div class=\"wp-block-stackable-text stk-block-text stk-block stk-b05a77d\" data-block-id=\"b05a77d\"><style>.stk-b05a77d {margin-bottom:0px !important;}<\/style><p class=\"stk-block-text__text has-text-align-center\">Foram oito meses de inferno abstinente, at\u00e9 que vim a conhecer Alco\u00f3licos An\u00f3nimos. <\/p><\/div>\n\n\n\n<div class=\"wp-block-stackable-text stk-block-text stk-block stk-4b93ee0\" data-block-id=\"4b93ee0\"><style>.stk-4b93ee0 {margin-bottom:0px !important;}<\/style><p class=\"stk-block-text__text has-text-align-center\">Senti-me envolvido por uma suave nuvem cor-de-rosa, fechei os olhos, baixei os bra\u00e7os e deixei-me embalar. <\/p><\/div>\n\n\n\n<div class=\"wp-block-stackable-text stk-block-text stk-block stk-ad38a5b\" data-block-id=\"ad38a5b\"><style>.stk-ad38a5b {margin-bottom:0px !important;}<\/style><p class=\"stk-block-text__text has-text-align-center\">Parei de lutar! Entreguei-me completamente. <\/p><\/div>\n\n\n\n<div class=\"wp-block-stackable-text stk-block-text stk-block stk-17a2600\" data-block-id=\"17a2600\"><style>.stk-17a2600 {margin-bottom:0px !important;}<\/style><p class=\"stk-block-text__text has-text-align-center\">Senti-me um rec\u00e9m-nascido no colo da sua m\u00e3e. Tinha regressado a casa!<\/p><\/div>\n\n\n\n<div class=\"wp-block-stackable-text stk-block-text stk-block stk-d38e72c\" data-block-id=\"d38e72c\"><style>.stk-d38e72c {margin-bottom:0px !important;}<\/style><p class=\"stk-block-text__text\">Comecei a fazer o Programa dos Doze Passos e a conhecer as Tradi\u00e7\u00f5es e fiquei fascinado. H\u00e1 quantas d\u00e9cadas tinha perdido a capacidade de vivenciar aquele fasc\u00ednio, aquele maravilhamento! Voltei a sentir o prazer pelo mist\u00e9rio. Voltei a gostar de contemplar o c\u00e9u estrelado, a apreciar as plantas e os animais, a entender a saga do ser humano e a conhecer o mais \u00edntimo significado da palavra compaix\u00e3o!<\/p><\/div>\n\n\n\n<div class=\"wp-block-stackable-text stk-block-text stk-block stk-02340d7\" data-block-id=\"02340d7\"><style>.stk-02340d7 {margin-bottom:0px !important;}<\/style><p class=\"stk-block-text__text\">Reatei o di\u00e1logo com a misteriosa voz que fala dentro da minha cabe\u00e7a e ela indicou-me o caminho da medita\u00e7\u00e3o e do autoconhecimento.<\/p><\/div>\n\n\n\n<div class=\"wp-block-stackable-text stk-block-text stk-block stk-bac8d64\" data-block-id=\"bac8d64\"><style>.stk-bac8d64 {margin-bottom:0px !important;}<\/style><p class=\"stk-block-text__text\">J\u00e1 tinha percebido em crian\u00e7a esses tr\u00eas mist\u00e9rios: o mist\u00e9rio do universo, o mist\u00e9rio da vida e o mist\u00e9rio da consci\u00eancia. Para mim continuam a ser mist\u00e9rios e o quanto isso me alegra!<\/p><\/div>\n\n\n\n<div class=\"wp-block-stackable-text stk-block-text stk-block stk-8611128\" data-block-id=\"8611128\"><style>.stk-8611128 {margin-bottom:0px !important;}<\/style><p class=\"stk-block-text__text\">O que eu n\u00e3o sabia \u00e9 que havia um quarto mist\u00e9rio: quando dois alco\u00f3licos desesperados querem parar de beber e partilham entre si a sua dor, encontram a sa\u00edda para o seu sofrimento!<\/p><\/div>\n\n\n\n<div class=\"wp-block-stackable-text stk-block-text stk-block stk-a62c3ae\" data-block-id=\"a62c3ae\"><style>.stk-a62c3ae {margin-bottom:0px !important;}<\/style><p class=\"stk-block-text__text\">Bill e Bob assim fizeram em 1935 e depois deles muitos mais! At\u00e9 eu!<\/p><\/div>\n\n\n\n<div class=\"wp-block-stackable-text stk-block-text stk-block stk-75c82db\" data-block-id=\"75c82db\"><style>.stk-75c82db {margin-bottom:0px !important;}<\/style><p class=\"stk-block-text__text\">H\u00e1 quem chame a isso \u201cidentifica\u00e7\u00e3o\u201d. N\u00e3o discordo, mas continuo a sentir que \u00e9 o meu quarto mist\u00e9rio! E que por detr\u00e1s desses quatro mist\u00e9rios est\u00e1 aquilo a que em AA chamamos \u201cPoder Superior\u201d.<\/p><\/div>\n\n\n\n<div class=\"wp-block-stackable-text stk-block-text stk-block stk-3553ca8\" data-block-id=\"3553ca8\"><style>.stk-3553ca8 {margin-bottom:0px !important;}<\/style><p class=\"stk-block-text__text\">N\u00e3o lhe atribuo nenhum nome ou adjetivo; sinto que est\u00e1 em todas as coisas e que \u00e9 poss\u00edvel perceb\u00ea-lo, mas s\u00f3 quando estamos em paz connosco, com os outros e com o mundo!<\/p><\/div>\n\n\n\n<div class=\"wp-block-stackable-text stk-block-text stk-block stk-5742fcc\" data-block-id=\"5742fcc\"><p class=\"stk-block-text__text\">Carlos A<\/p><\/div>","protected":false},"excerpt":{"rendered":"<p>O quarto mist\u00e9rio Nasci e fui criado num meio rural em \u00c1frica. Era um povoado no interior profundo de Angola, onde n\u00e3o havia rede el\u00e9trica, \u00e1gua canalizada nem estradas asfaltadas. [&hellip;]<\/p>\n","protected":false},"author":12,"featured_media":0,"parent":0,"menu_order":0,"comment_status":"closed","ping_status":"closed","template":"","meta":{"site-sidebar-layout":"default","site-content-layout":"","ast-site-content-layout":"default","site-content-style":"default","site-sidebar-style":"default","ast-global-header-display":"","ast-banner-title-visibility":"","ast-main-header-display":"","ast-hfb-above-header-display":"","ast-hfb-below-header-display":"","ast-hfb-mobile-header-display":"","site-post-title":"","ast-breadcrumbs-content":"","ast-featured-img":"","footer-sml-layout":"","ast-disable-related-posts":"","theme-transparent-header-meta":"","adv-header-id-meta":"","stick-header-meta":"","header-above-stick-meta":"","header-main-stick-meta":"","header-below-stick-meta":"","astra-migrate-meta-layouts":"default","ast-page-background-enabled":"default","ast-page-background-meta":{"desktop":{"background-color":"var(--ast-global-color-5)","background-image":"","background-repeat":"repeat","background-position":"center center","background-size":"auto","background-attachment":"scroll","background-type":"","background-media":"","overlay-type":"","overlay-color":"","overlay-opacity":"","overlay-gradient":""},"tablet":{"background-color":"","background-image":"","background-repeat":"repeat","background-position":"center center","background-size":"auto","background-attachment":"scroll","background-type":"","background-media":"","overlay-type":"","overlay-color":"","overlay-opacity":"","overlay-gradient":""},"mobile":{"background-color":"","background-image":"","background-repeat":"repeat","background-position":"center center","background-size":"auto","background-attachment":"scroll","background-type":"","background-media":"","overlay-type":"","overlay-color":"","overlay-opacity":"","overlay-gradient":""}},"ast-content-background-meta":{"desktop":{"background-color":"var(--ast-global-color-4)","background-image":"","background-repeat":"repeat","background-position":"center center","background-size":"auto","background-attachment":"scroll","background-type":"","background-media":"","overlay-type":"","overlay-color":"","overlay-opacity":"","overlay-gradient":""},"tablet":{"background-color":"var(--ast-global-color-4)","background-image":"","background-repeat":"repeat","background-position":"center center","background-size":"auto","background-attachment":"scroll","background-type":"","background-media":"","overlay-type":"","overlay-color":"","overlay-opacity":"","overlay-gradient":""},"mobile":{"background-color":"var(--ast-global-color-4)","background-image":"","background-repeat":"repeat","background-position":"center center","background-size":"auto","background-attachment":"scroll","background-type":"","background-media":"","overlay-type":"","overlay-color":"","overlay-opacity":"","overlay-gradient":""}},"_price":"","_stock":"","_tribe_ticket_header":"","_tribe_default_ticket_provider":"","_ticket_start_date":"","_ticket_end_date":"","_tribe_ticket_show_description":"","_tribe_ticket_show_not_going":false,"_tribe_ticket_use_global_stock":"","_tribe_ticket_global_stock_level":"","_global_stock_mode":"","_global_stock_cap":"","_tribe_rsvp_for_event":"","_tribe_ticket_going_count":"","_tribe_ticket_not_going_count":"","_tribe_tickets_list":"[]","_tribe_ticket_has_attendee_info_fields":false,"footnotes":"","_tec_slr_enabled":"","_tec_slr_layout":""},"class_list":["post-3489","page","type-page","status-publish","hentry"],"ticketed":false,"_links":{"self":[{"href":"https:\/\/aaportugal.org\/en\/wp-json\/wp\/v2\/pages\/3489","targetHints":{"allow":["GET"]}}],"collection":[{"href":"https:\/\/aaportugal.org\/en\/wp-json\/wp\/v2\/pages"}],"about":[{"href":"https:\/\/aaportugal.org\/en\/wp-json\/wp\/v2\/types\/page"}],"author":[{"embeddable":true,"href":"https:\/\/aaportugal.org\/en\/wp-json\/wp\/v2\/users\/12"}],"replies":[{"embeddable":true,"href":"https:\/\/aaportugal.org\/en\/wp-json\/wp\/v2\/comments?post=3489"}],"version-history":[{"count":1,"href":"https:\/\/aaportugal.org\/en\/wp-json\/wp\/v2\/pages\/3489\/revisions"}],"predecessor-version":[{"id":3490,"href":"https:\/\/aaportugal.org\/en\/wp-json\/wp\/v2\/pages\/3489\/revisions\/3490"}],"wp:attachment":[{"href":"https:\/\/aaportugal.org\/en\/wp-json\/wp\/v2\/media?parent=3489"}],"curies":[{"name":"wp","href":"https:\/\/api.w.org\/{rel}","templated":true}]}}