{"id":2848,"date":"2025-12-29T22:59:26","date_gmt":"2025-12-29T22:59:26","guid":{"rendered":"https:\/\/aaportugal.org\/?page_id=2848"},"modified":"2026-02-16T09:53:45","modified_gmt":"2026-02-16T09:53:45","slug":"downloads","status":"publish","type":"page","link":"https:\/\/aaportugal.org\/en\/downloads\/","title":{"rendered":"Downloads"},"content":{"rendered":"<div style=\"height:72px\" aria-hidden=\"true\" class=\"wp-block-spacer\"><\/div>\n\n\n\n<h2 class=\"wp-block-heading has-vivid-cyan-blue-color has-text-color has-link-color has-large-font-size wp-elements-919083cfb3ea4376bcc1ab78999051f0\"><a href=\"https:\/\/aa-num-clique-v21.glide.page\" target=\"_blank\" rel=\"noreferrer noopener\">App \u201cAA num clique v2.1\u201d<\/a><\/h2>\n\n\n\n<h2 class=\"wp-block-heading has-vivid-cyan-blue-color has-text-color has-link-color has-large-font-size wp-elements-0626c84e09f9d4a44701f4ffdfe4e944\"><a href=\"https:\/\/aaportugal.org\/wp-content\/uploads\/2026\/02\/Catalogo_Digital_Literatura_V4.pdf\" target=\"_blank\" rel=\"noreferrer noopener\">Cat\u00e1logo Digital de Literatura<\/a><\/h2>\n\n\n\n<h2 class=\"wp-block-heading has-vivid-cyan-blue-color has-text-color has-link-color has-large-font-size wp-elements-02c46153998c5b3f43fedf25a2487cb3\"><a href=\"https:\/\/aaportugal.org\/wp-content\/uploads\/2025\/12\/WEB_Kit_Recem_Chegado.pdf\" target=\"_blank\" rel=\"noreferrer noopener\">Kit de Rec\u00e9m-Chegado<\/a><\/h2>\n\n\n\n<h2 class=\"wp-block-heading has-vivid-cyan-blue-color has-text-color has-link-color has-large-font-size wp-elements-155ff656f64153f08fac8a4b7125f50e\"><a href=\"https:\/\/aaportugal.org\/wp-content\/uploads\/2026\/02\/Requisicao-de-Literatura-e-Publicacoes_FEV_2026.pdf\" target=\"_blank\" rel=\"noreferrer noopener\">Requisi\u00e7\u00e3o de Literatura<\/a><\/h2>\n\n\n\n<h3 class=\"wp-block-heading has-vivid-cyan-blue-color has-text-color has-link-color has-large-font-size wp-elements-e9db810f0773d3c22cda35131c5f7f34\"><a href=\"https:\/\/aaportugal.org\/wp-content\/uploads\/2026\/01\/Revista_Partilhar_Extra_Online_1.pdf\" target=\"_blank\" rel=\"noreferrer noopener\">Revista Partilhar \u2013 N\u00ba.1 Extra online<\/a><\/h3>\n\n\n\n<h3 class=\"wp-block-heading has-vivid-cyan-blue-color has-text-color has-link-color has-large-font-size wp-elements-dbdc05c653b0f0bf6af80b28f17a2d9b\"><a href=\"https:\/\/aaportugal.org\/wp-content\/uploads\/2025\/10\/Revista_Partilhar_Extra_Online_02_Outubro_2020_3-1.pdf\" target=\"_blank\" rel=\"noreferrer noopener\">Revista Partilhar \u2013 N\u00ba.2 Extra online<\/a><\/h3>\n\n\n\n<h3 class=\"wp-block-heading has-vivid-cyan-blue-color has-text-color has-link-color has-large-font-size wp-elements-20ef8389c37ffc13de4ad4657ac79df8\"><a href=\"https:\/\/aaportugal.org\/wp-content\/uploads\/2026\/01\/SUBSCRICAO-AA-2026.pdf\" target=\"_blank\" rel=\"noreferrer noopener\">Subscri\u00e7\u00e3o da Revista Partilhar<\/a><\/h3>\n\n\n\n<div style=\"height:31px\" aria-hidden=\"true\" class=\"wp-block-spacer\"><\/div>","protected":false},"excerpt":{"rendered":"<p>App \u201cAA num clique v2.1\u201d Cat\u00e1logo Digital de Literatura Kit de Rec\u00e9m-Chegado Requisi\u00e7\u00e3o de Literatura Revista Partilhar \u2013 N\u00ba.1 Extra online Revista Partilhar \u2013 N\u00ba.2 Extra online Subscri\u00e7\u00e3o da Revista [&hellip;]<\/p>\n","protected":false},"author":3,"featured_media":0,"parent":0,"menu_order":0,"comment_status":"closed","ping_status":"closed","template":"","meta":{"site-sidebar-layout":"default","site-content-layout":"","ast-site-content-layout":"default","site-content-style":"default","site-sidebar-style":"default","ast-global-header-display":"","ast-banner-title-visibility":"","ast-main-header-display":"","ast-hfb-above-header-display":"","ast-hfb-below-header-display":"","ast-hfb-mobile-header-display":"","site-post-title":"disabled","ast-breadcrumbs-content":"","ast-featured-img":"","footer-sml-layout":"","ast-disable-related-posts":"","theme-transparent-header-meta":"","adv-header-id-meta":"","stick-header-meta":"","header-above-stick-meta":"","header-main-stick-meta":"","header-below-stick-meta":"","astra-migrate-meta-layouts":"default","ast-page-background-enabled":"default","ast-page-background-meta":{"desktop":{"background-color":"var(--ast-global-color-5)","background-image":"","background-repeat":"repeat","background-position":"center center","background-size":"auto","background-attachment":"scroll","background-type":"","background-media":"","overlay-type":"","overlay-color":"","overlay-opacity":"","overlay-gradient":""},"tablet":{"background-color":"","background-image":"","background-repeat":"repeat","background-position":"center center","background-size":"auto","background-attachment":"scroll","background-type":"","background-media":"","overlay-type":"","overlay-color":"","overlay-opacity":"","overlay-gradient":""},"mobile":{"background-color":"","background-image":"","background-repeat":"repeat","background-position":"center center","background-size":"auto","background-attachment":"scroll","background-type":"","background-media":"","overlay-type":"","overlay-color":"","overlay-opacity":"","overlay-gradient":""}},"ast-content-background-meta":{"desktop":{"background-color":"var(--ast-global-color-4)","background-image":"","background-repeat":"repeat","background-position":"center center","background-size":"auto","background-attachment":"scroll","background-type":"","background-media":"","overlay-type":"","overlay-color":"","overlay-opacity":"","overlay-gradient":""},"tablet":{"background-color":"var(--ast-global-color-4)","background-image":"","background-repeat":"repeat","background-position":"center center","background-size":"auto","background-attachment":"scroll","background-type":"","background-media":"","overlay-type":"","overlay-color":"","overlay-opacity":"","overlay-gradient":""},"mobile":{"background-color":"var(--ast-global-color-4)","background-image":"","background-repeat":"repeat","background-position":"center center","background-size":"auto","background-attachment":"scroll","background-type":"","background-media":"","overlay-type":"","overlay-color":"","overlay-opacity":"","overlay-gradient":""}},"_price":"","_stock":"","_tribe_ticket_header":"","_tribe_default_ticket_provider":"","_ticket_start_date":"","_ticket_end_date":"","_tribe_ticket_show_description":"","_tribe_ticket_show_not_going":false,"_tribe_ticket_use_global_stock":"","_tribe_ticket_global_stock_level":"","_global_stock_mode":"","_global_stock_cap":"","_tribe_rsvp_for_event":"","_tribe_ticket_going_count":"","_tribe_ticket_not_going_count":"","_tribe_tickets_list":"[]","_tribe_ticket_has_attendee_info_fields":false,"footnotes":"","_tec_slr_enabled":"","_tec_slr_layout":""},"class_list":["post-2848","page","type-page","status-publish","hentry"],"ticketed":false,"_links":{"self":[{"href":"https:\/\/aaportugal.org\/en\/wp-json\/wp\/v2\/pages\/2848","targetHints":{"allow":["GET"]}}],"collection":[{"href":"https:\/\/aaportugal.org\/en\/wp-json\/wp\/v2\/pages"}],"about":[{"href":"https:\/\/aaportugal.org\/en\/wp-json\/wp\/v2\/types\/page"}],"author":[{"embeddable":true,"href":"https:\/\/aaportugal.org\/en\/wp-json\/wp\/v2\/users\/3"}],"replies":[{"embeddable":true,"href":"https:\/\/aaportugal.org\/en\/wp-json\/wp\/v2\/comments?post=2848"}],"version-history":[{"count":25,"href":"https:\/\/aaportugal.org\/en\/wp-json\/wp\/v2\/pages\/2848\/revisions"}],"predecessor-version":[{"id":4186,"href":"https:\/\/aaportugal.org\/en\/wp-json\/wp\/v2\/pages\/2848\/revisions\/4186"}],"wp:attachment":[{"href":"https:\/\/aaportugal.org\/en\/wp-json\/wp\/v2\/media?parent=2848"}],"curies":[{"name":"wp","href":"https:\/\/api.w.org\/{rel}","templated":true}]}}