{"id":2591,"date":"2025-12-07T11:54:04","date_gmt":"2025-12-07T11:54:04","guid":{"rendered":"https:\/\/aaportugal.org\/?page_id=2591"},"modified":"2025-12-07T11:54:05","modified_gmt":"2025-12-07T11:54:05","slug":"sondagem-aos-membros-de-aa","status":"publish","type":"page","link":"https:\/\/aaportugal.org\/en\/sondagem-aos-membros-de-aa\/","title":{"rendered":"Sondagem aos membros de AA"},"content":{"rendered":"<figure class=\"wp-block-image size-full\"><a href=\"https:\/\/aaportugal.org\/wp-content\/uploads\/2025\/12\/sondagem.png\"><img loading=\"lazy\" decoding=\"async\" width=\"1293\" height=\"906\" src=\"https:\/\/aaportugal.org\/wp-content\/uploads\/2025\/12\/sondagem.png\" alt=\"\" class=\"wp-image-2592\" srcset=\"https:\/\/aaportugal.org\/wp-content\/uploads\/2025\/12\/sondagem.png 1293w, https:\/\/aaportugal.org\/wp-content\/uploads\/2025\/12\/sondagem-300x210.png 300w, https:\/\/aaportugal.org\/wp-content\/uploads\/2025\/12\/sondagem-1024x718.png 1024w, https:\/\/aaportugal.org\/wp-content\/uploads\/2025\/12\/sondagem-768x538.png 768w, https:\/\/aaportugal.org\/wp-content\/uploads\/2025\/12\/sondagem-18x12.png 18w, https:\/\/aaportugal.org\/wp-content\/uploads\/2025\/12\/sondagem-600x420.png 600w\" sizes=\"auto, (max-width: 1293px) 100vw, 1293px\" \/><\/a><\/figure>\n\n\n\n<div class=\"wp-block-stackable-text stk-block-text stk-block stk-282504f\" data-block-id=\"282504f\"><style>.stk-282504f .stk-block-text__text{font-weight:bold !important;font-style:normal !important;}<\/style><p class=\"stk-block-text__text\">Technical data:<\/p><\/div>\n\n\n\n<div class=\"wp-block-stackable-text stk-block-text stk-block stk-b719e13\" data-block-id=\"b719e13\"><style>.stk-b719e13 {margin-bottom:0px !important;}<\/style><p class=\"stk-block-text__text\">Research conducted between October and November 2021. Its universe consists of AA members from existing groups on the mainland and in the Autonomous Regions who participated voluntarily and anonymously.<\/p><\/div>\n\n\n\n<div class=\"wp-block-stackable-text stk-block-text stk-block stk-9cf0041\" data-block-id=\"9cf0041\"><style>.stk-9cf0041 {margin-bottom:0px !important;}<\/style><p class=\"stk-block-text__text\">The number of responses was 276, making it impossible to determine the membership rate since AA does not keep records of its members.<\/p><\/div>\n\n\n\n<div class=\"wp-block-stackable-text stk-block-text stk-block stk-9e7dab3\" data-block-id=\"9e7dab3\"><p class=\"stk-block-text__text\"><\/p><\/div>","protected":false},"excerpt":{"rendered":"<p>Ficha T\u00e9cnica: Sondagem realizada entre Outubro e Novembro de 2021. O seu universo \u00e9 constitu\u00eddo por membros de AA dos grupos existentes no Continente e Regi\u00f5es Aut\u00f3nomas e que participaram [&hellip;]<\/p>\n","protected":false},"author":3,"featured_media":0,"parent":0,"menu_order":0,"comment_status":"closed","ping_status":"closed","template":"","meta":{"site-sidebar-layout":"default","site-content-layout":"","ast-site-content-layout":"default","site-content-style":"default","site-sidebar-style":"default","ast-global-header-display":"","ast-banner-title-visibility":"","ast-main-header-display":"","ast-hfb-above-header-display":"","ast-hfb-below-header-display":"","ast-hfb-mobile-header-display":"","site-post-title":"","ast-breadcrumbs-content":"","ast-featured-img":"","footer-sml-layout":"","ast-disable-related-posts":"","theme-transparent-header-meta":"","adv-header-id-meta":"","stick-header-meta":"","header-above-stick-meta":"","header-main-stick-meta":"","header-below-stick-meta":"","astra-migrate-meta-layouts":"default","ast-page-background-enabled":"default","ast-page-background-meta":{"desktop":{"background-color":"var(--ast-global-color-5)","background-image":"","background-repeat":"repeat","background-position":"center center","background-size":"auto","background-attachment":"scroll","background-type":"","background-media":"","overlay-type":"","overlay-color":"","overlay-opacity":"","overlay-gradient":""},"tablet":{"background-color":"","background-image":"","background-repeat":"repeat","background-position":"center center","background-size":"auto","background-attachment":"scroll","background-type":"","background-media":"","overlay-type":"","overlay-color":"","overlay-opacity":"","overlay-gradient":""},"mobile":{"background-color":"","background-image":"","background-repeat":"repeat","background-position":"center center","background-size":"auto","background-attachment":"scroll","background-type":"","background-media":"","overlay-type":"","overlay-color":"","overlay-opacity":"","overlay-gradient":""}},"ast-content-background-meta":{"desktop":{"background-color":"var(--ast-global-color-4)","background-image":"","background-repeat":"repeat","background-position":"center center","background-size":"auto","background-attachment":"scroll","background-type":"","background-media":"","overlay-type":"","overlay-color":"","overlay-opacity":"","overlay-gradient":""},"tablet":{"background-color":"var(--ast-global-color-4)","background-image":"","background-repeat":"repeat","background-position":"center center","background-size":"auto","background-attachment":"scroll","background-type":"","background-media":"","overlay-type":"","overlay-color":"","overlay-opacity":"","overlay-gradient":""},"mobile":{"background-color":"var(--ast-global-color-4)","background-image":"","background-repeat":"repeat","background-position":"center center","background-size":"auto","background-attachment":"scroll","background-type":"","background-media":"","overlay-type":"","overlay-color":"","overlay-opacity":"","overlay-gradient":""}},"_price":"","_stock":"","_tribe_ticket_header":"","_tribe_default_ticket_provider":"","_ticket_start_date":"","_ticket_end_date":"","_tribe_ticket_show_description":"","_tribe_ticket_show_not_going":false,"_tribe_ticket_use_global_stock":"","_tribe_ticket_global_stock_level":"","_global_stock_mode":"","_global_stock_cap":"","_tribe_rsvp_for_event":"","_tribe_ticket_going_count":"","_tribe_ticket_not_going_count":"","_tribe_tickets_list":"[]","_tribe_ticket_has_attendee_info_fields":false,"footnotes":"","_tec_slr_enabled":"","_tec_slr_layout":""},"class_list":["post-2591","page","type-page","status-publish","hentry"],"ticketed":false,"_links":{"self":[{"href":"https:\/\/aaportugal.org\/en\/wp-json\/wp\/v2\/pages\/2591","targetHints":{"allow":["GET"]}}],"collection":[{"href":"https:\/\/aaportugal.org\/en\/wp-json\/wp\/v2\/pages"}],"about":[{"href":"https:\/\/aaportugal.org\/en\/wp-json\/wp\/v2\/types\/page"}],"author":[{"embeddable":true,"href":"https:\/\/aaportugal.org\/en\/wp-json\/wp\/v2\/users\/3"}],"replies":[{"embeddable":true,"href":"https:\/\/aaportugal.org\/en\/wp-json\/wp\/v2\/comments?post=2591"}],"version-history":[{"count":1,"href":"https:\/\/aaportugal.org\/en\/wp-json\/wp\/v2\/pages\/2591\/revisions"}],"predecessor-version":[{"id":2593,"href":"https:\/\/aaportugal.org\/en\/wp-json\/wp\/v2\/pages\/2591\/revisions\/2593"}],"wp:attachment":[{"href":"https:\/\/aaportugal.org\/en\/wp-json\/wp\/v2\/media?parent=2591"}],"curies":[{"name":"wp","href":"https:\/\/api.w.org\/{rel}","templated":true}]}}