{"id":2263,"date":"2025-10-15T03:01:01","date_gmt":"2025-10-15T02:01:01","guid":{"rendered":"https:\/\/aaportugal.org\/?page_id=2263"},"modified":"2025-12-31T18:48:10","modified_gmt":"2025-12-31T18:48:10","slug":"list-new-meeting","status":"publish","type":"page","link":"https:\/\/aaportugal.org\/en\/list-new-meeting\/","title":{"rendered":"List New Meeting"},"content":{"rendered":"\n<div class=\"wp-block-stackable-text stk-block-text stk-block stk-07cc041\" data-block-id=\"07cc041\"><style>.stk-07cc041 {margin-bottom:0px !important;}<\/style><p class=\"stk-block-text__text\">Adicione uma nova reuni\u00e3o ou atualize os detalhes de uma reuni\u00e3o existente.Utilize o formul\u00e1rio abaixo para enviar os detalhes! Um servidor de confian\u00e7a processar\u00e1 os envios o mais rapidamente poss\u00edvel. Enviaremos um e-mail de confirma\u00e7\u00e3o quando a inscri\u00e7\u00e3o for publicada; por favor, n\u00e3o envie uma inscri\u00e7\u00e3o duplicada.<\/p><\/div>\n\n\n\n<div class=\"wp-block-stackable-text stk-block-text stk-block stk-259ccf9\" data-block-id=\"259ccf9\"><style>.stk-259ccf9 {margin-bottom:0px !important;}<\/style><p class=\"stk-block-text__text\">Se j\u00e1 enviou um formul\u00e1rio e precisa de fazer uma altera\u00e7\u00e3o ou corre\u00e7\u00e3o, envie um e-mail com a altera\u00e7\u00e3o para<span style=\"color: #00a8e3;\" class=\"stk-highlight\"> <a href=\"mailto:servico@aaortugal.org\">servico@aaportugal.org<\/a><\/span> com o assunto: CORRE\u00c7\u00c3O DO REGISTO DE REUNI\u00d5ES. Inclua todos os campos com (*).<\/p><\/div>\n\n\n\n<div class=\"wp-block-stackable-text stk-block-text stk-block stk-3ff6eb7\" data-block-id=\"3ff6eb7\"><style>.stk-3ff6eb7 {margin-bottom:50px !important;}<\/style><p class=\"stk-block-text__text\">Solicitamos que o(a) secret\u00e1rio(a) da sua reuni\u00e3o entre em contacto connosco (ou outro servidor de confian\u00e7a) para todos os pedidos, de forma a evitar alguma incoer\u00eancia.<\/p><\/div>\n\n\n\n<div class=\"wp-block-contact-form-7-contact-form-selector\">\n<div class=\"wpcf7 no-js\" id=\"wpcf7-f2259-o1\" lang=\"en-US\" dir=\"ltr\" data-wpcf7-id=\"2259\">\n<div class=\"screen-reader-response\"><p role=\"status\" aria-live=\"polite\" aria-atomic=\"true\"><\/p> <ul><\/ul><\/div>\n<form action=\"\/en\/wp-json\/wp\/v2\/pages\/2263#wpcf7-f2259-o1\" method=\"post\" class=\"wpcf7-form init\" aria-label=\"Contact form\" novalidate=\"novalidate\" data-status=\"init\">\n<fieldset class=\"hidden-fields-container\"><input type=\"hidden\" name=\"_wpcf7\" value=\"2259\" \/><input type=\"hidden\" name=\"_wpcf7_version\" value=\"6.1.5\" \/><input type=\"hidden\" name=\"_wpcf7_locale\" value=\"en_US\" \/><input type=\"hidden\" name=\"_wpcf7_unit_tag\" value=\"wpcf7-f2259-o1\" \/><input type=\"hidden\" name=\"_wpcf7_container_post\" value=\"0\" \/><input type=\"hidden\" name=\"_wpcf7_posted_data_hash\" value=\"\" \/>\n<\/fieldset>\n<p><label><strong>Nome *<\/strong><br \/>\n<span class=\"wpcf7-form-control-wrap\" data-name=\"your-name\"><input size=\"40\" maxlength=\"400\" class=\"wpcf7-form-control wpcf7-text wpcf7-validates-as-required\" aria-required=\"true\" aria-invalid=\"false\" value=\"\" type=\"text\" name=\"your-name\" \/><\/span> <\/label>\n<\/p>\n<p><label><strong>Email *<\/strong><br \/>\n<span class=\"wpcf7-form-control-wrap\" data-name=\"email-390\"><input size=\"40\" maxlength=\"400\" class=\"wpcf7-form-control wpcf7-email wpcf7-validates-as-required wpcf7-text wpcf7-validates-as-email\" aria-required=\"true\" aria-invalid=\"false\" value=\"\" type=\"email\" name=\"email-390\" \/><\/span> <\/label>\n<\/p>\n<p><label><strong>Contacto Telef\u00f3nico *<\/strong><br \/>\n<span class=\"wpcf7-form-control-wrap\" data-name=\"tel-391\"><input size=\"40\" maxlength=\"400\" class=\"wpcf7-form-control wpcf7-tel wpcf7-validates-as-required wpcf7-text wpcf7-validates-as-tel\" aria-required=\"true\" aria-invalid=\"false\" value=\"\" type=\"tel\" name=\"tel-391\" \/><\/span> <\/label>\n<\/p>\n<p><label><strong>Grupo *<\/strong><br \/>\n<span class=\"wpcf7-form-control-wrap\" data-name=\"group-name\"><input size=\"40\" maxlength=\"400\" class=\"wpcf7-form-control wpcf7-text wpcf7-validates-as-required\" aria-required=\"true\" aria-invalid=\"false\" value=\"\" type=\"text\" name=\"group-name\" \/><\/span> <\/label>\n<\/p>\n<p><label><strong>Aberta, Fechada *<\/strong> (Tem\u00e1tica\/Mulheres\/etc.)<br \/>\n<span class=\"wpcf7-form-control-wrap\" data-name=\"meeting-type\"><input size=\"40\" maxlength=\"400\" class=\"wpcf7-form-control wpcf7-text wpcf7-validates-as-required\" aria-required=\"true\" aria-invalid=\"false\" value=\"\" type=\"text\" name=\"meeting-type\" \/><\/span> <\/label>\n<\/p>\n<p><label><strong>Dias de Reuni\u00e3o <\/strong> (Selecionar todas as que se aplicam):<\/label><br \/>\n<span class=\"wpcf7-form-control-wrap\" data-name=\"checkbox-176\"><span class=\"wpcf7-form-control wpcf7-checkbox\"><span class=\"wpcf7-list-item first\"><label><input type=\"checkbox\" name=\"checkbox-176[]\" value=\"Segunda\" \/><span class=\"wpcf7-list-item-label\">Segunda<\/span><\/label><\/span><span class=\"wpcf7-list-item\"><label><input type=\"checkbox\" name=\"checkbox-176[]\" value=\"Ter\u00e7a\" \/><span class=\"wpcf7-list-item-label\">Ter\u00e7a<\/span><\/label><\/span><span class=\"wpcf7-list-item\"><label><input type=\"checkbox\" name=\"checkbox-176[]\" value=\"Quarta\" \/><span class=\"wpcf7-list-item-label\">Quarta<\/span><\/label><\/span><span class=\"wpcf7-list-item\"><label><input type=\"checkbox\" name=\"checkbox-176[]\" value=\"Quinta\" \/><span class=\"wpcf7-list-item-label\">Quinta<\/span><\/label><\/span><span class=\"wpcf7-list-item\"><label><input type=\"checkbox\" name=\"checkbox-176[]\" value=\"Sexta\" \/><span class=\"wpcf7-list-item-label\">Sexta<\/span><\/label><\/span><span class=\"wpcf7-list-item\"><label><input type=\"checkbox\" name=\"checkbox-176[]\" value=\"S\u00e1bado\" \/><span class=\"wpcf7-list-item-label\">S\u00e1bado<\/span><\/label><\/span><span class=\"wpcf7-list-item last\"><label><input type=\"checkbox\" name=\"checkbox-176[]\" value=\"Domingo\" \/><span class=\"wpcf7-list-item-label\">Domingo<\/span><\/label><\/span><\/span><\/span>\n<\/p>\n<p><label><strong>Dia\/Hor\u00e1rio *<\/strong> (Indique o dia e a hora da reuni\u00e3o, pois reuni\u00f5es que decorrem em v\u00e1rios dias nem sempre acontecem \u00e0 mesma hora. Precisamos dessa informa\u00e7\u00e3o espec\u00edfica.)<br \/>\n<span class=\"wpcf7-form-control-wrap\" data-name=\"meeting-time\"><input size=\"40\" maxlength=\"400\" class=\"wpcf7-form-control wpcf7-text wpcf7-validates-as-required\" aria-required=\"true\" aria-invalid=\"false\" value=\"\" type=\"text\" name=\"meeting-time\" \/><\/span> <\/label>\n<\/p>\n<p><label><strong>Morada *<\/strong> (Morada completa, incluir c\u00f3digo postal)<br \/>\n<span class=\"wpcf7-form-control-wrap\" data-name=\"meeting-address\"><input size=\"40\" maxlength=\"400\" class=\"wpcf7-form-control wpcf7-text wpcf7-validates-as-required\" aria-required=\"true\" aria-invalid=\"false\" value=\"\" type=\"text\" name=\"meeting-address\" \/><\/span> <\/label>\n<\/p>\n<p><label><strong>Nome do local *<\/strong> (Igreja, Junta de Freguesia, etc.)<br \/>\n<span class=\"wpcf7-form-control-wrap\" data-name=\"meeting-location\"><input size=\"40\" maxlength=\"400\" class=\"wpcf7-form-control wpcf7-text wpcf7-validates-as-required\" aria-required=\"true\" aria-invalid=\"false\" value=\"\" type=\"text\" name=\"meeting-location\" \/><\/span> <\/label>\n<\/p>\n<p><label><strong>Plataforma Online<\/strong> (Zoom \/ Google Hangouts \/ Teams \/ etc.)<br \/>\n<span class=\"wpcf7-form-control-wrap\" data-name=\"meeting-platform\"><input size=\"40\" maxlength=\"400\" class=\"wpcf7-form-control wpcf7-text\" aria-invalid=\"false\" value=\"\" type=\"text\" name=\"meeting-platform\" \/><\/span> <\/label>\n<\/p>\n<p><label><strong>Link da reuni\u00e3o online<\/strong><br \/>\n<span class=\"wpcf7-form-control-wrap\" data-name=\"meeting-link\"><input size=\"40\" maxlength=\"400\" class=\"wpcf7-form-control wpcf7-text\" aria-invalid=\"false\" value=\"\" type=\"text\" name=\"meeting-link\" \/><\/span> <\/label>\n<\/p>\n<p><label><strong>Detalhes de Acesso \u00e0 Reuni\u00e3o<\/strong> (Se n\u00e3o quiser exibir a senha da reuni\u00e3o online, forne\u00e7a um e\u2011mail an\u00f3nimo [por exemplo, groupo@gmail.com], para que os rec\u00e9m\u2011chegados e aqueles que n\u00e3o est\u00e3o 'a par' possam solicitar a senha e assim aceder \u00e0 reuni\u00e3o.)<br \/>\n<span class=\"wpcf7-form-control-wrap\" data-name=\"your-message\"><textarea cols=\"40\" rows=\"5\" maxlength=\"2000\" class=\"wpcf7-form-control wpcf7-textarea\" aria-invalid=\"false\" name=\"your-message\"><\/textarea><\/span> <\/label>\n<\/p>\n<p><label><strong>Observa\u00e7\u00f5es *<\/strong> (O que precisa ser atualizado, formato da reuni\u00e3o, etc.)<br \/>\n<span class=\"wpcf7-form-control-wrap\" data-name=\"meeting-specifics\"><input size=\"40\" maxlength=\"400\" class=\"wpcf7-form-control wpcf7-text\" aria-invalid=\"false\" value=\"\" type=\"text\" name=\"meeting-specifics\" \/><\/span> <\/label>\n<\/p>\n<div class=\"wpcf7-turnstile cf-turnstile\" data-sitekey=\"0x4AAAAAACH8Pj4Dwzfk9iHG\" data-response-field-name=\"_wpcf7_turnstile_response\"><\/div>\n<p><input class=\"wpcf7-form-control wpcf7-submit has-spinner\" type=\"submit\" value=\"Send\" \/>\n<\/p><div class=\"wpcf7-response-output\" aria-hidden=\"true\"><\/div>\n<\/form>\n<\/div>\n<\/div>\n","protected":false},"excerpt":{"rendered":"<p>Adicione uma nova reuni\u00e3o ou atualize os detalhes de uma reuni\u00e3o existente.Utilize o formul\u00e1rio abaixo para enviar os detalhes! Um servidor de confian\u00e7a processar\u00e1 os envios o mais rapidamente poss\u00edvel. [&hellip;]<\/p>\n","protected":false},"author":1,"featured_media":0,"parent":0,"menu_order":0,"comment_status":"closed","ping_status":"closed","template":"","meta":{"site-sidebar-layout":"default","site-content-layout":"","ast-site-content-layout":"default","site-content-style":"default","site-sidebar-style":"default","ast-global-header-display":"","ast-banner-title-visibility":"","ast-main-header-display":"","ast-hfb-above-header-display":"","ast-hfb-below-header-display":"","ast-hfb-mobile-header-display":"","site-post-title":"","ast-breadcrumbs-content":"","ast-featured-img":"","footer-sml-layout":"","ast-disable-related-posts":"","theme-transparent-header-meta":"","adv-header-id-meta":"","stick-header-meta":"","header-above-stick-meta":"","header-main-stick-meta":"","header-below-stick-meta":"","astra-migrate-meta-layouts":"default","ast-page-background-enabled":"default","ast-page-background-meta":{"desktop":{"background-color":"var(--ast-global-color-5)","background-image":"","background-repeat":"repeat","background-position":"center center","background-size":"auto","background-attachment":"scroll","background-type":"","background-media":"","overlay-type":"","overlay-color":"","overlay-opacity":"","overlay-gradient":""},"tablet":{"background-color":"","background-image":"","background-repeat":"repeat","background-position":"center center","background-size":"auto","background-attachment":"scroll","background-type":"","background-media":"","overlay-type":"","overlay-color":"","overlay-opacity":"","overlay-gradient":""},"mobile":{"background-color":"","background-image":"","background-repeat":"repeat","background-position":"center center","background-size":"auto","background-attachment":"scroll","background-type":"","background-media":"","overlay-type":"","overlay-color":"","overlay-opacity":"","overlay-gradient":""}},"ast-content-background-meta":{"desktop":{"background-color":"var(--ast-global-color-4)","background-image":"","background-repeat":"repeat","background-position":"center center","background-size":"auto","background-attachment":"scroll","background-type":"","background-media":"","overlay-type":"","overlay-color":"","overlay-opacity":"","overlay-gradient":""},"tablet":{"background-color":"var(--ast-global-color-4)","background-image":"","background-repeat":"repeat","background-position":"center center","background-size":"auto","background-attachment":"scroll","background-type":"","background-media":"","overlay-type":"","overlay-color":"","overlay-opacity":"","overlay-gradient":""},"mobile":{"background-color":"var(--ast-global-color-4)","background-image":"","background-repeat":"repeat","background-position":"center center","background-size":"auto","background-attachment":"scroll","background-type":"","background-media":"","overlay-type":"","overlay-color":"","overlay-opacity":"","overlay-gradient":""}},"_price":"","_stock":"","_tribe_ticket_header":"","_tribe_default_ticket_provider":"","_ticket_start_date":"","_ticket_end_date":"","_tribe_ticket_show_description":"","_tribe_ticket_show_not_going":false,"_tribe_ticket_use_global_stock":"","_tribe_ticket_global_stock_level":"","_global_stock_mode":"","_global_stock_cap":"","_tribe_rsvp_for_event":"","_tribe_ticket_going_count":"","_tribe_ticket_not_going_count":"","_tribe_tickets_list":"[]","_tribe_ticket_has_attendee_info_fields":false,"footnotes":"","_tec_slr_enabled":"","_tec_slr_layout":""},"class_list":["post-2263","page","type-page","status-publish","hentry"],"ticketed":false,"_links":{"self":[{"href":"https:\/\/aaportugal.org\/en\/wp-json\/wp\/v2\/pages\/2263","targetHints":{"allow":["GET"]}}],"collection":[{"href":"https:\/\/aaportugal.org\/en\/wp-json\/wp\/v2\/pages"}],"about":[{"href":"https:\/\/aaportugal.org\/en\/wp-json\/wp\/v2\/types\/page"}],"author":[{"embeddable":true,"href":"https:\/\/aaportugal.org\/en\/wp-json\/wp\/v2\/users\/1"}],"replies":[{"embeddable":true,"href":"https:\/\/aaportugal.org\/en\/wp-json\/wp\/v2\/comments?post=2263"}],"version-history":[{"count":10,"href":"https:\/\/aaportugal.org\/en\/wp-json\/wp\/v2\/pages\/2263\/revisions"}],"predecessor-version":[{"id":3057,"href":"https:\/\/aaportugal.org\/en\/wp-json\/wp\/v2\/pages\/2263\/revisions\/3057"}],"wp:attachment":[{"href":"https:\/\/aaportugal.org\/en\/wp-json\/wp\/v2\/media?parent=2263"}],"curies":[{"name":"wp","href":"https:\/\/api.w.org\/{rel}","templated":true}]}}