{"id":1562,"date":"2025-09-28T04:44:23","date_gmt":"2025-09-28T04:44:23","guid":{"rendered":"https:\/\/aaportugal.org\/?page_id=1562"},"modified":"2025-11-18T13:48:30","modified_gmt":"2025-11-18T13:48:30","slug":"links","status":"publish","type":"page","link":"https:\/\/aaportugal.org\/en\/links\/","title":{"rendered":"Links"},"content":{"rendered":"<div class=\"wp-block-stackable-columns alignfull stk-block-columns stk-block stk-52ff41c stk-block-background stk--has-background-overlay\" data-block-id=\"52ff41c\"><style>.stk-52ff41c {background-image:url(https:\/\/aaportugal.org\/wp-content\/uploads\/2025\/09\/ir_attachment_3480-scaled.jpeg) !important;min-height:400px !important;align-items:center !important;padding-top:var(--stk--preset--spacing--70, 3.38rem) !important;padding-right:var(--stk--preset--spacing--70, 3.38rem) !important;padding-bottom:var(--stk--preset--spacing--70, 3.38rem) !important;padding-left:var(--stk--preset--spacing--70, 3.38rem) !important;margin-bottom:0px !important;display:flex !important;}.stk-52ff41c:before{background-color:#000000 !important;opacity:0.6 !important;}<\/style><div class=\"stk-row stk-inner-blocks stk-block-content stk-content-align stk-52ff41c-column alignwide\">\n<div class=\"wp-block-stackable-column stk-block-column stk-column stk-block stk-ef9355a\" data-v=\"4\" data-block-id=\"ef9355a\"><div class=\"stk-column-wrapper stk-block-column__content stk-container stk-ef9355a-container stk--no-background stk--no-padding\"><div class=\"stk-block-content stk-inner-blocks stk-ef9355a-inner-blocks\">\n<div class=\"wp-block-stackable-heading stk-block-heading stk-block-heading--v2 stk-block stk-f4b043f\" id=\"heading-placeholder\" data-block-id=\"f4b043f\"><style>.stk-f4b043f .stk-block-heading__text{color:#ffffff !important;}<\/style><h2 class=\"stk-block-heading__text has-text-color has-text-align-center\">Cri\u00e1mos estes links para proporcionar o acesso a informa\u00e7\u00e3o complementar \u00e0s atividades de AA Portugal.<\/h2><\/div>\n\n\n\n<div class=\"wp-block-stackable-text stk-block-text stk-block stk-aa05d43\" data-block-id=\"aa05d43\"><p class=\"stk-block-text__text has-text-align-center\"><span style=\"color: #ffffff;\" class=\"stk-highlight\">Our links do not constitute or indicate any kind of endorsement or approval.<\/span><\/p><\/div>\n\n\n\n<div class=\"wp-block-stackable-button-group stk-block-button-group stk-block stk-a25f4bb\" data-block-id=\"a25f4bb\"><div class=\"stk-row stk-inner-blocks has-text-align-center stk-block-content stk-button-group\">\n<div class=\"wp-block-stackable-button stk-block-button stk-block stk-6ad9d94\" data-block-id=\"6ad9d94\"><a class=\"stk-link stk-button stk--hover-effect-darken\" href=\"https:\/\/www.aa.org\/\" target=\"_blank\" rel=\"noreferrer noopener\"><span class=\"stk-button__inner-text\">AA World Services<\/span><\/a><\/div>\n\n\n\n<div class=\"wp-block-stackable-button stk-block-button is-style-ghost stk-block stk-adf6355\" data-block-id=\"adf6355\"><style>.stk-adf6355 .stk-button{background:#00a8e3 !important;}.stk-adf6355 .stk-button:hover:after{background:transparent !important;opacity:1 !important;}:where(.stk-hover-parent:hover,  .stk-hover-parent.stk--is-hovered) .stk-adf6355 .stk-button:after{background:transparent !important;opacity:1 !important;}.stk-adf6355 .stk-button:before{border-style:solid !important;}.stk-adf6355 .stk-button__inner-text{color:#ffffff !important;}<\/style><a class=\"stk-link stk-button stk--hover-effect-darken\" href=\"https:\/\/aa-intergroup.org\/\" target=\"_blank\" rel=\"noreferrer noopener\"><span class=\"has-text-color stk-button__inner-text\">AA Online Intergroup<\/span><\/a><\/div>\n<\/div><\/div>\n<\/div><\/div><\/div>\n<\/div><\/div>\n\n\n\n<div class=\"wp-block-stackable-text stk-block-text stk-block stk-09c7f0c\" data-block-id=\"09c7f0c\"><p class=\"stk-block-text__text\"><\/p><\/div>","protected":false},"excerpt":{"rendered":"<p>Cri\u00e1mos estes links para proporcionar o acesso a informa\u00e7\u00e3o complementar \u00e0s atividades de AA Portugal. Os nossos links n\u00e3o constituem nem indicam qualquer tipo de endosso ou aprova\u00e7\u00e3o. Servi\u00e7os Mundiais [&hellip;]<\/p>\n","protected":false},"author":1,"featured_media":0,"parent":0,"menu_order":0,"comment_status":"closed","ping_status":"closed","template":"","meta":{"site-sidebar-layout":"default","site-content-layout":"","ast-site-content-layout":"default","site-content-style":"default","site-sidebar-style":"default","ast-global-header-display":"","ast-banner-title-visibility":"","ast-main-header-display":"","ast-hfb-above-header-display":"","ast-hfb-below-header-display":"","ast-hfb-mobile-header-display":"","site-post-title":"disabled","ast-breadcrumbs-content":"","ast-featured-img":"","footer-sml-layout":"","ast-disable-related-posts":"","theme-transparent-header-meta":"","adv-header-id-meta":"","stick-header-meta":"","header-above-stick-meta":"","header-main-stick-meta":"","header-below-stick-meta":"","astra-migrate-meta-layouts":"default","ast-page-background-enabled":"default","ast-page-background-meta":{"desktop":{"background-color":"var(--ast-global-color-5)","background-image":"","background-repeat":"repeat","background-position":"center center","background-size":"auto","background-attachment":"scroll","background-type":"","background-media":"","overlay-type":"","overlay-color":"","overlay-opacity":"","overlay-gradient":""},"tablet":{"background-color":"","background-image":"","background-repeat":"repeat","background-position":"center center","background-size":"auto","background-attachment":"scroll","background-type":"","background-media":"","overlay-type":"","overlay-color":"","overlay-opacity":"","overlay-gradient":""},"mobile":{"background-color":"","background-image":"","background-repeat":"repeat","background-position":"center center","background-size":"auto","background-attachment":"scroll","background-type":"","background-media":"","overlay-type":"","overlay-color":"","overlay-opacity":"","overlay-gradient":""}},"ast-content-background-meta":{"desktop":{"background-color":"var(--ast-global-color-4)","background-image":"","background-repeat":"repeat","background-position":"center center","background-size":"auto","background-attachment":"scroll","background-type":"","background-media":"","overlay-type":"","overlay-color":"","overlay-opacity":"","overlay-gradient":""},"tablet":{"background-color":"var(--ast-global-color-4)","background-image":"","background-repeat":"repeat","background-position":"center center","background-size":"auto","background-attachment":"scroll","background-type":"","background-media":"","overlay-type":"","overlay-color":"","overlay-opacity":"","overlay-gradient":""},"mobile":{"background-color":"var(--ast-global-color-4)","background-image":"","background-repeat":"repeat","background-position":"center center","background-size":"auto","background-attachment":"scroll","background-type":"","background-media":"","overlay-type":"","overlay-color":"","overlay-opacity":"","overlay-gradient":""}},"_price":"","_stock":"","_tribe_ticket_header":"","_tribe_default_ticket_provider":"","_ticket_start_date":"","_ticket_end_date":"","_tribe_ticket_show_description":"","_tribe_ticket_show_not_going":false,"_tribe_ticket_use_global_stock":"","_tribe_ticket_global_stock_level":"","_global_stock_mode":"","_global_stock_cap":"","_tribe_rsvp_for_event":"","_tribe_ticket_going_count":"","_tribe_ticket_not_going_count":"","_tribe_tickets_list":"[]","_tribe_ticket_has_attendee_info_fields":false,"footnotes":"","_tec_slr_enabled":"","_tec_slr_layout":""},"class_list":["post-1562","page","type-page","status-publish","hentry"],"ticketed":false,"_links":{"self":[{"href":"https:\/\/aaportugal.org\/en\/wp-json\/wp\/v2\/pages\/1562","targetHints":{"allow":["GET"]}}],"collection":[{"href":"https:\/\/aaportugal.org\/en\/wp-json\/wp\/v2\/pages"}],"about":[{"href":"https:\/\/aaportugal.org\/en\/wp-json\/wp\/v2\/types\/page"}],"author":[{"embeddable":true,"href":"https:\/\/aaportugal.org\/en\/wp-json\/wp\/v2\/users\/1"}],"replies":[{"embeddable":true,"href":"https:\/\/aaportugal.org\/en\/wp-json\/wp\/v2\/comments?post=1562"}],"version-history":[{"count":8,"href":"https:\/\/aaportugal.org\/en\/wp-json\/wp\/v2\/pages\/1562\/revisions"}],"predecessor-version":[{"id":2480,"href":"https:\/\/aaportugal.org\/en\/wp-json\/wp\/v2\/pages\/1562\/revisions\/2480"}],"wp:attachment":[{"href":"https:\/\/aaportugal.org\/en\/wp-json\/wp\/v2\/media?parent=1562"}],"curies":[{"name":"wp","href":"https:\/\/api.w.org\/{rel}","templated":true}]}}