{"id":1559,"date":"2025-09-28T04:41:19","date_gmt":"2025-09-28T04:41:19","guid":{"rendered":"https:\/\/aaportugal.org\/?page_id=1559"},"modified":"2025-10-05T19:56:12","modified_gmt":"2025-10-05T19:56:12","slug":"como-e-onde-nos-encontrar","status":"publish","type":"page","link":"https:\/\/aaportugal.org\/en\/como-e-onde-nos-encontrar\/","title":{"rendered":"How and where to find us"},"content":{"rendered":"<div class=\"wp-block-stackable-columns alignfull stk-block-columns stk-has-bottom-separator stk-block stk-13032de stk-block-background stk--has-background-overlay\" data-block-id=\"13032de\"><style>.stk-13032de {background-image:url(https:\/\/aaportugal.org\/wp-content\/uploads\/2025\/10\/astrid-schaffner-qcIkeYYALT4-unsplash.jpg) !important;background-position:center center !important;}.stk-13032de:before{background-color:#000000 !important;opacity:0.5 !important;}.stk-13032de > .stk-separator__bottom .stk-separator__wrapper{height:101px !important;}<\/style><div class=\"stk-row stk-inner-blocks stk-block-content stk-content-align stk-13032de-column alignfull\">\n<div class=\"wp-block-stackable-column stk-block-column stk-column stk-block stk-6924e9c\" data-v=\"4\" data-block-id=\"6924e9c\"><div class=\"stk-column-wrapper stk-block-column__content stk-container stk-6924e9c-container stk--no-background stk--no-padding\"><div class=\"stk-block-content stk-inner-blocks stk-6924e9c-inner-blocks\">\n<div class=\"wp-block-stackable-heading stk-block-heading stk-block-heading--v2 stk-block stk-5a3771b\" id=\"como-e-onde-nos-encontrar\" data-block-id=\"5a3771b\"><style>.stk-5a3771b .stk-block-heading__bottom-line{background-color:#ffffff !important;margin-top:0px !important;margin-left:auto !important;margin-right:auto !important;}.stk-5a3771b {min-height:var(--stk--preset--block-height--none, 0px) !important;padding-top:var(--stk--preset--spacing--60, 2.25rem) !important;padding-right:var(--stk--preset--spacing--60, 2.25rem) !important;padding-bottom:var(--stk--preset--spacing--none, 0px) !important;padding-left:var(--stk--preset--spacing--60, 2.25rem) !important;}.stk-5a3771b .stk-block-heading__text{font-size:60px !important;color:#ffffff !important;}@media screen and (max-width: 1023px){.stk-5a3771b .stk-block-heading__text{font-size:50px !important;}}@media screen and (max-width: 767px){.stk-5a3771b .stk-block-heading__text{font-size:24px !important;}}<\/style><h1 class=\"stk-block-heading__text has-text-color has-text-align-center\">How and where to find us<\/h1><div class=\"stk-block-heading__bottom-line\"><\/div><\/div>\n<\/div><\/div><\/div>\n<\/div><div class=\"stk-separator stk-separator__bottom\"><div class=\"stk-separator__wrapper\"><svg xmlns=\"http:\/\/www.w3.org\/2000\/svg\" viewbox=\"0 0 1600 200\" class=\"stk-separator__layer-1\" preserveaspectratio=\"none\" aria-hidden=\"true\"><path d=\"M1610 209.7v-51.2s-81.4-33.3-241.4-23.1c-157.4 10-247.9 49.6-340.9 49.4-93.1-.1-121-14.6-174.2-33.6-75.7-27.1-166.9-27.2-185.5-25.1-18.7 2.1-67.8 5.5-106-19.3-38.2-24.7-94.8-55.4-209.2-43.1C238.1 76.3 80 111.8-10 55.7v154h1620z\"><\/path><\/svg><\/div><\/div><\/div>\n\n\n\n<div class=\"wp-block-stackable-text stk-block-text stk-block stk-8567fee\" data-block-id=\"8567fee\"><p class=\"stk-block-text__text\">Alcoholics Anonymous works through meetings that take place in groups in various locations. These groups can be found under \"Meetings\" in the main options on this site.<\/p><\/div>\n\n\n\n<div class=\"wp-block-stackable-text stk-block-text stk-block stk-cd730b7\" data-block-id=\"cd730b7\"><p class=\"stk-block-text__text\">Meetings can be closed (only for people who want to solve their drinking problem) or open (anyone can join).<\/p><\/div>\n\n\n\n<div class=\"wp-block-stackable-text stk-block-text stk-block stk-f15c842\" data-block-id=\"f15c842\"><p class=\"stk-block-text__text\">If you wish, you can call 217 162 969, which is a helpline. Someone will answer your call and, if you wish, your contact details will be passed to someone who, in time, will talk to you and can accompany you to an initial meeting.<\/p><\/div>\n\n\n\n<div class=\"wp-block-stackable-text stk-block-text stk-block stk-e5d1b3c\" data-block-id=\"e5d1b3c\"><p class=\"stk-block-text__text\">This method has proven more comfortable for many people, as it allows them to arrive accompanied at their first meeting. However, you can simply show up at any of the meetings listed on this site.<\/p><\/div>\n\n\n\n<div class=\"wp-block-stackable-text stk-block-text stk-block stk-ff77028\" data-block-id=\"ff77028\"><p class=\"stk-block-text__text\">Meetings usually ask if the newcomer has a problem with alcohol and if this is their first A.A. meeting. If this is the case, you are very welcome and the whole group will focus on giving you the most useful information to help you start to solve the situation.  There's no need to give your full name, fill in any forms or say anything else. You can simply listen.  If you have any doubts, you can go to as many meetings as you like without having to give reasons or make any commitments. You are free to decide where and when to go. The members present at the meetings will be delighted if they can be useful to you.\n\nWhy postpone?\nThe time is now, the day is today, the solution is possible. There are many people who have had problems with alcohol and who now have full and happy lives. You can be one of them.<\/p><\/div>\n\n\n\n<div class=\"wp-block-stackable-text stk-block-text stk-block stk-eb9a646\" data-block-id=\"eb9a646\"><p class=\"stk-block-text__text\"><\/p><\/div>\n\n\n\n<div class=\"wp-block-stackable-columns alignfull stk-block-columns stk-block stk-ee17105\" data-block-id=\"ee17105\"><style>.stk-ee17105 {margin-top:var(--stk--preset--spacing--70, 3.38rem) !important;margin-bottom:var(--stk--preset--spacing--70, 3.38rem) !important;}<\/style><div class=\"stk-row stk-inner-blocks stk-block-content stk-content-align stk-ee17105-column alignfull\">\n<div class=\"wp-block-stackable-column stk-block-column stk-column stk-block stk-4e23b92\" data-v=\"4\" data-block-id=\"4e23b92\"><style>.stk-4e23b92-container{background-image:url(https:\/\/aaportugal.org\/wp-content\/uploads\/2025\/09\/ir_attachment_3480-scaled.jpeg) !important;overflow:hidden !important;}.stk-4e23b92-container:before{background-color:#000000 !important;opacity:0.4 !important;}<\/style><div class=\"stk-column-wrapper stk-block-column__content stk-container stk-4e23b92-container stk-hover-parent stk--has-background-overlay\"><div class=\"stk-block-content stk-inner-blocks stk-4e23b92-inner-blocks\">\n<div class=\"wp-block-stackable-heading stk-block-heading stk-block-heading--v2 stk-block stk-61b22ef\" id=\"heading-placeholder\" data-block-id=\"61b22ef\"><style>.stk-61b22ef .stk-block-heading__text{color:#ffffff !important;}<\/style><h2 class=\"stk-block-heading__text has-text-color has-text-align-center\">Porqu\u00ea adiar?<\/h2><\/div>\n\n\n\n<div class=\"wp-block-stackable-text stk-block-text stk-block stk-b5dd20e\" data-block-id=\"b5dd20e\"><p class=\"stk-block-text__text has-text-align-center\"><strong><span style=\"color: #ffffff;\" class=\"stk-highlight\">O momento \u00e9 agora, o dia \u00e9 hoje, a solu\u00e7\u00e3o \u00e9 poss\u00edvel. Existem muitas pessoas que tiveram problemas com \u00e1lcool e que agora t\u00eam vidas preenchidas e felizes. Voc\u00ea pode ser uma delas.<\/span><\/strong><\/p><\/div>\n<\/div><\/div><\/div>\n<\/div><\/div>\n\n\n\n<div class=\"wp-block-stackable-text stk-block-text stk-block stk-69741ff\" data-block-id=\"69741ff\"><p class=\"stk-block-text__text\"><\/p><\/div>","protected":false},"excerpt":{"rendered":"<p>Como e Onde nos Encontrar? Alco\u00f3licos An\u00f3nimos funciona atrav\u00e9s de reuni\u00f5es que se realizam em grupos que existem em v\u00e1rios locais. Esses grupos podem ser encontrados no item \u201cReuni\u00f5es\u201d&nbsp; nas [&hellip;]<\/p>\n","protected":false},"author":1,"featured_media":0,"parent":0,"menu_order":0,"comment_status":"closed","ping_status":"closed","template":"","meta":{"site-sidebar-layout":"default","site-content-layout":"","ast-site-content-layout":"default","site-content-style":"default","site-sidebar-style":"default","ast-global-header-display":"","ast-banner-title-visibility":"","ast-main-header-display":"","ast-hfb-above-header-display":"","ast-hfb-below-header-display":"","ast-hfb-mobile-header-display":"","site-post-title":"disabled","ast-breadcrumbs-content":"","ast-featured-img":"","footer-sml-layout":"","ast-disable-related-posts":"","theme-transparent-header-meta":"","adv-header-id-meta":"","stick-header-meta":"","header-above-stick-meta":"","header-main-stick-meta":"","header-below-stick-meta":"","astra-migrate-meta-layouts":"default","ast-page-background-enabled":"default","ast-page-background-meta":{"desktop":{"background-color":"var(--ast-global-color-5)","background-image":"","background-repeat":"repeat","background-position":"center center","background-size":"auto","background-attachment":"scroll","background-type":"","background-media":"","overlay-type":"","overlay-color":"","overlay-opacity":"","overlay-gradient":""},"tablet":{"background-color":"","background-image":"","background-repeat":"repeat","background-position":"center center","background-size":"auto","background-attachment":"scroll","background-type":"","background-media":"","overlay-type":"","overlay-color":"","overlay-opacity":"","overlay-gradient":""},"mobile":{"background-color":"","background-image":"","background-repeat":"repeat","background-position":"center center","background-size":"auto","background-attachment":"scroll","background-type":"","background-media":"","overlay-type":"","overlay-color":"","overlay-opacity":"","overlay-gradient":""}},"ast-content-background-meta":{"desktop":{"background-color":"var(--ast-global-color-4)","background-image":"","background-repeat":"repeat","background-position":"center center","background-size":"auto","background-attachment":"scroll","background-type":"","background-media":"","overlay-type":"","overlay-color":"","overlay-opacity":"","overlay-gradient":""},"tablet":{"background-color":"var(--ast-global-color-4)","background-image":"","background-repeat":"repeat","background-position":"center center","background-size":"auto","background-attachment":"scroll","background-type":"","background-media":"","overlay-type":"","overlay-color":"","overlay-opacity":"","overlay-gradient":""},"mobile":{"background-color":"var(--ast-global-color-4)","background-image":"","background-repeat":"repeat","background-position":"center center","background-size":"auto","background-attachment":"scroll","background-type":"","background-media":"","overlay-type":"","overlay-color":"","overlay-opacity":"","overlay-gradient":""}},"_price":"","_stock":"","_tribe_ticket_header":"","_tribe_default_ticket_provider":"","_ticket_start_date":"","_ticket_end_date":"","_tribe_ticket_show_description":"","_tribe_ticket_show_not_going":false,"_tribe_ticket_use_global_stock":"","_tribe_ticket_global_stock_level":"","_global_stock_mode":"","_global_stock_cap":"","_tribe_rsvp_for_event":"","_tribe_ticket_going_count":"","_tribe_ticket_not_going_count":"","_tribe_tickets_list":"[]","_tribe_ticket_has_attendee_info_fields":false,"footnotes":"","_tec_slr_enabled":"","_tec_slr_layout":""},"class_list":["post-1559","page","type-page","status-publish","hentry"],"ticketed":false,"_links":{"self":[{"href":"https:\/\/aaportugal.org\/en\/wp-json\/wp\/v2\/pages\/1559","targetHints":{"allow":["GET"]}}],"collection":[{"href":"https:\/\/aaportugal.org\/en\/wp-json\/wp\/v2\/pages"}],"about":[{"href":"https:\/\/aaportugal.org\/en\/wp-json\/wp\/v2\/types\/page"}],"author":[{"embeddable":true,"href":"https:\/\/aaportugal.org\/en\/wp-json\/wp\/v2\/users\/1"}],"replies":[{"embeddable":true,"href":"https:\/\/aaportugal.org\/en\/wp-json\/wp\/v2\/comments?post=1559"}],"version-history":[{"count":3,"href":"https:\/\/aaportugal.org\/en\/wp-json\/wp\/v2\/pages\/1559\/revisions"}],"predecessor-version":[{"id":1816,"href":"https:\/\/aaportugal.org\/en\/wp-json\/wp\/v2\/pages\/1559\/revisions\/1816"}],"wp:attachment":[{"href":"https:\/\/aaportugal.org\/en\/wp-json\/wp\/v2\/media?parent=1559"}],"curies":[{"name":"wp","href":"https:\/\/api.w.org\/{rel}","templated":true}]}}