{"id":1553,"date":"2025-09-28T04:34:39","date_gmt":"2025-09-28T04:34:39","guid":{"rendered":"https:\/\/aaportugal.org\/?page_id=1553"},"modified":"2025-10-05T19:54:04","modified_gmt":"2025-10-05T19:54:04","slug":"anonimato-porque-e-para-que","status":"publish","type":"page","link":"https:\/\/aaportugal.org\/en\/anonimato-porque-e-para-que\/","title":{"rendered":"Anonymity"},"content":{"rendered":"<div class=\"wp-block-stackable-columns alignfull stk-block-columns stk-has-bottom-separator stk-block stk-13032de stk-block-background stk--has-background-overlay\" data-block-id=\"13032de\"><style>.stk-13032de {background-image:url(https:\/\/aaportugal.org\/wp-content\/uploads\/2025\/10\/kalen-emsley-Bkci_8qcdvQ-unsplash.jpg) !important;background-position:center center !important;}.stk-13032de:before{background-color:#000000 !important;opacity:0.5 !important;}.stk-13032de > .stk-separator__bottom .stk-separator__wrapper{height:101px !important;}<\/style><div class=\"stk-row stk-inner-blocks stk-block-content stk-content-align stk-13032de-column alignfull\">\n<div class=\"wp-block-stackable-column stk-block-column stk-column stk-block stk-6924e9c\" data-v=\"4\" data-block-id=\"6924e9c\"><div class=\"stk-column-wrapper stk-block-column__content stk-container stk-6924e9c-container stk--no-background stk--no-padding\"><div class=\"stk-block-content stk-inner-blocks stk-6924e9c-inner-blocks\">\n<div class=\"wp-block-stackable-heading stk-block-heading stk-block-heading--v2 stk-block stk-5a3771b\" id=\"anonimato-porque-e-para-que\" data-block-id=\"5a3771b\"><style>.stk-5a3771b .stk-block-heading__bottom-line{background-color:#ffffff !important;margin-top:0px !important;margin-left:auto !important;margin-right:auto !important;}.stk-5a3771b {min-height:var(--stk--preset--block-height--none, 0px) !important;padding-top:var(--stk--preset--spacing--60, 2.25rem) !important;padding-right:var(--stk--preset--spacing--60, 2.25rem) !important;padding-bottom:var(--stk--preset--spacing--none, 0px) !important;padding-left:var(--stk--preset--spacing--60, 2.25rem) !important;}.stk-5a3771b .stk-block-heading__text{font-size:60px !important;color:#ffffff !important;}@media screen and (max-width: 1023px){.stk-5a3771b .stk-block-heading__text{font-size:50px !important;}}@media screen and (max-width: 767px){.stk-5a3771b .stk-block-heading__text{font-size:24px !important;}}<\/style><h1 class=\"stk-block-heading__text has-text-color has-text-align-center\">Anonymity<\/h1><div class=\"stk-block-heading__bottom-line\"><\/div><\/div>\n<\/div><\/div><\/div>\n<\/div><div class=\"stk-separator stk-separator__bottom\"><div class=\"stk-separator__wrapper\"><svg xmlns=\"http:\/\/www.w3.org\/2000\/svg\" viewbox=\"0 0 1600 200\" class=\"stk-separator__layer-1\" preserveaspectratio=\"none\" aria-hidden=\"true\"><path d=\"M1610 209.7v-51.2s-81.4-33.3-241.4-23.1c-157.4 10-247.9 49.6-340.9 49.4-93.1-.1-121-14.6-174.2-33.6-75.7-27.1-166.9-27.2-185.5-25.1-18.7 2.1-67.8 5.5-106-19.3-38.2-24.7-94.8-55.4-209.2-43.1C238.1 76.3 80 111.8-10 55.7v154h1620z\"><\/path><\/svg><\/div><\/div><\/div>\n\n\n\n<div class=\"wp-block-stackable-heading stk-block-heading stk-block-heading--v2 stk-block stk-45d2daa\" id=\"anonimato-porque-e-para-que\" data-block-id=\"45d2daa\"><h2 class=\"stk-block-heading__text\">Anonymity \u2013 Why and what for?<\/h2><\/div>\n\n\n\n<div class=\"wp-block-stackable-text stk-block-text stk-block stk-8b1577e\" data-block-id=\"8b1577e\"><p class=\"stk-block-text__text\">What is the purpose of anonymity in Alcoholics Anonymous? Why is it so often referred to as the greatest single protection the Fellowship has to ensure its continued existence and growth? If we look at the history of A.A. from its beginnings in 1935 until now, it becomes clear that anonymity serves two different, yet equally vital, functions:<\/p><\/div>\n\n\n\n<div class=\"wp-block-stackable-text stk-block-text stk-block stk-1740669\" data-block-id=\"1740669\"><p class=\"stk-block-text__text\">At a personal level, anonymity ensures the protection of all members from being identified as alcoholics, a safeguard often of particular importance to newcomers; at the level of the press, radio, television, films and other technological media such as the Internet. A.A. anonymity stresses the equality of all members of the Fellowship, curbing those who might otherwise exploit their A.A. affiliation to achieve recognition, power or personal gain.<\/p><\/div>\n\n\n\n<div class=\"wp-block-stackable-heading stk-block-heading stk-block-heading--v2 stk-block stk-83ce2b9\" id=\"o-anonimato-numa-base-individual\" data-block-id=\"83ce2b9\"><h2 class=\"stk-block-heading__text\">Anonymity at a personal level<\/h2><\/div>\n\n\n\n<div class=\"wp-block-stackable-text stk-block-text stk-block stk-15f8a63\" data-block-id=\"15f8a63\"><p class=\"stk-block-text__text\">From its earliest days, A.A. has promised personal anonymity to all who attend its meetings. Its founders and first members, themselves also recovering alcoholics, knew from experience the shame most alcoholics feel about drinking and their fear of public exposure. The social stigma of alcoholism was great and the first A.A. members recognized that a firm guarantee of confidentiality was essential if they were to succeed in attracting and helping other alcoholics to achieve sobriety.<\/p><\/div>\n\n\n\n<div class=\"wp-block-stackable-text stk-block-text stk-block stk-a47da3d\" data-block-id=\"a47da3d\"><p class=\"stk-block-text__text\">Over the years, anonymity has proved to be one of the greatest gifts that A.A. has to offer the suffering alcoholic. Without it, many would never have attended their first meeting. Although the stigma has eased to certain degree, most of the newcomers still find admitting their alcoholism so painful that it is only possible in a protected environment. Anonymity is essential for this atmosphere of trust and openness.<\/p><\/div>\n\n\n\n<h2 class=\"wp-block-heading\">Anonymity at the public level<\/h2>\n\n\n\n<div class=\"wp-block-stackable-text stk-block-text stk-block stk-75956f3\" data-block-id=\"75956f3\"><p class=\"stk-block-text__text\">After its first few years of success, the Fellowship attracted very positive press attention. Articles praising A.A. appeared in magazines and newspapers all over the country. With each new article, the number of A.A. members increased. At that time, everyone still feared the consequences of public disclosure, so the first press coverage preserved the anonymity of the members for safety's sake.<\/p><\/div>\n\n\n\n<div class=\"wp-block-stackable-text stk-block-text stk-block stk-ee7d478\" data-block-id=\"ee7d478\"><p class=\"stk-block-text__text\">As public awareness of alcoholism increased, the stigma decreased and soon some members began to make their A.A. affiliation public in the media. One of the first to do so was a famous football player whose rehabilitation was so spectacular that the newspapers devoted special attention to his triumphant battle against alcohol. Believing that he could help A.A. by revealing his affiliation, he talked about it openly. Even A.A.'s founders approved of his actions simply because they had not yet experienced the price of such publicity.<\/p><\/div>\n\n\n\n<div class=\"wp-block-stackable-text stk-block-text stk-block stk-11082e0\" data-block-id=\"11082e0\"><p class=\"stk-block-text__text\">Then other members decided to break their anonymity at media level, some motivated by goodwill, others by personal interest. Some members devised ploys to associate their A.A. affiliation with all sorts of business activities: insurance, sales, places known as \"detox farms\" and even a temperance magazine, to name but a few.<\/p><\/div>\n\n\n\n<div class=\"wp-block-stackable-text stk-block-text stk-block stk-a1fb978\" data-block-id=\"a1fb978\"><p class=\"stk-block-text__text\">It wasn't long before the central services realized that those who broke their anonymity in an attitude of overzealousness and self-promotion could quickly endanger the Fellowship's hard-earned reputation. And they realized that if one person was the exception, other exceptions would inevitably follow. To ensure A.A.'s unity, effectiveness and well-being, anonymity had to apply to everyone. It safeguarded everything A.A. stood for.<\/p><\/div>\n\n\n\n<div class=\"wp-block-stackable-text stk-block-text stk-block stk-628024f\" data-block-id=\"628024f\"><p class=\"stk-block-text__text\">More recently, the arrival of new forms of electronic communication, such as social media, offers new ways to bring A.A.'s message to the public. Modern communications flow in very technological ways, with a relatively open scope and evolving rapidly. The protection of anonymity is a major concern for A.A. members who access the Internet in ever-increasing numbers.<\/p><\/div>\n\n\n\n<div class=\"wp-block-stackable-text stk-block-text stk-block stk-fd3a664\" data-block-id=\"fd3a664\"><p class=\"stk-block-text__text\">By stressing the equality of all A.A. members and the unity of their shared commitment to recover from alcoholism, anonymity acts as the spiritual foundation of the Fellowship. In 1946, Bill W., our co-founder, wrote: \"The term 'anonymous' has an enormous spiritual significance for us. In a subtle but emphatic way, it reminds us that we must always place principles before personalities; that we have renounced personal glorification in public; that our movement not only proclaims but also practices true humility.\"<\/p><\/div>\n\n\n\n<div class=\"wp-block-stackable-text stk-block-text stk-block stk-30f6c5d\" data-block-id=\"30f6c5d\"><p class=\"stk-block-text__text\"><\/p><\/div>\n\n\n\n<div class=\"wp-block-stackable-columns alignfull stk-block-columns stk-block stk-6a5246b\" data-block-id=\"6a5246b\"><style>.stk-6a5246b {margin-top:var(--stk--preset--spacing--70, 3.38rem) !important;margin-bottom:var(--stk--preset--spacing--70, 3.38rem) !important;}.stk-6a5246b-column{--stk-column-gap:var(--stk--preset--spacing--40, 30px) !important;}<\/style><div class=\"stk-row stk-inner-blocks stk-block-content stk-content-align stk-6a5246b-column alignwide\">\n<div class=\"wp-block-stackable-column stk-block-column stk-column stk-block stk-31c43b7 stk-block-background stk--has-background-overlay\" data-v=\"4\" data-block-id=\"31c43b7\"><style>.stk-31c43b7 {background-image:url(https:\/\/aaportugal.org\/wp-content\/uploads\/2025\/09\/3-1.jpg) !important;}.stk-31c43b7-container{min-height:500px !important;}<\/style><div class=\"stk-column-wrapper stk-block-column__content stk-container stk-31c43b7-container stk--no-background stk--no-padding\"><div class=\"stk-block-content stk-inner-blocks stk-31c43b7-inner-blocks\"><\/div><\/div><\/div>\n\n\n\n<div class=\"wp-block-stackable-column stk-block-column stk-column stk-block stk-94a9aa5\" data-v=\"4\" data-block-id=\"94a9aa5\"><style>.stk-94a9aa5-inner-blocks{justify-content:center !important;}<\/style><div class=\"stk-column-wrapper stk-block-column__content stk-container stk-94a9aa5-container stk--no-background stk--no-padding\"><div class=\"stk--column-flex stk-block-content stk-inner-blocks stk-94a9aa5-inner-blocks\">\n<div class=\"wp-block-stackable-heading stk-block-heading stk-block-heading--v2 stk-block stk-fc91200\" id=\"heading-placeholder\" data-block-id=\"fc91200\"><h2 class=\"stk-block-heading__text\">In short:<\/h2><\/div>\n\n\n\n<ul class=\"wp-block-list\">\n<li><strong>A.A. members may reveal their identity and speak as recovering alcoholics in radio, television and Internet interviews without violating the Traditions, as long as they do not reveal the fact that they belong to the A.A. Fellowship.<\/strong><\/li>\n\n\n\n<li><strong>A.A. members can speak as A.A. members as long as their names or faces are not revealed. They do not speak for A.A. but as individual members.<\/strong><\/li>\n<\/ul>\n\n\n\n<div class=\"wp-block-stackable-text stk-block-text stk-block stk-874ee16\" data-block-id=\"874ee16\"><p class=\"stk-block-text__text\"><\/p><\/div>\n<\/div><\/div><\/div>\n<\/div><\/div>","protected":false},"excerpt":{"rendered":"<p>Anonimato: Porqu\u00ea e Para Qu\u00ea? Anonimato Porqu\u00ea e para qu\u00ea? Qual \u00e9 o prop\u00f3sito do anonimato em Alco\u00f3licos An\u00f3nimos? Porque \u00e9 tantas vezes referido como a maior e \u00fanica prote\u00e7\u00e3o [&hellip;]<\/p>\n","protected":false},"author":1,"featured_media":0,"parent":0,"menu_order":0,"comment_status":"closed","ping_status":"closed","template":"","meta":{"site-sidebar-layout":"default","site-content-layout":"","ast-site-content-layout":"default","site-content-style":"default","site-sidebar-style":"default","ast-global-header-display":"","ast-banner-title-visibility":"","ast-main-header-display":"","ast-hfb-above-header-display":"","ast-hfb-below-header-display":"","ast-hfb-mobile-header-display":"","site-post-title":"disabled","ast-breadcrumbs-content":"","ast-featured-img":"","footer-sml-layout":"","ast-disable-related-posts":"","theme-transparent-header-meta":"","adv-header-id-meta":"","stick-header-meta":"","header-above-stick-meta":"","header-main-stick-meta":"","header-below-stick-meta":"","astra-migrate-meta-layouts":"default","ast-page-background-enabled":"default","ast-page-background-meta":{"desktop":{"background-color":"var(--ast-global-color-5)","background-image":"","background-repeat":"repeat","background-position":"center center","background-size":"auto","background-attachment":"scroll","background-type":"","background-media":"","overlay-type":"","overlay-color":"","overlay-opacity":"","overlay-gradient":""},"tablet":{"background-color":"","background-image":"","background-repeat":"repeat","background-position":"center center","background-size":"auto","background-attachment":"scroll","background-type":"","background-media":"","overlay-type":"","overlay-color":"","overlay-opacity":"","overlay-gradient":""},"mobile":{"background-color":"","background-image":"","background-repeat":"repeat","background-position":"center center","background-size":"auto","background-attachment":"scroll","background-type":"","background-media":"","overlay-type":"","overlay-color":"","overlay-opacity":"","overlay-gradient":""}},"ast-content-background-meta":{"desktop":{"background-color":"var(--ast-global-color-4)","background-image":"","background-repeat":"repeat","background-position":"center center","background-size":"auto","background-attachment":"scroll","background-type":"","background-media":"","overlay-type":"","overlay-color":"","overlay-opacity":"","overlay-gradient":""},"tablet":{"background-color":"var(--ast-global-color-4)","background-image":"","background-repeat":"repeat","background-position":"center center","background-size":"auto","background-attachment":"scroll","background-type":"","background-media":"","overlay-type":"","overlay-color":"","overlay-opacity":"","overlay-gradient":""},"mobile":{"background-color":"var(--ast-global-color-4)","background-image":"","background-repeat":"repeat","background-position":"center center","background-size":"auto","background-attachment":"scroll","background-type":"","background-media":"","overlay-type":"","overlay-color":"","overlay-opacity":"","overlay-gradient":""}},"_price":"","_stock":"","_tribe_ticket_header":"","_tribe_default_ticket_provider":"","_ticket_start_date":"","_ticket_end_date":"","_tribe_ticket_show_description":"","_tribe_ticket_show_not_going":false,"_tribe_ticket_use_global_stock":"","_tribe_ticket_global_stock_level":"","_global_stock_mode":"","_global_stock_cap":"","_tribe_rsvp_for_event":"","_tribe_ticket_going_count":"","_tribe_ticket_not_going_count":"","_tribe_tickets_list":"[]","_tribe_ticket_has_attendee_info_fields":false,"footnotes":"","_tec_slr_enabled":"","_tec_slr_layout":""},"class_list":["post-1553","page","type-page","status-publish","hentry"],"ticketed":false,"_links":{"self":[{"href":"https:\/\/aaportugal.org\/en\/wp-json\/wp\/v2\/pages\/1553","targetHints":{"allow":["GET"]}}],"collection":[{"href":"https:\/\/aaportugal.org\/en\/wp-json\/wp\/v2\/pages"}],"about":[{"href":"https:\/\/aaportugal.org\/en\/wp-json\/wp\/v2\/types\/page"}],"author":[{"embeddable":true,"href":"https:\/\/aaportugal.org\/en\/wp-json\/wp\/v2\/users\/1"}],"replies":[{"embeddable":true,"href":"https:\/\/aaportugal.org\/en\/wp-json\/wp\/v2\/comments?post=1553"}],"version-history":[{"count":2,"href":"https:\/\/aaportugal.org\/en\/wp-json\/wp\/v2\/pages\/1553\/revisions"}],"predecessor-version":[{"id":1812,"href":"https:\/\/aaportugal.org\/en\/wp-json\/wp\/v2\/pages\/1553\/revisions\/1812"}],"wp:attachment":[{"href":"https:\/\/aaportugal.org\/en\/wp-json\/wp\/v2\/media?parent=1553"}],"curies":[{"name":"wp","href":"https:\/\/api.w.org\/{rel}","templated":true}]}}