{"id":1533,"date":"2025-09-28T03:59:05","date_gmt":"2025-09-28T03:59:05","guid":{"rendered":"https:\/\/aaportugal.org\/?page_id=1533"},"modified":"2025-09-28T03:59:35","modified_gmt":"2025-09-28T03:59:35","slug":"questionario-para-os-jovens","status":"publish","type":"page","link":"https:\/\/aaportugal.org\/en\/questionario-para-os-jovens\/","title":{"rendered":"Questionnaire for Young People"},"content":{"rendered":"<div class=\"wp-block-stackable-columns alignfull stk-block-columns stk-block stk-948158f stk-block-background stk--has-background-overlay\" data-block-id=\"948158f\"><style>.stk-948158f {background-image:url(https:\/\/aaportugal.org\/wp-content\/uploads\/2025\/09\/edwin-andrade-4V1dC_eoCwg-unsplash.jpg) !important;background-attachment:fixed !important;min-height:500px !important;align-items:center !important;padding-top:var(--stk--preset--spacing--70, 3.38rem) !important;padding-right:var(--stk--preset--spacing--70, 3.38rem) !important;padding-bottom:var(--stk--preset--spacing--70, 3.38rem) !important;padding-left:var(--stk--preset--spacing--70, 3.38rem) !important;margin-bottom:0px !important;display:flex !important;}.stk-948158f:before{background-color:#000000 !important;opacity:0.3 !important;}<\/style><div class=\"stk-row stk-inner-blocks stk-block-content stk-content-align stk-948158f-column alignwide\">\n<div class=\"wp-block-stackable-column stk-block-column stk-column stk-block stk-0241744\" data-v=\"4\" data-block-id=\"0241744\"><div class=\"stk-column-wrapper stk-block-column__content stk-container stk-0241744-container stk--no-background stk--no-padding\"><div class=\"stk-block-content stk-inner-blocks stk-0241744-inner-blocks\">\n<div class=\"wp-block-stackable-heading stk-block-heading stk-block-heading--v2 stk-block stk-1718286\" id=\"heading-placeholder\" data-block-id=\"1718286\"><style>.stk-1718286 .stk-block-heading__text{color:#ffffff !important;}<\/style><h1 class=\"stk-block-heading__text has-text-color has-text-align-center\">Questionnaire for Young People<\/h1><\/div>\n\n\n\n<div class=\"wp-block-stackable-heading stk-block-heading stk-block-heading--v2 stk-block stk-b5f0a87\" id=\"como-saber-se-a-bebida-ja-esta-a-tornar-se-um-problema\" data-block-id=\"b5f0a87\"><style>.stk-b5f0a87 .stk-block-heading__text{color:#ffffff !important;}<\/style><h3 class=\"stk-block-heading__text has-text-color has-text-align-center\">How to know if drinking is becoming a problem<\/h3><\/div>\n<\/div><\/div><\/div>\n<\/div><\/div>\n\n\n\n<div class=\"wp-block-stackable-columns alignfull stk-block-columns stk-block stk-c3e14fc\" data-block-id=\"c3e14fc\"><style>.stk-c3e14fc {margin-top:var(--stk--preset--spacing--70, 3.38rem) !important;margin-bottom:var(--stk--preset--spacing--70, 3.38rem) !important;}<\/style><div class=\"stk-row stk-inner-blocks stk-block-content stk-content-align stk-c3e14fc-column alignwide\">\n<div class=\"wp-block-stackable-column stk-block-column stk-column stk-block stk-9fe61da\" data-v=\"4\" data-block-id=\"9fe61da\"><div class=\"stk-column-wrapper stk-block-column__content stk-container stk-9fe61da-container stk--no-background stk--no-padding\"><div class=\"has-text-align-center stk-block-content stk-inner-blocks stk-9fe61da-inner-blocks\">\n<div class=\"wp-block-stackable-heading stk-block-heading stk-block-heading--v2 stk-block stk-a73c64d\" id=\"heading-placeholder\" data-block-id=\"a73c64d\"><h2 class=\"stk-block-heading__text\">Alcoholism is a difficult word to swallow.<\/h2><\/div>\n\n\n\n<div class=\"wp-block-stackable-text stk-block-text stk-block stk-cd9cc0f\" data-block-id=\"cd9cc0f\"><style>.stk-cd9cc0f {margin-bottom:0px !important;}<\/style><p class=\"stk-block-text__text\">However, no one is too young (or old) to have problems with alcohol.<\/p><\/div>\n\n\n\n<div class=\"wp-block-stackable-text stk-block-text stk-block stk-86271ec\" data-block-id=\"86271ec\"><style>.stk-86271ec {margin-bottom:var(--stk--preset--spacing--none, 0px) !important;}<\/style><p class=\"stk-block-text__text\">And that's because alcoholism is a disease. A disease that can affect anyone. Young, old, rich, poor, without distinction of ethnicity or color.<\/p><\/div>\n\n\n\n<div class=\"wp-block-stackable-text stk-block-text stk-block stk-050f2cc\" data-block-id=\"050f2cc\"><style>.stk-050f2cc {margin-bottom:var(--stk--preset--spacing--none, 0px) !important;}<\/style><p class=\"stk-block-text__text\">It doesn't matter how long you've been drinking or what you drink. What matters is how alcohol affects you.<\/p><\/div>\n\n\n\n<div class=\"wp-block-stackable-text stk-block-text stk-block stk-134e6f5\" data-block-id=\"134e6f5\"><p class=\"stk-block-text__text\">We've prepared 12 questions to help you decide whether or not you have a drinking problem. The answers are your business and nobody else's.<\/p><\/div>\n<\/div><\/div><\/div>\n<\/div><\/div>\n\n\n\n<h4 class=\"wp-block-heading\"><strong>1. Do you drink because you have problems? To relax?&nbsp;<\/strong><\/h4>\n\n\n\n<h4 class=\"wp-block-heading\"><strong>2. Do you drink when you get angry with others, your friends, or your parents?<\/strong><\/h4>\n\n\n\n<h4 class=\"wp-block-heading\"><strong>3. Do you prefer drinking alone rather than with others?<\/strong><\/h4>\n\n\n\n<h4 class=\"wp-block-heading\"><strong>4. Have your grades started to get worse? Are you making mistakes at work?<\/strong><\/h4>\n\n\n\n<h4 class=\"wp-block-heading\"><strong>5. Have you ever tried to stop drinking or drink less \u2013 and failed?<\/strong><\/h4>\n\n\n\n<h4 class=\"wp-block-heading\"><strong>6. Have you ever started drinking in the morning, before going to school or work?<\/strong><\/h4>\n\n\n\n<h4 class=\"wp-block-heading\"><strong>7. Can you empty the glass in one gulp?<\/strong><\/h4>\n\n\n\n<h4 class=\"wp-block-heading\"><strong>8. Have you ever experienced memory lapses because of your drinking habits?<\/strong><\/h4>\n\n\n\n<h4 class=\"wp-block-heading\"><strong>9. Do you lie about your drinking habits?<\/strong><\/h4>\n\n\n\n<h4 class=\"wp-block-heading\"><strong>10. Do you cause trouble when you drink?<\/strong><\/h4>\n\n\n\n<h4 class=\"wp-block-heading\"><strong>11. Do you get drunk when you drink, even when you don't want to?<\/strong><\/h4>\n\n\n\n<h4 class=\"wp-block-heading\"><strong>12. Do you think you impress others by being able to handle alcohol?<\/strong><\/h4>\n\n\n\n<h3 class=\"wp-block-heading\">If you answered \u201cyes\u201d to any of these questions, perhaps it\u2019s time to seriously consider the effects alcohol is having on you.<\/h3>\n\n\n\n<h3 class=\"wp-block-heading\">If you need help or want to talk to someone about your drinking habits,&nbsp;<\/h3>\n\n\n\n<h3 class=\"wp-block-heading\">call us at\u00a0<strong>217 162 969\u00a0<\/strong>\u00a0or email us to\u00a0<strong>ajuda@aaportugal.org.<\/strong><\/h3>\n\n\n\n<div class=\"wp-block-stackable-text stk-block-text stk-block stk-5f41380\" data-block-id=\"5f41380\"><p class=\"stk-block-text__text\"><\/p><\/div>","protected":false},"excerpt":{"rendered":"<p>Question\u00e1rio para os jovens Como saber se a bebida j\u00e1 est\u00e1 a tornar-se um problema Alcoolismo \u00e9 uma palavra dif\u00edcil de tragar. Todavia ningu\u00e9m \u00e9 demasiado jovem (ou velho) para [&hellip;]<\/p>\n","protected":false},"author":1,"featured_media":0,"parent":0,"menu_order":0,"comment_status":"closed","ping_status":"closed","template":"","meta":{"site-sidebar-layout":"default","site-content-layout":"","ast-site-content-layout":"default","site-content-style":"default","site-sidebar-style":"default","ast-global-header-display":"","ast-banner-title-visibility":"","ast-main-header-display":"","ast-hfb-above-header-display":"","ast-hfb-below-header-display":"","ast-hfb-mobile-header-display":"","site-post-title":"disabled","ast-breadcrumbs-content":"","ast-featured-img":"","footer-sml-layout":"","ast-disable-related-posts":"","theme-transparent-header-meta":"","adv-header-id-meta":"","stick-header-meta":"","header-above-stick-meta":"","header-main-stick-meta":"","header-below-stick-meta":"","astra-migrate-meta-layouts":"default","ast-page-background-enabled":"default","ast-page-background-meta":{"desktop":{"background-color":"var(--ast-global-color-5)","background-image":"","background-repeat":"repeat","background-position":"center center","background-size":"auto","background-attachment":"scroll","background-type":"","background-media":"","overlay-type":"","overlay-color":"","overlay-opacity":"","overlay-gradient":""},"tablet":{"background-color":"","background-image":"","background-repeat":"repeat","background-position":"center center","background-size":"auto","background-attachment":"scroll","background-type":"","background-media":"","overlay-type":"","overlay-color":"","overlay-opacity":"","overlay-gradient":""},"mobile":{"background-color":"","background-image":"","background-repeat":"repeat","background-position":"center center","background-size":"auto","background-attachment":"scroll","background-type":"","background-media":"","overlay-type":"","overlay-color":"","overlay-opacity":"","overlay-gradient":""}},"ast-content-background-meta":{"desktop":{"background-color":"var(--ast-global-color-4)","background-image":"","background-repeat":"repeat","background-position":"center center","background-size":"auto","background-attachment":"scroll","background-type":"","background-media":"","overlay-type":"","overlay-color":"","overlay-opacity":"","overlay-gradient":""},"tablet":{"background-color":"var(--ast-global-color-4)","background-image":"","background-repeat":"repeat","background-position":"center center","background-size":"auto","background-attachment":"scroll","background-type":"","background-media":"","overlay-type":"","overlay-color":"","overlay-opacity":"","overlay-gradient":""},"mobile":{"background-color":"var(--ast-global-color-4)","background-image":"","background-repeat":"repeat","background-position":"center center","background-size":"auto","background-attachment":"scroll","background-type":"","background-media":"","overlay-type":"","overlay-color":"","overlay-opacity":"","overlay-gradient":""}},"_price":"","_stock":"","_tribe_ticket_header":"","_tribe_default_ticket_provider":"","_ticket_start_date":"","_ticket_end_date":"","_tribe_ticket_show_description":"","_tribe_ticket_show_not_going":false,"_tribe_ticket_use_global_stock":"","_tribe_ticket_global_stock_level":"","_global_stock_mode":"","_global_stock_cap":"","_tribe_rsvp_for_event":"","_tribe_ticket_going_count":"","_tribe_ticket_not_going_count":"","_tribe_tickets_list":"[]","_tribe_ticket_has_attendee_info_fields":false,"footnotes":"","_tec_slr_enabled":"","_tec_slr_layout":""},"class_list":["post-1533","page","type-page","status-publish","hentry"],"ticketed":false,"_links":{"self":[{"href":"https:\/\/aaportugal.org\/en\/wp-json\/wp\/v2\/pages\/1533","targetHints":{"allow":["GET"]}}],"collection":[{"href":"https:\/\/aaportugal.org\/en\/wp-json\/wp\/v2\/pages"}],"about":[{"href":"https:\/\/aaportugal.org\/en\/wp-json\/wp\/v2\/types\/page"}],"author":[{"embeddable":true,"href":"https:\/\/aaportugal.org\/en\/wp-json\/wp\/v2\/users\/1"}],"replies":[{"embeddable":true,"href":"https:\/\/aaportugal.org\/en\/wp-json\/wp\/v2\/comments?post=1533"}],"version-history":[{"count":3,"href":"https:\/\/aaportugal.org\/en\/wp-json\/wp\/v2\/pages\/1533\/revisions"}],"predecessor-version":[{"id":1536,"href":"https:\/\/aaportugal.org\/en\/wp-json\/wp\/v2\/pages\/1533\/revisions\/1536"}],"wp:attachment":[{"href":"https:\/\/aaportugal.org\/en\/wp-json\/wp\/v2\/media?parent=1533"}],"curies":[{"name":"wp","href":"https:\/\/api.w.org\/{rel}","templated":true}]}}