{"id":1525,"date":"2025-09-28T03:46:25","date_gmt":"2025-09-28T03:46:25","guid":{"rendered":"https:\/\/aaportugal.org\/?page_id=1525"},"modified":"2026-03-18T07:50:01","modified_gmt":"2026-03-18T07:50:01","slug":"xxix-conferencia-nacional-de-alcoolicos-anonimos","status":"publish","type":"page","link":"https:\/\/aaportugal.org\/en\/xxix-conferencia-nacional-de-alcoolicos-anonimos\/","title":{"rendered":"XXX Confer\u00eancia Nacional de Alco\u00f3licos An\u00f3nimos"},"content":{"rendered":"<div class=\"wp-block-stackable-text stk-block-text stk-block stk-fe09225\" data-block-id=\"fe09225\"><p class=\"stk-block-text__text\">Nos dias 19, 20 e 21 de junho, realiza-se em F\u00e1tima a XXX Confer\u00eancia Nacional de Servi\u00e7o Gerais de AA, nesta reuni\u00e3o anual da Comunidade participam os delegados de todos os grupos de AA de Portugal, analisando o trabalho efetuado em 2025 e as atividades a desenvolver em 2026 no sentido de divulgar o Programa de Recupera\u00e7\u00e3o de Alco\u00f3licos An\u00f3nimos.<\/p><\/div>\n\n\n\n<h4 class=\"wp-block-heading\">A.A. is available for more information on 918 620 308 or info@aaportugal.org<\/h4>\n\n\n\n<h4 class=\"wp-block-heading\">For requests for help, call 217 162 969 or send an e-mail to ajuda@aaportugal.org<\/h4>\n\n\n\n<div class=\"wp-block-stackable-text stk-block-text stk-block stk-b26fac1\" data-block-id=\"b26fac1\"><p class=\"stk-block-text__text\"><\/p><\/div>\n\n\n\n<div class=\"wp-block-stackable-text stk-block-text stk-block stk-4b81a29\" data-block-id=\"4b81a29\"><p class=\"stk-block-text__text\"><\/p><\/div>","protected":false},"excerpt":{"rendered":"<p>Nos dias 19, 20 e 21 de junho, realiza-se em F\u00e1tima a XXX Confer\u00eancia Nacional de Servi\u00e7o Gerais de AA, nesta reuni\u00e3o anual da Comunidade participam os delegados de todos [&hellip;]<\/p>\n","protected":false},"author":1,"featured_media":0,"parent":0,"menu_order":0,"comment_status":"closed","ping_status":"closed","template":"","meta":{"site-sidebar-layout":"default","site-content-layout":"","ast-site-content-layout":"default","site-content-style":"default","site-sidebar-style":"default","ast-global-header-display":"","ast-banner-title-visibility":"","ast-main-header-display":"","ast-hfb-above-header-display":"","ast-hfb-below-header-display":"","ast-hfb-mobile-header-display":"","site-post-title":"","ast-breadcrumbs-content":"","ast-featured-img":"","footer-sml-layout":"","ast-disable-related-posts":"","theme-transparent-header-meta":"","adv-header-id-meta":"","stick-header-meta":"","header-above-stick-meta":"","header-main-stick-meta":"","header-below-stick-meta":"","astra-migrate-meta-layouts":"default","ast-page-background-enabled":"default","ast-page-background-meta":{"desktop":{"background-color":"var(--ast-global-color-5)","background-image":"","background-repeat":"repeat","background-position":"center center","background-size":"auto","background-attachment":"scroll","background-type":"","background-media":"","overlay-type":"","overlay-color":"","overlay-opacity":"","overlay-gradient":""},"tablet":{"background-color":"","background-image":"","background-repeat":"repeat","background-position":"center center","background-size":"auto","background-attachment":"scroll","background-type":"","background-media":"","overlay-type":"","overlay-color":"","overlay-opacity":"","overlay-gradient":""},"mobile":{"background-color":"","background-image":"","background-repeat":"repeat","background-position":"center center","background-size":"auto","background-attachment":"scroll","background-type":"","background-media":"","overlay-type":"","overlay-color":"","overlay-opacity":"","overlay-gradient":""}},"ast-content-background-meta":{"desktop":{"background-color":"var(--ast-global-color-4)","background-image":"","background-repeat":"repeat","background-position":"center center","background-size":"auto","background-attachment":"scroll","background-type":"","background-media":"","overlay-type":"","overlay-color":"","overlay-opacity":"","overlay-gradient":""},"tablet":{"background-color":"var(--ast-global-color-4)","background-image":"","background-repeat":"repeat","background-position":"center center","background-size":"auto","background-attachment":"scroll","background-type":"","background-media":"","overlay-type":"","overlay-color":"","overlay-opacity":"","overlay-gradient":""},"mobile":{"background-color":"var(--ast-global-color-4)","background-image":"","background-repeat":"repeat","background-position":"center center","background-size":"auto","background-attachment":"scroll","background-type":"","background-media":"","overlay-type":"","overlay-color":"","overlay-opacity":"","overlay-gradient":""}},"_price":"","_stock":"","_tribe_ticket_header":"","_tribe_default_ticket_provider":"","_ticket_start_date":"","_ticket_end_date":"","_tribe_ticket_show_description":"","_tribe_ticket_show_not_going":false,"_tribe_ticket_use_global_stock":"","_tribe_ticket_global_stock_level":"","_global_stock_mode":"","_global_stock_cap":"","_tribe_rsvp_for_event":"","_tribe_ticket_going_count":"","_tribe_ticket_not_going_count":"","_tribe_tickets_list":"[]","_tribe_ticket_has_attendee_info_fields":false,"footnotes":"","_tec_slr_enabled":"","_tec_slr_layout":""},"class_list":["post-1525","page","type-page","status-publish","hentry"],"ticketed":false,"_links":{"self":[{"href":"https:\/\/aaportugal.org\/en\/wp-json\/wp\/v2\/pages\/1525","targetHints":{"allow":["GET"]}}],"collection":[{"href":"https:\/\/aaportugal.org\/en\/wp-json\/wp\/v2\/pages"}],"about":[{"href":"https:\/\/aaportugal.org\/en\/wp-json\/wp\/v2\/types\/page"}],"author":[{"embeddable":true,"href":"https:\/\/aaportugal.org\/en\/wp-json\/wp\/v2\/users\/1"}],"replies":[{"embeddable":true,"href":"https:\/\/aaportugal.org\/en\/wp-json\/wp\/v2\/comments?post=1525"}],"version-history":[{"count":2,"href":"https:\/\/aaportugal.org\/en\/wp-json\/wp\/v2\/pages\/1525\/revisions"}],"predecessor-version":[{"id":4405,"href":"https:\/\/aaportugal.org\/en\/wp-json\/wp\/v2\/pages\/1525\/revisions\/4405"}],"wp:attachment":[{"href":"https:\/\/aaportugal.org\/en\/wp-json\/wp\/v2\/media?parent=1525"}],"curies":[{"name":"wp","href":"https:\/\/api.w.org\/{rel}","templated":true}]}}