{"id":1521,"date":"2025-09-28T03:43:41","date_gmt":"2025-09-28T03:43:41","guid":{"rendered":"https:\/\/aaportugal.org\/?page_id=1521"},"modified":"2026-03-13T07:49:07","modified_gmt":"2026-03-13T07:49:07","slug":"19-de-marco-dia-nacional-de-aa","status":"publish","type":"page","link":"https:\/\/aaportugal.org\/en\/19-de-marco-dia-nacional-de-aa\/","title":{"rendered":"March 19th National A.A. Day"},"content":{"rendered":"<h3 class=\"wp-block-heading\"><strong>There is a Solution<\/strong><\/h3>\n\n\n\n<div class=\"wp-block-stackable-text stk-block-text stk-block stk-e1934ae\" data-block-id=\"e1934ae\"><p class=\"stk-block-text__text\">Santo Ant\u00f3nio dos Cavaleiros, March 19, 2026 \u2013 March 19th marks another National AA Day in Portugal, which will be celebrated throughout the country through various initiatives to mark the occasion.<\/p><\/div>\n\n\n\n<div class=\"wp-block-stackable-text stk-block-text stk-block stk-8a5d5cb\" data-block-id=\"8a5d5cb\"><p class=\"stk-block-text__text\">Alcoholics Anonymous is a fellowship of recovering alcoholics who maintain their sobriety by sharing experiences, practicing the Twelve Step Program and being willing to help other problem drinkers. It is open to anyone who wants to do something about their drinking problem. In Alcoholics Anonymous, confidentiality and anonymity are maintained for all members.<\/p><\/div>\n\n\n\n<div class=\"wp-block-stackable-text stk-block-text stk-block stk-67d10a9\" data-block-id=\"67d10a9\"><p class=\"stk-block-text__text\">In Portugal, Alcoholics Anonymous maintains 95 active groups. In addition to meetings in Portuguese, there are also meetings in English, German, and Russian, distributed throughout the mainland and autonomous regions, bringing a message of hope to those still suffering from alcoholism.<\/p><\/div>\n\n\n\n<div class=\"wp-block-stackable-columns stk-block-columns stk-block stk-c6e86f3 stk-block-background stk--has-background-overlay\" data-block-id=\"c6e86f3\"><style>.stk-c6e86f3 {background-color:linear-gradient(135deg,rgb(238,238,238) 0%,rgb(169,184,195) 100%) !important;margin-top:var(--stk--preset--spacing--70, 3.38rem) !important;margin-bottom:var(--stk--preset--spacing--70, 3.38rem) !important;}.stk-c6e86f3:before{background-image:linear-gradient(135deg,rgb(238,238,238) 0%,rgb(169,184,195) 100%) !important;}<\/style><div class=\"stk-row stk-inner-blocks stk-block-content stk-content-align stk-c6e86f3-column\">\n<div class=\"wp-block-stackable-column stk-block-column stk-column stk-block stk-4c44d32\" data-v=\"4\" data-block-id=\"4c44d32\"><div class=\"stk-column-wrapper stk-block-column__content stk-container stk-4c44d32-container stk--no-background stk--no-padding\"><div class=\"has-text-align-center stk-block-content stk-inner-blocks stk-4c44d32-inner-blocks\">\n<div class=\"wp-block-stackable-heading stk-block-heading stk-block-heading--v2 stk-block stk-282baff\" id=\"heading-placeholder\" data-block-id=\"282baff\"><style>.stk-282baff {margin-bottom:16px !important;}<\/style><h2 class=\"stk-block-heading__text\"><strong>For more information, please call<\/strong><\/h2><\/div>\n\n\n\n<div class=\"wp-block-stackable-columns stk-block-columns stk-block stk-0eb7719\" data-block-id=\"0eb7719\"><div class=\"stk-row stk-inner-blocks stk-block-content stk-content-align stk-0eb7719-column\">\n<div class=\"wp-block-stackable-column stk-block-column stk-column stk-block stk-761f5bf\" data-v=\"4\" data-block-id=\"761f5bf\"><div class=\"stk-column-wrapper stk-block-column__content stk-container stk-761f5bf-container stk--no-background stk--no-padding\"><div class=\"stk-block-content stk-inner-blocks stk-761f5bf-inner-blocks\">\n<div class=\"wp-block-stackable-button-group stk-block-button-group stk-block stk-7fbbc59\" data-block-id=\"7fbbc59\"><div class=\"stk-row stk-inner-blocks stk-block-content stk-button-group\">\n<div class=\"wp-block-stackable-icon-button stk-block-icon-button stk-block stk-a60bf2c\" data-block-id=\"a60bf2c\"><a class=\"stk-link stk-button stk--hover-effect-darken\" href=\"\"><span class=\"stk--svg-wrapper\"><div class=\"stk--inner-svg\"><svg xmlns=\"http:\/\/www.w3.org\/2000\/svg\" viewbox=\"0 0 512 512\" aria-hidden=\"true\" width=\"32\" height=\"32\"><path d=\"M48 64C21.5 64 0 85.5 0 112c0 15.1 7.1 29.3 19.2 38.4L236.8 313.6c11.4 8.5 27 8.5 38.4 0L492.8 150.4c12.1-9.1 19.2-23.3 19.2-38.4c0-26.5-21.5-48-48-48H48zM0 176V384c0 35.3 28.7 64 64 64H448c35.3 0 64-28.7 64-64V176L294.4 339.2c-22.8 17.1-54 17.1-76.8 0L0 176z\"><\/path><\/svg><\/div><\/span><\/a><\/div>\n<\/div><\/div>\n\n\n\n<div class=\"wp-block-stackable-text stk-block-text stk-block stk-b163839\" id=\"email\" data-block-id=\"b163839\"><style>.stk-b163839 {margin-bottom:0px !important;}.stk-b163839 .stk-block-text__text{font-weight:bold !important;}<\/style><p class=\"stk-block-text__text\">Email<\/p><\/div>\n\n\n\n<div class=\"wp-block-stackable-text stk-block-text stk-block stk-d92cb2b\" data-block-id=\"d92cb2b\"><p class=\"stk-block-text__text\">informacaopublica@aaportugal.org<\/p><\/div>\n<\/div><\/div><\/div>\n\n\n\n<div class=\"wp-block-stackable-column stk-block-column stk-column stk-block stk-caa3a43\" data-v=\"4\" data-block-id=\"caa3a43\"><div class=\"stk-column-wrapper stk-block-column__content stk-container stk-caa3a43-container stk--no-background stk--no-padding\"><div class=\"stk-block-content stk-inner-blocks stk-caa3a43-inner-blocks\">\n<div class=\"wp-block-stackable-button-group stk-block-button-group stk-block stk-0d14c8c\" data-block-id=\"0d14c8c\"><div class=\"stk-row stk-inner-blocks stk-block-content stk-button-group\">\n<div class=\"wp-block-stackable-icon-button stk-block-icon-button stk-block stk-2416bab\" data-block-id=\"2416bab\"><a class=\"stk-link stk-button stk--hover-effect-darken\" href=\"\"><span class=\"stk--svg-wrapper\"><div class=\"stk--inner-svg\"><svg xmlns=\"http:\/\/www.w3.org\/2000\/svg\" viewbox=\"0 0 512 512\" aria-hidden=\"true\" width=\"32\" height=\"32\"><path d=\"M164.9 24.6c-7.7-18.6-28-28.5-47.4-23.2l-88 24C12.1 30.2 0 46 0 64C0 311.4 200.6 512 448 512c18 0 33.8-12.1 38.6-29.5l24-88c5.3-19.4-4.6-39.7-23.2-47.4l-96-40c-16.3-6.8-35.2-2.1-46.3 11.6L304.7 368C234.3 334.7 177.3 277.7 144 207.3L193.3 167c13.7-11.2 18.4-30 11.6-46.3l-40-96z\"><\/path><\/svg><\/div><\/span><\/a><\/div>\n<\/div><\/div>\n\n\n\n<div class=\"wp-block-stackable-text stk-block-text stk-block stk-c29eaa5\" data-block-id=\"c29eaa5\"><style>.stk-c29eaa5 {margin-bottom:0px !important;}.stk-c29eaa5 .stk-block-text__text{font-weight:bold !important;}<\/style><p class=\"stk-block-text__text\">Mobile<\/p><\/div>\n\n\n\n<div class=\"wp-block-stackable-text stk-block-text stk-block stk-445e4f3\" data-block-id=\"445e4f3\"><p class=\"stk-block-text__text\">918 620 308<\/p><\/div>\n<\/div><\/div><\/div>\n\n\n\n<div class=\"wp-block-stackable-column stk-block-column stk-column stk-block stk-98266ad\" data-v=\"4\" data-block-id=\"98266ad\"><div class=\"stk-column-wrapper stk-block-column__content stk-container stk-98266ad-container stk--no-background stk--no-padding\"><div class=\"stk-block-content stk-inner-blocks stk-98266ad-inner-blocks\">\n<div class=\"wp-block-stackable-button-group stk-block-button-group stk-block stk-da0edd4\" data-block-id=\"da0edd4\"><div class=\"stk-row stk-inner-blocks stk-block-content stk-button-group\">\n<div class=\"wp-block-stackable-icon-button stk-block-icon-button stk-block stk-2275a4c\" data-block-id=\"2275a4c\"><a class=\"stk-link stk-button stk--hover-effect-darken\" href=\"\"><span class=\"stk--svg-wrapper\"><div class=\"stk--inner-svg\"><svg xmlns=\"http:\/\/www.w3.org\/2000\/svg\" viewbox=\"0 0 448 512\" aria-hidden=\"true\" width=\"32\" height=\"32\"><path d=\"M64 32C28.7 32 0 60.7 0 96V416c0 35.3 28.7 64 64 64H384c35.3 0 64-28.7 64-64V96c0-35.3-28.7-64-64-64H64zM218 271.7L64.2 172.4C66 156.4 79.5 144 96 144H352c16.5 0 30 12.4 31.8 28.4L230 271.7c-1.8 1.2-3.9 1.8-6 1.8s-4.2-.6-6-1.8zm29.4 26.9L384 210.4V336c0 17.7-14.3 32-32 32H96c-17.7 0-32-14.3-32-32V210.4l136.6 88.2c7 4.5 15.1 6.9 23.4 6.9s16.4-2.4 23.4-6.9z\"><\/path><\/svg><\/div><\/span><\/a><\/div>\n<\/div><\/div>\n\n\n\n<div class=\"wp-block-stackable-text stk-block-text stk-block stk-47a3399\" data-block-id=\"47a3399\"><style>.stk-47a3399 {margin-bottom:0px !important;}.stk-47a3399 .stk-block-text__text{font-weight:bold !important;}<\/style><p class=\"stk-block-text__text\">Email<\/p><\/div>\n\n\n\n<div class=\"wp-block-stackable-text stk-block-text stk-block stk-a8138ec\" data-block-id=\"a8138ec\"><p class=\"stk-block-text__text\">info@aaportugal.org<\/p><\/div>\n<\/div><\/div><\/div>\n<\/div><\/div>\n<\/div><\/div><\/div>\n<\/div><\/div>","protected":false},"excerpt":{"rendered":"<p>H\u00e1 uma Solu\u00e7\u00e3o Santo Ant\u00f3nio dos Cavaleiros, 19 de mar\u00e7o de 2026 \u2013 Assinala-se a 19 de mar\u00e7o, mais um Dia Nacional de AA em Portugal, que ser\u00e1 assinalado em [&hellip;]<\/p>\n","protected":false},"author":1,"featured_media":0,"parent":0,"menu_order":0,"comment_status":"closed","ping_status":"closed","template":"","meta":{"site-sidebar-layout":"default","site-content-layout":"","ast-site-content-layout":"default","site-content-style":"default","site-sidebar-style":"default","ast-global-header-display":"","ast-banner-title-visibility":"","ast-main-header-display":"","ast-hfb-above-header-display":"","ast-hfb-below-header-display":"","ast-hfb-mobile-header-display":"","site-post-title":"","ast-breadcrumbs-content":"","ast-featured-img":"","footer-sml-layout":"","ast-disable-related-posts":"","theme-transparent-header-meta":"","adv-header-id-meta":"","stick-header-meta":"","header-above-stick-meta":"","header-main-stick-meta":"","header-below-stick-meta":"","astra-migrate-meta-layouts":"default","ast-page-background-enabled":"default","ast-page-background-meta":{"desktop":{"background-color":"var(--ast-global-color-5)","background-image":"","background-repeat":"repeat","background-position":"center center","background-size":"auto","background-attachment":"scroll","background-type":"","background-media":"","overlay-type":"","overlay-color":"","overlay-opacity":"","overlay-gradient":""},"tablet":{"background-color":"","background-image":"","background-repeat":"repeat","background-position":"center center","background-size":"auto","background-attachment":"scroll","background-type":"","background-media":"","overlay-type":"","overlay-color":"","overlay-opacity":"","overlay-gradient":""},"mobile":{"background-color":"","background-image":"","background-repeat":"repeat","background-position":"center center","background-size":"auto","background-attachment":"scroll","background-type":"","background-media":"","overlay-type":"","overlay-color":"","overlay-opacity":"","overlay-gradient":""}},"ast-content-background-meta":{"desktop":{"background-color":"var(--ast-global-color-4)","background-image":"","background-repeat":"repeat","background-position":"center center","background-size":"auto","background-attachment":"scroll","background-type":"","background-media":"","overlay-type":"","overlay-color":"","overlay-opacity":"","overlay-gradient":""},"tablet":{"background-color":"var(--ast-global-color-4)","background-image":"","background-repeat":"repeat","background-position":"center center","background-size":"auto","background-attachment":"scroll","background-type":"","background-media":"","overlay-type":"","overlay-color":"","overlay-opacity":"","overlay-gradient":""},"mobile":{"background-color":"var(--ast-global-color-4)","background-image":"","background-repeat":"repeat","background-position":"center center","background-size":"auto","background-attachment":"scroll","background-type":"","background-media":"","overlay-type":"","overlay-color":"","overlay-opacity":"","overlay-gradient":""}},"_price":"","_stock":"","_tribe_ticket_header":"","_tribe_default_ticket_provider":"","_ticket_start_date":"","_ticket_end_date":"","_tribe_ticket_show_description":"","_tribe_ticket_show_not_going":false,"_tribe_ticket_use_global_stock":"","_tribe_ticket_global_stock_level":"","_global_stock_mode":"","_global_stock_cap":"","_tribe_rsvp_for_event":"","_tribe_ticket_going_count":"","_tribe_ticket_not_going_count":"","_tribe_tickets_list":"[]","_tribe_ticket_has_attendee_info_fields":false,"footnotes":"","_tec_slr_enabled":"","_tec_slr_layout":""},"class_list":["post-1521","page","type-page","status-publish","hentry"],"ticketed":false,"_links":{"self":[{"href":"https:\/\/aaportugal.org\/en\/wp-json\/wp\/v2\/pages\/1521","targetHints":{"allow":["GET"]}}],"collection":[{"href":"https:\/\/aaportugal.org\/en\/wp-json\/wp\/v2\/pages"}],"about":[{"href":"https:\/\/aaportugal.org\/en\/wp-json\/wp\/v2\/types\/page"}],"author":[{"embeddable":true,"href":"https:\/\/aaportugal.org\/en\/wp-json\/wp\/v2\/users\/1"}],"replies":[{"embeddable":true,"href":"https:\/\/aaportugal.org\/en\/wp-json\/wp\/v2\/comments?post=1521"}],"version-history":[{"count":2,"href":"https:\/\/aaportugal.org\/en\/wp-json\/wp\/v2\/pages\/1521\/revisions"}],"predecessor-version":[{"id":4386,"href":"https:\/\/aaportugal.org\/en\/wp-json\/wp\/v2\/pages\/1521\/revisions\/4386"}],"wp:attachment":[{"href":"https:\/\/aaportugal.org\/en\/wp-json\/wp\/v2\/media?parent=1521"}],"curies":[{"name":"wp","href":"https:\/\/api.w.org\/{rel}","templated":true}]}}