{"id":1518,"date":"2025-09-28T03:39:41","date_gmt":"2025-09-28T03:39:41","guid":{"rendered":"https:\/\/aaportugal.org\/?page_id=1518"},"modified":"2025-09-28T03:39:41","modified_gmt":"2025-09-28T03:39:41","slug":"10-de-junho-dia-mundial-de-alcoolicos-anonimos","status":"publish","type":"page","link":"https:\/\/aaportugal.org\/en\/10-de-junho-dia-mundial-de-alcoolicos-anonimos\/","title":{"rendered":"June 10th Alcoholics Anonymous Founders\u2019 Day\u00a0"},"content":{"rendered":"<h3 class=\"wp-block-heading\">There is a solutSanto Ant\u00f3nio dos Cavaleiros, June 6, 2025 - To mark the 90th A.A. Day, various initiatives will take place around the world to commemorate this event. In Portugal, too, the celebration will be marked by various activities for the A.A. fellowship and anyone else who may be affected with the issue of alcoholism and its impact on society.&nbsp;<\/h3>\n\n\n\n<div class=\"wp-block-stackable-text stk-block-text stk-block stk-fdf657a\" data-block-id=\"fdf657a\"><p class=\"stk-block-text__text\">Santo Ant\u00f3nio dos Cavaleiros, 6 de junho de 2025 \u2013 Para assinalar o 90.\u00ba Dia Mundial de AA, um pouco por todo o Mundo v\u00e1rias iniciativas ter\u00e3o lugar para comemora\u00e7\u00e3o desta efem\u00e9ride. Tamb\u00e9m em Portugal essa celebra\u00e7\u00e3o ser\u00e1 marcada por diversas a\u00e7\u00f5es para a Comunidade de AA e para quem possa estar sensibilizado para o tema do Alcoolismo e o seu impacto na sociedade.<\/p><\/div>\n\n\n\n<div class=\"wp-block-stackable-text stk-block-text stk-block stk-09dce2f\" data-block-id=\"09dce2f\"><p class=\"stk-block-text__text\">It was on June 10, 1935 in Akron, USA, that the first meeting was held in which alcoholics tried to help each other. Since then, the message of hope for recovery from alcoholism has spread, currently reaching more than 180 countries and helping around two million alcoholics, in more than 120,000 groups that meet regularly.<\/p><\/div>\n\n\n\n<div class=\"wp-block-stackable-text stk-block-text stk-block stk-f2171e7\" data-block-id=\"f2171e7\"><p class=\"stk-block-text__text\">In Portugal, Alcoholics Anonymous has 99 active groups. As well as meetings in Portuguese, there are also meetings in English, German and Russian, spread across the mainland and the Autonomous Regions, bringing a message of hope to the alcoholic who still suffers.<\/p><\/div>\n\n\n\n<div class=\"wp-block-stackable-text stk-block-text stk-block stk-9fe80e1\" data-block-id=\"9fe80e1\"><p class=\"stk-block-text__text\">A.A. is available for more information on 918 620 308 or info@aaportugal.org<\/p><\/div>\n\n\n\n<div class=\"wp-block-stackable-text stk-block-text stk-block stk-588f377\" data-block-id=\"588f377\"><p class=\"stk-block-text__text\">For requests for help, call 217 162 969 or send an e-mail to ajuda@aaportugal.org<\/p><\/div>","protected":false},"excerpt":{"rendered":"<p>H\u00e1 uma solu\u00e7\u00e3o&nbsp; Santo Ant\u00f3nio dos Cavaleiros, 6 de junho de 2025 \u2013 Para assinalar o 90.\u00ba Dia Mundial de AA, um pouco por todo o Mundo v\u00e1rias iniciativas ter\u00e3o [&hellip;]<\/p>\n","protected":false},"author":1,"featured_media":1085,"parent":0,"menu_order":0,"comment_status":"closed","ping_status":"closed","template":"","meta":{"site-sidebar-layout":"default","site-content-layout":"","ast-site-content-layout":"default","site-content-style":"default","site-sidebar-style":"default","ast-global-header-display":"","ast-banner-title-visibility":"","ast-main-header-display":"","ast-hfb-above-header-display":"","ast-hfb-below-header-display":"","ast-hfb-mobile-header-display":"","site-post-title":"","ast-breadcrumbs-content":"","ast-featured-img":"","footer-sml-layout":"","ast-disable-related-posts":"","theme-transparent-header-meta":"","adv-header-id-meta":"","stick-header-meta":"","header-above-stick-meta":"","header-main-stick-meta":"","header-below-stick-meta":"","astra-migrate-meta-layouts":"default","ast-page-background-enabled":"default","ast-page-background-meta":{"desktop":{"background-color":"var(--ast-global-color-5)","background-image":"","background-repeat":"repeat","background-position":"center center","background-size":"auto","background-attachment":"scroll","background-type":"","background-media":"","overlay-type":"","overlay-color":"","overlay-opacity":"","overlay-gradient":""},"tablet":{"background-color":"","background-image":"","background-repeat":"repeat","background-position":"center center","background-size":"auto","background-attachment":"scroll","background-type":"","background-media":"","overlay-type":"","overlay-color":"","overlay-opacity":"","overlay-gradient":""},"mobile":{"background-color":"","background-image":"","background-repeat":"repeat","background-position":"center center","background-size":"auto","background-attachment":"scroll","background-type":"","background-media":"","overlay-type":"","overlay-color":"","overlay-opacity":"","overlay-gradient":""}},"ast-content-background-meta":{"desktop":{"background-color":"var(--ast-global-color-4)","background-image":"","background-repeat":"repeat","background-position":"center center","background-size":"auto","background-attachment":"scroll","background-type":"","background-media":"","overlay-type":"","overlay-color":"","overlay-opacity":"","overlay-gradient":""},"tablet":{"background-color":"var(--ast-global-color-4)","background-image":"","background-repeat":"repeat","background-position":"center center","background-size":"auto","background-attachment":"scroll","background-type":"","background-media":"","overlay-type":"","overlay-color":"","overlay-opacity":"","overlay-gradient":""},"mobile":{"background-color":"var(--ast-global-color-4)","background-image":"","background-repeat":"repeat","background-position":"center center","background-size":"auto","background-attachment":"scroll","background-type":"","background-media":"","overlay-type":"","overlay-color":"","overlay-opacity":"","overlay-gradient":""}},"_price":"","_stock":"","_tribe_ticket_header":"","_tribe_default_ticket_provider":"","_ticket_start_date":"","_ticket_end_date":"","_tribe_ticket_show_description":"","_tribe_ticket_show_not_going":false,"_tribe_ticket_use_global_stock":"","_tribe_ticket_global_stock_level":"","_global_stock_mode":"","_global_stock_cap":"","_tribe_rsvp_for_event":"","_tribe_ticket_going_count":"","_tribe_ticket_not_going_count":"","_tribe_tickets_list":"[]","_tribe_ticket_has_attendee_info_fields":false,"footnotes":"","_tec_slr_enabled":"","_tec_slr_layout":""},"class_list":["post-1518","page","type-page","status-publish","has-post-thumbnail","hentry"],"ticketed":false,"_links":{"self":[{"href":"https:\/\/aaportugal.org\/en\/wp-json\/wp\/v2\/pages\/1518","targetHints":{"allow":["GET"]}}],"collection":[{"href":"https:\/\/aaportugal.org\/en\/wp-json\/wp\/v2\/pages"}],"about":[{"href":"https:\/\/aaportugal.org\/en\/wp-json\/wp\/v2\/types\/page"}],"author":[{"embeddable":true,"href":"https:\/\/aaportugal.org\/en\/wp-json\/wp\/v2\/users\/1"}],"replies":[{"embeddable":true,"href":"https:\/\/aaportugal.org\/en\/wp-json\/wp\/v2\/comments?post=1518"}],"version-history":[{"count":2,"href":"https:\/\/aaportugal.org\/en\/wp-json\/wp\/v2\/pages\/1518\/revisions"}],"predecessor-version":[{"id":2633,"href":"https:\/\/aaportugal.org\/en\/wp-json\/wp\/v2\/pages\/1518\/revisions\/2633"}],"wp:featuredmedia":[{"embeddable":true,"href":"https:\/\/aaportugal.org\/en\/wp-json\/wp\/v2\/media\/1085"}],"wp:attachment":[{"href":"https:\/\/aaportugal.org\/en\/wp-json\/wp\/v2\/media?parent=1518"}],"curies":[{"name":"wp","href":"https:\/\/api.w.org\/{rel}","templated":true}]}}