{"id":1506,"date":"2025-09-28T03:28:06","date_gmt":"2025-09-28T03:28:06","guid":{"rendered":"https:\/\/aaportugal.org\/?page_id=1506"},"modified":"2026-03-18T07:53:41","modified_gmt":"2026-03-18T07:53:41","slug":"xxviii-forum-nacional-de-servico","status":"publish","type":"page","link":"https:\/\/aaportugal.org\/en\/xxviii-forum-nacional-de-servico\/","title":{"rendered":"XXIX National Service Forum."},"content":{"rendered":"<h3 class=\"wp-block-heading\">\u201cServi\u00e7o, uma oportunidade de crescimento em Sobriedade<\/h3>\n\n\n\n<blockquote class=\"wp-block-stackable-blockquote stk-block-blockquote stk-block stk-ba32af3 is-style-simple\" data-v=\"2\" data-block-id=\"ba32af3\"><div class=\"has-text-align-left stk-block-blockquote__content stk-container stk-ba32af3-container stk--no-background stk--no-padding\"><div class=\"stk-block-content stk-inner-blocks\">\n<div class=\"wp-block-stackable-icon stk-block-icon stk-block stk-d84969f\" data-block-id=\"d84969f\"><style>.stk-d84969f {top:-50px !important;left:-50px !important;position:absolute !important;opacity:0.2 !important;}.stk-d84969f .stk--svg-wrapper .stk--inner-svg svg:last-child{height:200px !important;width:200px !important;}<\/style><span class=\"stk--svg-wrapper\"><div class=\"stk--inner-svg\"><svg style=\"height:0;width:0\"><defs><lineargradient id=\"linear-gradient-d84969f\" x1=\"0\" x2=\"100%\" y1=\"0\" y2=\"0\"><stop offset=\"0%\" style=\"stop-opacity:1;stop-color:var(--linear-gradient-d-84969-f-color-1)\"><\/stop><stop offset=\"100%\" style=\"stop-opacity:1;stop-color:var(--linear-gradient-d-84969-f-color-2)\"><\/stop><\/lineargradient><\/defs><\/svg><svg xmlns=\"http:\/\/www.w3.org\/2000\/svg\" viewbox=\"0 0 50 50\" aria-hidden=\"true\" width=\"32\" height=\"32\"><path d=\"M19.8 9.3C10.5 11.8 4.6 17 2.1 24.8c2.3-3.6 5.6-5.4 9.9-5.4 3.3 0 6 1.1 8.3 3.3 2.2 2.2 3.4 5 3.4 8.3 0 3.2-1.1 5.8-3.3 8-2.2 2.2-5.1 3.2-8.7 3.2-3.7 0-6.5-1.2-8.6-3.5C1 36.3 0 33.1 0 29 0 18.3 6.5 11.2 19.6 7.9l.2 1.4zm26.4 0C36.9 11.9 31 17 28.5 24.8c2.2-3.6 5.5-5.4 9.8-5.4 3.2 0 6 1.1 8.3 3.2 2.3 2.2 3.4 4.9 3.4 8.3 0 3.1-1.1 5.8-3.3 7.9-2.2 2.2-5.1 3.3-8.6 3.3-3.7 0-6.6-1.1-8.6-3.4-2.1-2.3-3.1-5.5-3.1-9.7 0-10.7 6.6-17.8 19.7-21.1l.1 1.4z\"><\/path><\/svg><\/div><\/span><\/div>\n\n\n\n<div class=\"wp-block-stackable-text stk-block-text stk-block stk-272d911\" data-block-id=\"272d911\"><p class=\"stk-block-text__text\"><em>\u201cGrowth in sobriety happens slowly, like a seed that needs time and care. In service, we find fertile ground to learn to live usefully and in humbly, together and in unity.\u201d<\/em><\/p><\/div>\n<\/div><\/div><\/blockquote>\n\n\n\n<div class=\"wp-block-stackable-text stk-block-text stk-block stk-7f64083\" data-block-id=\"7f64083\"><p class=\"stk-block-text__text\">Realizou-se nos passados dias 21 e 22 de fevereiro, em F\u00e1tima, o XXIX F\u00f3rum Naciona lde Servi\u00e7o sob o tema \u201cServi\u00e7o, uma oportunidade de crescimento em Sobriedade\u201d que contou com a presen\u00e7a de 216 membros.<\/p><\/div>\n\n\n\n<div class=\"wp-block-stackable-text stk-block-text stk-block stk-6747471\" data-block-id=\"6747471\"><p class=\"stk-block-text__text\"><\/p><\/div>\n\n\n\n<div class=\"wp-block-stackable-columns stk-block-columns stk-block stk-c6e86f3 stk-block-background\" data-block-id=\"c6e86f3\"><style>.stk-c6e86f3 {margin-top:var(--stk--preset--spacing--70, 3.38rem) !important;margin-bottom:var(--stk--preset--spacing--40, 1rem) !important;}<\/style><div class=\"stk-row stk-inner-blocks stk-block-content stk-content-align stk-c6e86f3-column\">\n<div class=\"wp-block-stackable-column stk-block-column stk-column stk-block stk-cd2cfa2\" data-v=\"4\" data-block-id=\"cd2cfa2\"><div class=\"stk-column-wrapper stk-block-column__content stk-container stk-cd2cfa2-container stk--no-background stk--no-padding\"><div class=\"has-text-align-center stk-block-content stk-inner-blocks stk-cd2cfa2-inner-blocks\">\n<div class=\"wp-block-stackable-heading stk-block-heading stk-block-heading--v2 stk-block stk-dc9a8e0\" id=\"heading-placeholder\" data-block-id=\"dc9a8e0\"><style>.stk-dc9a8e0 {margin-bottom:16px !important;}<\/style><h2 class=\"stk-block-heading__text\">For more information and\/or to confirm your attendance, please contact:<\/h2><\/div>\n\n\n\n<div class=\"wp-block-stackable-columns stk-block-columns stk-block stk-0eb7719\" data-block-id=\"0eb7719\"><div class=\"stk-row stk-inner-blocks stk-block-content stk-content-align stk-0eb7719-column\">\n<div class=\"wp-block-stackable-column stk-block-column stk-column stk-block stk-0fa8264\" data-v=\"4\" data-block-id=\"0fa8264\"><div class=\"stk-column-wrapper stk-block-column__content stk-container stk-0fa8264-container stk--no-background stk--no-padding\"><div class=\"stk-block-content stk-inner-blocks stk-0fa8264-inner-blocks\">\n<div class=\"wp-block-stackable-button-group stk-block-button-group stk-block stk-0d14c8c\" data-block-id=\"0d14c8c\"><div class=\"stk-row stk-inner-blocks stk-block-content stk-button-group\">\n<div class=\"wp-block-stackable-icon-button stk-block-icon-button stk-block stk-9417d98\" data-block-id=\"9417d98\"><a class=\"stk-link stk-button stk--hover-effect-darken\" href=\"\"><span class=\"stk--svg-wrapper\"><div class=\"stk--inner-svg\"><svg xmlns=\"http:\/\/www.w3.org\/2000\/svg\" viewbox=\"0 0 512 512\" aria-hidden=\"true\" width=\"32\" height=\"32\"><path d=\"M164.9 24.6c-7.7-18.6-28-28.5-47.4-23.2l-88 24C12.1 30.2 0 46 0 64C0 311.4 200.6 512 448 512c18 0 33.8-12.1 38.6-29.5l24-88c5.3-19.4-4.6-39.7-23.2-47.4l-96-40c-16.3-6.8-35.2-2.1-46.3 11.6L304.7 368C234.3 334.7 177.3 277.7 144 207.3L193.3 167c13.7-11.2 18.4-30 11.6-46.3l-40-96z\"\/><\/svg><\/div><\/span><\/a><\/div>\n<\/div><\/div>\n\n\n\n<div class=\"wp-block-stackable-text stk-block-text stk-block stk-4fa635b\" data-block-id=\"4fa635b\"><style>.stk-4fa635b {margin-bottom:0px !important;}.stk-4fa635b .stk-block-text__text{font-weight:bold !important;}<\/style><p class=\"stk-block-text__text\">Artur L.<\/p><\/div>\n\n\n\n<div class=\"wp-block-stackable-text stk-block-text stk-block stk-1ae354d\" data-block-id=\"1ae354d\"><p class=\"stk-block-text__text\">918 620 308<\/p><\/div>\n<\/div><\/div><\/div>\n\n\n\n<div class=\"wp-block-stackable-column stk-block-column stk-column stk-block stk-5bb9505\" data-v=\"4\" data-block-id=\"5bb9505\"><div class=\"stk-column-wrapper stk-block-column__content stk-container stk-5bb9505-container stk--no-background stk--no-padding\"><div class=\"stk-block-content stk-inner-blocks stk-5bb9505-inner-blocks\">\n<div class=\"wp-block-stackable-button-group stk-block-button-group stk-block stk-7fbbc59\" data-block-id=\"7fbbc59\"><div class=\"stk-row stk-inner-blocks stk-block-content stk-button-group\">\n<div class=\"wp-block-stackable-icon-button stk-block-icon-button stk-block stk-71ee693\" data-block-id=\"71ee693\"><a class=\"stk-link stk-button stk--hover-effect-darken\" href=\"\"><span class=\"stk--svg-wrapper\"><div class=\"stk--inner-svg\"><svg xmlns=\"http:\/\/www.w3.org\/2000\/svg\" viewbox=\"0 0 512 512\" aria-hidden=\"true\" width=\"32\" height=\"32\"><path d=\"M48 64C21.5 64 0 85.5 0 112c0 15.1 7.1 29.3 19.2 38.4L236.8 313.6c11.4 8.5 27 8.5 38.4 0L492.8 150.4c12.1-9.1 19.2-23.3 19.2-38.4c0-26.5-21.5-48-48-48H48zM0 176V384c0 35.3 28.7 64 64 64H448c35.3 0 64-28.7 64-64V176L294.4 339.2c-22.8 17.1-54 17.1-76.8 0L0 176z\"\/><\/svg><\/div><\/span><\/a><\/div>\n<\/div><\/div>\n\n\n\n<div class=\"wp-block-stackable-text stk-block-text stk-block stk-b35514f\" id=\"email\" data-block-id=\"b35514f\"><style>.stk-b35514f {margin-bottom:0px !important;}.stk-b35514f .stk-block-text__text{font-weight:bold !important;}<\/style><p class=\"stk-block-text__text\">Email<\/p><\/div>\n\n\n\n<div class=\"wp-block-stackable-text stk-block-text stk-block stk-58f9fa4\" data-block-id=\"58f9fa4\"><p class=\"stk-block-text__text\">informacaopublica@aaportugal.org<\/p><\/div>\n<\/div><\/div><\/div>\n\n\n\n<div class=\"wp-block-stackable-column stk-block-column stk-column stk-block stk-d6d0983\" data-v=\"4\" data-block-id=\"d6d0983\"><div class=\"stk-column-wrapper stk-block-column__content stk-container stk-d6d0983-container stk--no-background stk--no-padding\"><div class=\"stk-block-content stk-inner-blocks stk-d6d0983-inner-blocks\">\n<div class=\"wp-block-stackable-button-group stk-block-button-group stk-block stk-da0edd4\" data-block-id=\"da0edd4\"><div class=\"stk-row stk-inner-blocks stk-block-content stk-button-group\">\n<div class=\"wp-block-stackable-icon-button stk-block-icon-button stk-block stk-a8ede58\" data-block-id=\"a8ede58\"><a class=\"stk-link stk-button stk--hover-effect-darken\" href=\"\"><span class=\"stk--svg-wrapper\"><div class=\"stk--inner-svg\"><svg xmlns=\"http:\/\/www.w3.org\/2000\/svg\" viewbox=\"0 0 448 512\" aria-hidden=\"true\" width=\"32\" height=\"32\"><path d=\"M64 32C28.7 32 0 60.7 0 96V416c0 35.3 28.7 64 64 64H384c35.3 0 64-28.7 64-64V96c0-35.3-28.7-64-64-64H64zM218 271.7L64.2 172.4C66 156.4 79.5 144 96 144H352c16.5 0 30 12.4 31.8 28.4L230 271.7c-1.8 1.2-3.9 1.8-6 1.8s-4.2-.6-6-1.8zm29.4 26.9L384 210.4V336c0 17.7-14.3 32-32 32H96c-17.7 0-32-14.3-32-32V210.4l136.6 88.2c7 4.5 15.1 6.9 23.4 6.9s16.4-2.4 23.4-6.9z\"\/><\/svg><\/div><\/span><\/a><\/div>\n<\/div><\/div>\n\n\n\n<div class=\"wp-block-stackable-text stk-block-text stk-block stk-6e260ad\" data-block-id=\"6e260ad\"><style>.stk-6e260ad {margin-bottom:0px !important;}.stk-6e260ad .stk-block-text__text{font-weight:bold !important;}<\/style><p class=\"stk-block-text__text\">Email<\/p><\/div>\n\n\n\n<div class=\"wp-block-stackable-text stk-block-text stk-block stk-55422f4\" data-block-id=\"55422f4\"><p class=\"stk-block-text__text\">info@aaportugal.org<\/p><\/div>\n<\/div><\/div><\/div>\n<\/div><\/div>\n<\/div><\/div><\/div>\n<\/div><\/div>","protected":false},"excerpt":{"rendered":"<p>\u201cServi\u00e7o, uma oportunidade de crescimento em Sobriedade \u201cO crescimento em sobriedade faz-se lentamente, como uma semente que precisa de tempo e cuidado. No servi\u00e7o, encontramos o terreno f\u00e9rtil para aprender [&hellip;]<\/p>\n","protected":false},"author":1,"featured_media":0,"parent":0,"menu_order":0,"comment_status":"closed","ping_status":"closed","template":"","meta":{"site-sidebar-layout":"default","site-content-layout":"","ast-site-content-layout":"default","site-content-style":"default","site-sidebar-style":"default","ast-global-header-display":"","ast-banner-title-visibility":"","ast-main-header-display":"","ast-hfb-above-header-display":"","ast-hfb-below-header-display":"","ast-hfb-mobile-header-display":"","site-post-title":"","ast-breadcrumbs-content":"","ast-featured-img":"","footer-sml-layout":"","ast-disable-related-posts":"","theme-transparent-header-meta":"","adv-header-id-meta":"","stick-header-meta":"","header-above-stick-meta":"","header-main-stick-meta":"","header-below-stick-meta":"","astra-migrate-meta-layouts":"default","ast-page-background-enabled":"default","ast-page-background-meta":{"desktop":{"background-color":"var(--ast-global-color-5)","background-image":"","background-repeat":"repeat","background-position":"center center","background-size":"auto","background-attachment":"scroll","background-type":"","background-media":"","overlay-type":"","overlay-color":"","overlay-opacity":"","overlay-gradient":""},"tablet":{"background-color":"","background-image":"","background-repeat":"repeat","background-position":"center center","background-size":"auto","background-attachment":"scroll","background-type":"","background-media":"","overlay-type":"","overlay-color":"","overlay-opacity":"","overlay-gradient":""},"mobile":{"background-color":"","background-image":"","background-repeat":"repeat","background-position":"center center","background-size":"auto","background-attachment":"scroll","background-type":"","background-media":"","overlay-type":"","overlay-color":"","overlay-opacity":"","overlay-gradient":""}},"ast-content-background-meta":{"desktop":{"background-color":"var(--ast-global-color-4)","background-image":"","background-repeat":"repeat","background-position":"center center","background-size":"auto","background-attachment":"scroll","background-type":"","background-media":"","overlay-type":"","overlay-color":"","overlay-opacity":"","overlay-gradient":""},"tablet":{"background-color":"var(--ast-global-color-4)","background-image":"","background-repeat":"repeat","background-position":"center center","background-size":"auto","background-attachment":"scroll","background-type":"","background-media":"","overlay-type":"","overlay-color":"","overlay-opacity":"","overlay-gradient":""},"mobile":{"background-color":"var(--ast-global-color-4)","background-image":"","background-repeat":"repeat","background-position":"center center","background-size":"auto","background-attachment":"scroll","background-type":"","background-media":"","overlay-type":"","overlay-color":"","overlay-opacity":"","overlay-gradient":""}},"_price":"","_stock":"","_tribe_ticket_header":"","_tribe_default_ticket_provider":"","_ticket_start_date":"","_ticket_end_date":"","_tribe_ticket_show_description":"","_tribe_ticket_show_not_going":false,"_tribe_ticket_use_global_stock":"","_tribe_ticket_global_stock_level":"","_global_stock_mode":"","_global_stock_cap":"","_tribe_rsvp_for_event":"","_tribe_ticket_going_count":"","_tribe_ticket_not_going_count":"","_tribe_tickets_list":"[]","_tribe_ticket_has_attendee_info_fields":false,"footnotes":"","_tec_slr_enabled":"","_tec_slr_layout":""},"class_list":["post-1506","page","type-page","status-publish","hentry"],"ticketed":false,"_links":{"self":[{"href":"https:\/\/aaportugal.org\/en\/wp-json\/wp\/v2\/pages\/1506","targetHints":{"allow":["GET"]}}],"collection":[{"href":"https:\/\/aaportugal.org\/en\/wp-json\/wp\/v2\/pages"}],"about":[{"href":"https:\/\/aaportugal.org\/en\/wp-json\/wp\/v2\/types\/page"}],"author":[{"embeddable":true,"href":"https:\/\/aaportugal.org\/en\/wp-json\/wp\/v2\/users\/1"}],"replies":[{"embeddable":true,"href":"https:\/\/aaportugal.org\/en\/wp-json\/wp\/v2\/comments?post=1506"}],"version-history":[{"count":13,"href":"https:\/\/aaportugal.org\/en\/wp-json\/wp\/v2\/pages\/1506\/revisions"}],"predecessor-version":[{"id":4407,"href":"https:\/\/aaportugal.org\/en\/wp-json\/wp\/v2\/pages\/1506\/revisions\/4407"}],"wp:attachment":[{"href":"https:\/\/aaportugal.org\/en\/wp-json\/wp\/v2\/media?parent=1506"}],"curies":[{"name":"wp","href":"https:\/\/api.w.org\/{rel}","templated":true}]}}