{"id":1472,"date":"2025-09-28T02:51:20","date_gmt":"2025-09-28T02:51:20","guid":{"rendered":"https:\/\/aaportugal.org\/?page_id=1472"},"modified":"2026-04-09T10:02:11","modified_gmt":"2026-04-09T09:02:11","slug":"informacao-para-recem-chegado","status":"publish","type":"page","link":"https:\/\/aaportugal.org\/en\/informacao-para-recem-chegado\/","title":{"rendered":"Information for the Newcomer"},"content":{"rendered":"<div class=\"wp-block-stackable-columns alignfull stk-block-columns stk-has-bottom-separator stk-block stk-13032de stk-block-background stk--has-background-overlay\" data-block-id=\"13032de\"><style>.stk-13032de {background-image:url(https:\/\/aaportugal.org\/wp-content\/uploads\/2025\/10\/jaime-lopes-0RDBOAdnbWM-unsplash.jpg) !important;background-position:center center !important;}.stk-13032de:before{background-color:#000000 !important;opacity:0.5 !important;}.stk-13032de > .stk-separator__bottom .stk-separator__wrapper{height:101px !important;}<\/style><div class=\"stk-row stk-inner-blocks stk-block-content stk-content-align stk-13032de-column alignfull\">\n<div class=\"wp-block-stackable-column stk-block-column stk-column stk-block stk-6924e9c\" data-v=\"4\" data-block-id=\"6924e9c\"><div class=\"stk-column-wrapper stk-block-column__content stk-container stk-6924e9c-container stk--no-background stk--no-padding\"><div class=\"stk-block-content stk-inner-blocks stk-6924e9c-inner-blocks\">\n<div class=\"wp-block-stackable-heading stk-block-heading stk-block-heading--v2 stk-block stk-5a3771b\" id=\"informacao-para-o-recem-chegado\" data-block-id=\"5a3771b\"><style>.stk-5a3771b .stk-block-heading__bottom-line{background-color:#ffffff !important;margin-top:0px !important;margin-left:auto !important;margin-right:auto !important;}.stk-5a3771b {min-height:var(--stk--preset--block-height--none, 0px) !important;padding-top:var(--stk--preset--spacing--60, 2.25rem) !important;padding-right:var(--stk--preset--spacing--60, 2.25rem) !important;padding-bottom:var(--stk--preset--spacing--none, 0px) !important;padding-left:var(--stk--preset--spacing--60, 2.25rem) !important;}.stk-5a3771b .stk-block-heading__text{font-size:60px !important;color:#ffffff !important;}@media screen and (max-width: 1023px){.stk-5a3771b .stk-block-heading__text{font-size:50px !important;}}@media screen and (max-width: 767px){.stk-5a3771b .stk-block-heading__text{font-size:24px !important;}}<\/style><h1 class=\"stk-block-heading__text has-text-color has-text-align-center\">Informa\u00e7\u00e3o para o rec\u00e9m-chegado<\/h1><div class=\"stk-block-heading__bottom-line\"><\/div><\/div>\n<\/div><\/div><\/div>\n<\/div><div class=\"stk-separator stk-separator__bottom\"><div class=\"stk-separator__wrapper\"><svg xmlns=\"http:\/\/www.w3.org\/2000\/svg\" viewbox=\"0 0 1600 200\" class=\"stk-separator__layer-1\" preserveaspectratio=\"none\" aria-hidden=\"true\"><path d=\"M1610 209.7v-51.2s-81.4-33.3-241.4-23.1c-157.4 10-247.9 49.6-340.9 49.4-93.1-.1-121-14.6-174.2-33.6-75.7-27.1-166.9-27.2-185.5-25.1-18.7 2.1-67.8 5.5-106-19.3-38.2-24.7-94.8-55.4-209.2-43.1C238.1 76.3 80 111.8-10 55.7v154h1620z\"><\/path><\/svg><\/div><\/div><\/div>\n\n\n\n<div class=\"wp-block-stackable-text stk-block-text stk-block stk-9f67124\" data-block-id=\"9f67124\"><style>.stk-9f67124 .stk-block-text__text{font-size:var(--stk--preset--font-size--medium, 20px) !important;}@media screen and (max-width: 1023px){.stk-9f67124 .stk-block-text__text{font-size:var(--stk--preset--font-size--medium, 20px) !important;}}<\/style><p class=\"stk-block-text__text\"><strong>If you\u2019ve just arrived at Alcoholics Anonymous, these meetings might be for you. Click on a meeting to see more details.<\/strong>.<\/p><\/div>\n\n\n\n<div class=\"wp-block-stackable-columns alignfull stk-block-columns stk-block stk-2b684e5\" data-block-id=\"2b684e5\"><style>.stk-2b684e5 {margin-top:var(--stk--preset--spacing--70, 3.38rem) !important;margin-bottom:var(--stk--preset--spacing--70, 3.38rem) !important;}.stk-2b684e5-column{flex-wrap:wrap !important;--stk-flex-grow:0 !important;}<\/style><div class=\"stk-row stk-inner-blocks stk-block-content stk-content-align stk-2b684e5-column\">\n<div class=\"wp-block-stackable-column stk-block-column stk-column stk-block stk-4855352\" data-v=\"4\" data-block-id=\"4855352\"><div class=\"stk-column-wrapper stk-block-column__content stk-container stk-4855352-container stk--no-background stk--no-padding\"><div class=\"stk-block-content stk-inner-blocks stk-4855352-inner-blocks\">\n<div class=\"wp-block-stackable-icon-label stk-block-icon-label stk-block stk-6a75cb9\" data-block-id=\"6a75cb9\"><div class=\"stk-row stk-inner-blocks stk-block-content\">\n<div class=\"wp-block-stackable-icon stk-block-icon has-text-align-left stk-block stk-1872e2b\" data-block-id=\"1872e2b\"><span class=\"stk--svg-wrapper\"><div class=\"stk--inner-svg\"><svg style=\"height:0;width:0\"><defs><lineargradient id=\"linear-gradient-1872e2b\" x1=\"0\" x2=\"100%\" y1=\"0\" y2=\"0\"><stop offset=\"0%\" style=\"stop-opacity:1;stop-color:var(--linear-gradient-1872-e-2-b-color-1)\"><\/stop><stop offset=\"100%\" style=\"stop-opacity:1;stop-color:var(--linear-gradient-1872-e-2-b-color-2)\"><\/stop><\/lineargradient><\/defs><\/svg><svg data-prefix=\"fa\" data-icon=\"star\" class=\"svg-inline--fa fa-star fa-w-18\" xmlns=\"http:\/\/www.w3.org\/2000\/svg\" viewbox=\"0 0 576 512\" aria-hidden=\"true\" width=\"32\" height=\"32\"><path fill=\"currentColor\" d=\"M259.3 17.8L194 150.2 47.9 171.5c-26.2 3.8-36.7 36.1-17.7 54.6l105.7 103-25 145.5c-4.5 26.3 23.2 46 46.4 33.7L288 439.6l130.7 68.7c23.2 12.2 50.9-7.4 46.4-33.7l-25-145.5 105.7-103c19-18.5 8.5-50.8-17.7-54.6L382 150.2 316.7 17.8c-11.7-23.6-45.6-23.9-57.4 0z\"><\/path><\/svg><\/div><\/span><\/div>\n\n\n\n<div class=\"wp-block-stackable-heading stk-block-heading stk-block-heading--v2 stk-block stk-b5390d8\" id=\"title-1-placeholder\" data-block-id=\"b5390d8\"><h4 class=\"stk-block-heading__text\"><span style=\"color: #964734;\" class=\"stk-highlight\"><a href=\"https:\/\/aaportugal.org\/en\/reuniao-de-novos\/\">Beginners Meetings<\/a><\/span><\/h4><\/div>\n<\/div><\/div>\n\n\n\n<div class=\"wp-block-stackable-text stk-block-text stk-block stk-06a0eea\" data-block-id=\"06a0eea\"><p class=\"stk-block-text__text\"><\/p><\/div>\n<\/div><\/div><\/div>\n\n\n\n<div class=\"wp-block-stackable-column stk-block-column stk-column stk-block stk-67b6307\" data-v=\"4\" data-block-id=\"67b6307\"><div class=\"stk-column-wrapper stk-block-column__content stk-container stk-67b6307-container stk--no-background stk--no-padding\"><div class=\"stk-block-content stk-inner-blocks stk-67b6307-inner-blocks\">\n<div class=\"wp-block-stackable-icon-label stk-block-icon-label stk-block stk-d014784\" data-block-id=\"d014784\"><div class=\"stk-row stk-inner-blocks stk-block-content\">\n<div class=\"wp-block-stackable-icon stk-block-icon has-text-align-left stk-block stk-171a5d0\" data-block-id=\"171a5d0\"><span class=\"stk--svg-wrapper\"><div class=\"stk--inner-svg\"><svg style=\"height:0;width:0\"><defs><lineargradient id=\"linear-gradient-171a5d0\" x1=\"0\" x2=\"100%\" y1=\"0\" y2=\"0\"><stop offset=\"0%\" style=\"stop-opacity:1;stop-color:var(--linear-gradient-171-a-5-d-0-color-1)\"><\/stop><stop offset=\"100%\" style=\"stop-opacity:1;stop-color:var(--linear-gradient-171-a-5-d-0-color-2)\"><\/stop><\/lineargradient><\/defs><\/svg><svg data-prefix=\"fa\" data-icon=\"star\" class=\"svg-inline--fa fa-star fa-w-18\" xmlns=\"http:\/\/www.w3.org\/2000\/svg\" viewbox=\"0 0 576 512\" aria-hidden=\"true\" width=\"32\" height=\"32\"><path fill=\"currentColor\" d=\"M259.3 17.8L194 150.2 47.9 171.5c-26.2 3.8-36.7 36.1-17.7 54.6l105.7 103-25 145.5c-4.5 26.3 23.2 46 46.4 33.7L288 439.6l130.7 68.7c23.2 12.2 50.9-7.4 46.4-33.7l-25-145.5 105.7-103c19-18.5 8.5-50.8-17.7-54.6L382 150.2 316.7 17.8c-11.7-23.6-45.6-23.9-57.4 0z\"><\/path><\/svg><\/div><\/span><\/div>\n\n\n\n<div class=\"wp-block-stackable-heading stk-block-heading stk-block-heading--v2 stk-block stk-e0d51c1\" id=\"title-2-placeholder\" data-block-id=\"e0d51c1\"><h4 class=\"stk-block-heading__text\"><a href=\"https:\/\/aaportugal.org\/en\/meetings\/step-meeting-tavira\/?type=recem-chegados\">Step Meeting Tavira<\/a><\/h4><\/div>\n<\/div><\/div>\n\n\n\n<div class=\"wp-block-stackable-text stk-block-text stk-block stk-8a9aeaf\" data-block-id=\"8a9aeaf\"><p class=\"stk-block-text__text\"><\/p><\/div>\n<\/div><\/div><\/div>\n\n\n\n<div class=\"wp-block-stackable-column stk-block-column stk-column stk-block stk-da8df93\" data-v=\"4\" data-block-id=\"da8df93\"><div class=\"stk-column-wrapper stk-block-column__content stk-container stk-da8df93-container stk--no-background stk--no-padding\"><div class=\"stk-block-content stk-inner-blocks stk-da8df93-inner-blocks\">\n<div class=\"wp-block-stackable-icon-label stk-block-icon-label stk-block stk-123bf52\" data-block-id=\"123bf52\"><div class=\"stk-row stk-inner-blocks stk-block-content\">\n<div class=\"wp-block-stackable-icon stk-block-icon has-text-align-left stk-block stk-295937a\" data-block-id=\"295937a\"><span class=\"stk--svg-wrapper\"><div class=\"stk--inner-svg\"><svg style=\"height:0;width:0\"><defs><lineargradient id=\"linear-gradient-295937a\" x1=\"0\" x2=\"100%\" y1=\"0\" y2=\"0\"><stop offset=\"0%\" style=\"stop-opacity:1;stop-color:var(--linear-gradient-295937-a-color-1)\"><\/stop><stop offset=\"100%\" style=\"stop-opacity:1;stop-color:var(--linear-gradient-295937-a-color-2)\"><\/stop><\/lineargradient><\/defs><\/svg><svg data-prefix=\"fa\" data-icon=\"star\" class=\"svg-inline--fa fa-star fa-w-18\" xmlns=\"http:\/\/www.w3.org\/2000\/svg\" viewbox=\"0 0 576 512\" aria-hidden=\"true\" width=\"32\" height=\"32\"><path fill=\"currentColor\" d=\"M259.3 17.8L194 150.2 47.9 171.5c-26.2 3.8-36.7 36.1-17.7 54.6l105.7 103-25 145.5c-4.5 26.3 23.2 46 46.4 33.7L288 439.6l130.7 68.7c23.2 12.2 50.9-7.4 46.4-33.7l-25-145.5 105.7-103c19-18.5 8.5-50.8-17.7-54.6L382 150.2 316.7 17.8c-11.7-23.6-45.6-23.9-57.4 0z\"><\/path><\/svg><\/div><\/span><\/div>\n\n\n\n<div class=\"wp-block-stackable-heading stk-block-heading stk-block-heading--v2 stk-block stk-6368218\" id=\"title-3-placeholder\" data-block-id=\"6368218\"><h4 class=\"stk-block-heading__text\"><a href=\"https:\/\/aaportugal.org\/en\/meetings\/aa-tavira-beginner\/?type=recem-chegados\">Tavira Beginner&#8217;s Meeting 1-2-3<\/a><\/h4><\/div>\n<\/div><\/div>\n<\/div><\/div><\/div>\n<\/div><\/div>\n\n\n\n<div class=\"wp-block-stackable-columns stk-block-columns stk-block stk-a86d1d7\" data-block-id=\"a86d1d7\"><style>.stk-a86d1d7 {margin-top:var(--stk--preset--spacing--70, 3.38rem) !important;margin-bottom:var(--stk--preset--spacing--70, 3.38rem) !important;}<\/style><div class=\"stk-row stk-inner-blocks stk-block-content stk-content-align stk-a86d1d7-column\">\n<div class=\"wp-block-stackable-column stk-block-column stk-column stk-block stk-1633165\" data-v=\"4\" data-block-id=\"1633165\"><div class=\"stk-column-wrapper stk-block-column__content stk-container stk-1633165-container stk--no-background stk--no-padding\"><div class=\"stk-block-content stk-inner-blocks stk-1633165-inner-blocks\">\n<div class=\"wp-block-stackable-columns stk-block-columns stk-block stk-f04c007\" data-block-id=\"f04c007\"><div class=\"stk-row stk-inner-blocks stk-block-content stk-content-align stk-f04c007-column\">\n<div class=\"wp-block-stackable-column stk-block-column stk-column stk-block stk-839cd1a\" data-v=\"4\" data-block-id=\"839cd1a\"><style>.stk-839cd1a-container{background-color:var(--ast-global-color-5) !important;}.stk-839cd1a-container:before{background-color:var(--ast-global-color-5) !important;}<\/style><div class=\"stk-column-wrapper stk-block-column__content stk-container stk-839cd1a-container stk-hover-parent\"><div class=\"stk-block-content stk-inner-blocks stk-839cd1a-inner-blocks\">\n<div class=\"wp-block-stackable-image stk-block-image stk-block stk-34e247c\" data-block-id=\"34e247c\"><style>.stk-34e247c .stk-img-wrapper{aspect-ratio:1\/1 !important;width:70% !important;height:auto !important;}.stk-34e247c .stk-img-wrapper img{border-radius:999px !important;}@media screen and (max-width: 1023px){.stk-34e247c .stk-img-wrapper{height:auto !important;}}@media screen and (max-width: 767px){.stk-34e247c .stk-img-wrapper{height:auto !important;}}<\/style><figure><span class=\"stk-img-wrapper stk-image--shape-stretch\"><img loading=\"lazy\" decoding=\"async\" class=\"stk-img wp-image-1477\" src=\"https:\/\/aaportugal.org\/wp-content\/uploads\/2025\/09\/arthur-poulin-NhU0nUR7920-unsplash.jpg\" width=\"1000\" height=\"665\" srcset=\"https:\/\/aaportugal.org\/wp-content\/uploads\/2025\/09\/arthur-poulin-NhU0nUR7920-unsplash.jpg 1000w, https:\/\/aaportugal.org\/wp-content\/uploads\/2025\/09\/arthur-poulin-NhU0nUR7920-unsplash-300x200.jpg 300w, https:\/\/aaportugal.org\/wp-content\/uploads\/2025\/09\/arthur-poulin-NhU0nUR7920-unsplash-768x511.jpg 768w, https:\/\/aaportugal.org\/wp-content\/uploads\/2025\/09\/arthur-poulin-NhU0nUR7920-unsplash-18x12.jpg 18w, https:\/\/aaportugal.org\/wp-content\/uploads\/2025\/09\/arthur-poulin-NhU0nUR7920-unsplash-600x399.jpg 600w\" sizes=\"auto, (max-width: 1000px) 100vw, 1000px\" \/><\/span><\/figure><\/div>\n\n\n\n<div class=\"wp-block-stackable-heading stk-block-heading stk-block-heading--v2 stk-block stk-8be8472\" id=\"c-title-1-placeholder\" data-block-id=\"8be8472\"><h3 class=\"stk-block-heading__text has-text-align-center\">Is AA right for you?<\/h3><\/div>\n\n\n\n<div class=\"wp-block-stackable-button-group stk-block-button-group stk-block stk-8d37b77\" data-block-id=\"8d37b77\"><div class=\"stk-row stk-inner-blocks has-text-align-center stk-block-content stk-button-group\">\n<div class=\"wp-block-stackable-button stk-block-button stk-block stk-c351b52\" data-block-id=\"c351b52\"><a class=\"stk-link stk-button stk--hover-effect-darken\" href=\"https:\/\/aaportugal.org\/en\/sera-que-aa-epara-si\/\"><span class=\"stk-button__inner-text\">Learn more<\/span><\/a><\/div>\n<\/div><\/div>\n<\/div><\/div><\/div>\n\n\n\n<div class=\"wp-block-stackable-column stk-block-column stk-column stk-block stk-3b700aa\" data-v=\"4\" data-block-id=\"3b700aa\"><style>.stk-3b700aa-container{background-color:var(--ast-global-color-5) !important;}.stk-3b700aa-container:before{background-color:var(--ast-global-color-5) !important;}<\/style><div class=\"stk-column-wrapper stk-block-column__content stk-container stk-3b700aa-container stk-hover-parent\"><div class=\"stk-block-content stk-inner-blocks stk-3b700aa-inner-blocks\">\n<div class=\"wp-block-stackable-image stk-block-image stk-block stk-e4d7901\" data-block-id=\"e4d7901\"><style>.stk-e4d7901 {border-top-width:0px !important;border-right-width:0px !important;border-bottom-width:0px !important;border-left-width:0px !important;}.stk-e4d7901 .stk-img-wrapper{aspect-ratio:1\/1 !important;width:70% !important;height:auto !important;}.stk-e4d7901 .stk-img-wrapper img{border-radius:999px !important;}@media screen and (max-width: 1023px){.stk-e4d7901 .stk-img-wrapper{height:auto !important;}}@media screen and (max-width: 767px){.stk-e4d7901 .stk-img-wrapper{height:auto !important;}}<\/style><figure><span class=\"stk-img-wrapper stk-image--shape-stretch\"><img loading=\"lazy\" decoding=\"async\" class=\"stk-img wp-image-1488\" src=\"https:\/\/aaportugal.org\/wp-content\/uploads\/2025\/09\/patrick-tomasso-Oaqk7qqNh_c-unsplash.jpg\" width=\"1000\" height=\"667\" srcset=\"https:\/\/aaportugal.org\/wp-content\/uploads\/2025\/09\/patrick-tomasso-Oaqk7qqNh_c-unsplash.jpg 1000w, https:\/\/aaportugal.org\/wp-content\/uploads\/2025\/09\/patrick-tomasso-Oaqk7qqNh_c-unsplash-300x200.jpg 300w, https:\/\/aaportugal.org\/wp-content\/uploads\/2025\/09\/patrick-tomasso-Oaqk7qqNh_c-unsplash-768x512.jpg 768w, https:\/\/aaportugal.org\/wp-content\/uploads\/2025\/09\/patrick-tomasso-Oaqk7qqNh_c-unsplash-18x12.jpg 18w, https:\/\/aaportugal.org\/wp-content\/uploads\/2025\/09\/patrick-tomasso-Oaqk7qqNh_c-unsplash-600x400.jpg 600w\" sizes=\"auto, (max-width: 1000px) 100vw, 1000px\" \/><\/span><\/figure><\/div>\n\n\n\n<div class=\"wp-block-stackable-heading stk-block-heading stk-block-heading--v2 stk-block stk-2caba41\" id=\"c-title-2-placeholder\" data-block-id=\"2caba41\"><h3 class=\"stk-block-heading__text has-text-align-center\">Just for Today<\/h3><\/div>\n\n\n\n<div class=\"wp-block-stackable-button-group stk-block-button-group stk-block stk-e3e9540\" data-block-id=\"e3e9540\"><div class=\"stk-row stk-inner-blocks has-text-align-center stk-block-content stk-button-group\">\n<div class=\"wp-block-stackable-button stk-block-button stk-block stk-3bb6859\" data-block-id=\"3bb6859\"><a class=\"stk-link stk-button stk--hover-effect-darken\" href=\"https:\/\/aaportugal.org\/wp-content\/uploads\/2025\/09\/WEB_Kit_Recem_Chegado-2.pdf\" target=\"_blank\" rel=\"noreferrer noopener\"><span class=\"stk-button__inner-text\">Download 3 leaflets<\/span><\/a><\/div>\n<\/div><\/div>\n<\/div><\/div><\/div>\n\n\n\n<div class=\"wp-block-stackable-column stk-block-column stk-column stk-block stk-5c13d1f\" data-v=\"4\" data-block-id=\"5c13d1f\"><style>.stk-5c13d1f-container{background-color:var(--ast-global-color-5) !important;}.stk-5c13d1f-container:before{background-color:var(--ast-global-color-5) !important;}<\/style><div class=\"stk-column-wrapper stk-block-column__content stk-container stk-5c13d1f-container stk-hover-parent\"><div class=\"stk-block-content stk-inner-blocks stk-5c13d1f-inner-blocks\">\n<div class=\"wp-block-stackable-image stk-block-image stk-block stk-178f7f6\" data-block-id=\"178f7f6\"><style>.stk-178f7f6 .stk-img-wrapper{aspect-ratio:1\/1 !important;width:70% !important;height:auto !important;}.stk-178f7f6 .stk-img-wrapper img{border-radius:999px !important;}@media screen and (max-width: 1023px){.stk-178f7f6 .stk-img-wrapper{height:auto !important;}}@media screen and (max-width: 767px){.stk-178f7f6 .stk-img-wrapper{height:auto !important;}}<\/style><figure><span class=\"stk-img-wrapper stk-image--shape-stretch\"><img loading=\"lazy\" decoding=\"async\" class=\"stk-img wp-image-1490\" src=\"https:\/\/aaportugal.org\/wp-content\/uploads\/2025\/09\/edwin-andrade-4V1dC_eoCwg-unsplash.jpg\" width=\"1000\" height=\"792\" srcset=\"https:\/\/aaportugal.org\/wp-content\/uploads\/2025\/09\/edwin-andrade-4V1dC_eoCwg-unsplash.jpg 1000w, https:\/\/aaportugal.org\/wp-content\/uploads\/2025\/09\/edwin-andrade-4V1dC_eoCwg-unsplash-300x238.jpg 300w, https:\/\/aaportugal.org\/wp-content\/uploads\/2025\/09\/edwin-andrade-4V1dC_eoCwg-unsplash-768x608.jpg 768w, https:\/\/aaportugal.org\/wp-content\/uploads\/2025\/09\/edwin-andrade-4V1dC_eoCwg-unsplash-15x12.jpg 15w, https:\/\/aaportugal.org\/wp-content\/uploads\/2025\/09\/edwin-andrade-4V1dC_eoCwg-unsplash-600x475.jpg 600w\" sizes=\"auto, (max-width: 1000px) 100vw, 1000px\" \/><\/span><\/figure><\/div>\n\n\n\n<div class=\"wp-block-stackable-heading stk-block-heading stk-block-heading--v2 stk-block stk-e1c8e9f\" id=\"c-title-3-placeholder\" data-block-id=\"e1c8e9f\"><h3 class=\"stk-block-heading__text has-text-align-center\">A Newcomer Asks<\/h3><\/div>\n\n\n\n<div class=\"wp-block-stackable-button-group stk-block-button-group stk-block stk-87da2a6\" data-block-id=\"87da2a6\"><div class=\"stk-row stk-inner-blocks has-text-align-center stk-block-content stk-button-group\">\n<div class=\"wp-block-stackable-button stk-block-button stk-block stk-f635265\" data-block-id=\"f635265\"><a class=\"stk-link stk-button stk--hover-effect-darken\" href=\"https:\/\/aaportugal.org\/en\/um-recem-chegado-pergunta\/\"><span class=\"stk-button__inner-text\">Learn more<\/span><\/a><\/div>\n<\/div><\/div>\n<\/div><\/div><\/div>\n<\/div><\/div>\n<\/div><\/div><\/div>\n<\/div><\/div>","protected":false},"excerpt":{"rendered":"<p>Informa\u00e7\u00e3o para o rec\u00e9m-chegado Se chegaste agora a Alco\u00f3licos An\u00f3nimos, estas reuni\u00f5es podem ser para ti. Clica numa reuni\u00e3o para veres mais detalhes. Reuni\u00e3o de Novos Step Meeting Tavira Tavira [&hellip;]<\/p>\n","protected":false},"author":1,"featured_media":0,"parent":0,"menu_order":0,"comment_status":"closed","ping_status":"closed","template":"","meta":{"site-sidebar-layout":"default","site-content-layout":"","ast-site-content-layout":"default","site-content-style":"default","site-sidebar-style":"default","ast-global-header-display":"","ast-banner-title-visibility":"","ast-main-header-display":"","ast-hfb-above-header-display":"","ast-hfb-below-header-display":"","ast-hfb-mobile-header-display":"","site-post-title":"disabled","ast-breadcrumbs-content":"","ast-featured-img":"","footer-sml-layout":"","ast-disable-related-posts":"","theme-transparent-header-meta":"","adv-header-id-meta":"","stick-header-meta":"","header-above-stick-meta":"","header-main-stick-meta":"","header-below-stick-meta":"","astra-migrate-meta-layouts":"default","ast-page-background-enabled":"default","ast-page-background-meta":{"desktop":{"background-color":"var(--ast-global-color-5)","background-image":"","background-repeat":"repeat","background-position":"center center","background-size":"auto","background-attachment":"scroll","background-type":"","background-media":"","overlay-type":"","overlay-color":"","overlay-opacity":"","overlay-gradient":""},"tablet":{"background-color":"","background-image":"","background-repeat":"repeat","background-position":"center center","background-size":"auto","background-attachment":"scroll","background-type":"","background-media":"","overlay-type":"","overlay-color":"","overlay-opacity":"","overlay-gradient":""},"mobile":{"background-color":"","background-image":"","background-repeat":"repeat","background-position":"center center","background-size":"auto","background-attachment":"scroll","background-type":"","background-media":"","overlay-type":"","overlay-color":"","overlay-opacity":"","overlay-gradient":""}},"ast-content-background-meta":{"desktop":{"background-color":"var(--ast-global-color-4)","background-image":"","background-repeat":"repeat","background-position":"center center","background-size":"auto","background-attachment":"scroll","background-type":"","background-media":"","overlay-type":"","overlay-color":"","overlay-opacity":"","overlay-gradient":""},"tablet":{"background-color":"var(--ast-global-color-4)","background-image":"","background-repeat":"repeat","background-position":"center center","background-size":"auto","background-attachment":"scroll","background-type":"","background-media":"","overlay-type":"","overlay-color":"","overlay-opacity":"","overlay-gradient":""},"mobile":{"background-color":"var(--ast-global-color-4)","background-image":"","background-repeat":"repeat","background-position":"center center","background-size":"auto","background-attachment":"scroll","background-type":"","background-media":"","overlay-type":"","overlay-color":"","overlay-opacity":"","overlay-gradient":""}},"_price":"","_stock":"","_tribe_ticket_header":"","_tribe_default_ticket_provider":"","_ticket_start_date":"","_ticket_end_date":"","_tribe_ticket_show_description":"","_tribe_ticket_show_not_going":false,"_tribe_ticket_use_global_stock":"","_tribe_ticket_global_stock_level":"","_global_stock_mode":"","_global_stock_cap":"","_tribe_rsvp_for_event":"","_tribe_ticket_going_count":"","_tribe_ticket_not_going_count":"","_tribe_tickets_list":"[]","_tribe_ticket_has_attendee_info_fields":false,"footnotes":"","_tec_slr_enabled":"","_tec_slr_layout":""},"class_list":["post-1472","page","type-page","status-publish","hentry"],"ticketed":false,"_links":{"self":[{"href":"https:\/\/aaportugal.org\/en\/wp-json\/wp\/v2\/pages\/1472","targetHints":{"allow":["GET"]}}],"collection":[{"href":"https:\/\/aaportugal.org\/en\/wp-json\/wp\/v2\/pages"}],"about":[{"href":"https:\/\/aaportugal.org\/en\/wp-json\/wp\/v2\/types\/page"}],"author":[{"embeddable":true,"href":"https:\/\/aaportugal.org\/en\/wp-json\/wp\/v2\/users\/1"}],"replies":[{"embeddable":true,"href":"https:\/\/aaportugal.org\/en\/wp-json\/wp\/v2\/comments?post=1472"}],"version-history":[{"count":30,"href":"https:\/\/aaportugal.org\/en\/wp-json\/wp\/v2\/pages\/1472\/revisions"}],"predecessor-version":[{"id":4506,"href":"https:\/\/aaportugal.org\/en\/wp-json\/wp\/v2\/pages\/1472\/revisions\/4506"}],"wp:attachment":[{"href":"https:\/\/aaportugal.org\/en\/wp-json\/wp\/v2\/media?parent=1472"}],"curies":[{"name":"wp","href":"https:\/\/api.w.org\/{rel}","templated":true}]}}